{"id":10694,"date":"2024-08-24T11:17:06","date_gmt":"2024-08-24T09:17:06","guid":{"rendered":"https:\/\/holdvolgy.com\/?page_id=10694"},"modified":"2025-11-19T12:39:26","modified_gmt":"2025-11-19T11:39:26","slug":"log-in","status":"publish","type":"page","link":"https:\/\/holdvolgy.com\/en\/log-in","title":{"rendered":"Login"},"content":{"rendered":"<div data-elementor-type=\"wp-page\" data-elementor-id=\"10694\" class=\"elementor elementor-10694\" data-elementor-post-type=\"page\">\n\t\t\t\t<div class=\"dce-visibility-event elementor-element elementor-element-1f4ff1d e-flex e-con-boxed e-con e-parent\" data-id=\"1f4ff1d\" data-element_type=\"container\" data-e-type=\"container\" data-settings=\"{&quot;enabled_visibility&quot;:&quot;yes&quot;,&quot;dce_visibility_selected&quot;:&quot;yes&quot;}\">\n\t\t\t\t\t<div class=\"e-con-inner\">\n\t\t<div class=\"elementor-element elementor-element-2bb5c36 e-con-full e-flex e-con e-child\" data-id=\"2bb5c36\" data-element_type=\"container\" data-e-type=\"container\">\n\t\t\t\t<div data-dce-title-color=\"#B8A689\" class=\"elementor-element elementor-element-159eece elementor-widget elementor-widget-heading\" data-id=\"159eece\" data-element_type=\"widget\" data-e-type=\"widget\" data-widget_type=\"heading.default\">\n\t\t\t\t<div class=\"elementor-widget-container\">\n\t\t\t\t\t<h1 class=\"elementor-heading-title elementor-size-default\">Login<\/h1>\t\t\t\t<\/div>\n\t\t\t\t<\/div>\n\t\t\t\t<div class=\"elementor-element elementor-element-8e6eb96 elementor-widget elementor-widget-heading\" data-id=\"8e6eb96\" data-element_type=\"widget\" data-e-type=\"widget\" data-widget_type=\"heading.default\">\n\t\t\t\t<div class=\"elementor-widget-container\">\n\t\t\t\t\t<h1 class=\"elementor-heading-title elementor-size-default\">\/<\/h1>\t\t\t\t<\/div>\n\t\t\t\t<\/div>\n\t\t\t\t<div class=\"elementor-element elementor-element-857de43 elementor-widget elementor-widget-heading\" data-id=\"857de43\" data-element_type=\"widget\" data-e-type=\"widget\" data-widget_type=\"heading.default\">\n\t\t\t\t<div class=\"elementor-widget-container\">\n\t\t\t\t\t<h1 class=\"elementor-heading-title elementor-size-default\"><a href=\"\/en\/registration\/\">Registration<\/a><\/h1>\t\t\t\t<\/div>\n\t\t\t\t<\/div>\n\t\t\t\t<\/div>\n\t\t\t\t<div class=\"elementor-element elementor-element-6874ef9 elementor-widget elementor-widget-shortcode\" data-id=\"6874ef9\" data-element_type=\"widget\" data-e-type=\"widget\" data-widget_type=\"shortcode.default\">\n\t\t\t\t<div class=\"elementor-widget-container\">\n\t\t\t\t\t\t\t<div class=\"elementor-shortcode\"><div class=\"nsl-container nsl-container-block\" data-align=\"left\"><div class=\"nsl-container-buttons\"><a href=\"https:\/\/holdvolgy.com\/wp-login.php?itsec-hb-token=hv-bejelentkezo-felulet&#038;loginSocial=facebook&#038;redirect=https%3A%2F%2Fholdvolgy.com%2Fen%2Fwp-json%2Fwp%2Fv2%2Fpages%2F10694\" rel=\"nofollow\" aria-label=\"Login &lt;b&gt;Facebook&lt;\/b&gt; fi&oacute;kkal\" data-plugin=\"nsl\" data-action=\"connect\" data-provider=\"facebook\" data-popupwidth=\"600\" data-popupheight=\"679\" data-e-disable-page-transition=\"1\"><div class=\"nsl-button nsl-button-default nsl-button-facebook\" data-skin=\"light\" style=\"background-color:#fff;\"><div class=\"nsl-button-svg-container\"><svg xmlns=\"http:\/\/www.w3.org\/2000\/svg\" viewbox=\"0 0 1365.3 1365.3\" height=\"24\" width=\"24\"><path d=\"M1365.3 682.7A682.7 682.7 0 10576 1357V880H402.7V682.7H576V532.3c0-171.1 102-265.6 257.9-265.6 74.6 0 152.8 13.3 152.8 13.3v168h-86.1c-84.8 0-111.3 52.6-111.3 106.6v128h189.4L948.4 880h-159v477a682.8 682.8 0 00576-674.3\" fill=\"#1877f2\"\/><path d=\"M948.4 880l30.3-197.3H789.3v-128c0-54 26.5-106.7 111.3-106.7h86V280s-78-13.3-152.7-13.3c-156 0-257.9 94.5-257.9 265.6v150.4H402.7V880H576v477a687.8 687.8 0 00213.3 0V880h159.1\" fill=\"#fff\"\/><\/svg><\/div><div class=\"nsl-button-label-container\">Login <b>Facebook<\/b> fi\u00f3kkal<\/div><\/div><\/a><a href=\"https:\/\/holdvolgy.com\/wp-login.php?itsec-hb-token=hv-bejelentkezo-felulet&#038;loginSocial=google&#038;redirect=https%3A%2F%2Fholdvolgy.com%2Fen%2Fwp-json%2Fwp%2Fv2%2Fpages%2F10694\" rel=\"nofollow\" aria-label=\"Login &lt;b&gt;Google&lt;\/b&gt; fi&oacute;kkal\" data-plugin=\"nsl\" data-action=\"connect\" data-provider=\"google\" data-popupwidth=\"600\" data-popupheight=\"600\" data-e-disable-page-transition=\"1\"><div class=\"nsl-button nsl-button-default nsl-button-google\" data-skin=\"light\" style=\"background-color:#fff;\"><div class=\"nsl-button-svg-container\"><svg xmlns=\"http:\/\/www.w3.org\/2000\/svg\" width=\"24\" height=\"24\" viewbox=\"0 0 24 24\"><path fill=\"#4285F4\" d=\"M20.64 12.2045c0-.6381-.0573-1.2518-.1636-1.8409H12v3.4814h4.8436c-.2086 1.125-.8427 2.0782-1.7959 2.7164v2.2581h2.9087c1.7018-1.5668 2.6836-3.874 2.6836-6.615z\"><\/path><path fill=\"#34A853\" d=\"M12 21c2.43 0 4.4673-.806 5.9564-2.1805l-2.9087-2.2581c-.8059.54-1.8368.859-3.0477.859-2.344 0-4.3282-1.5831-5.036-3.7104H3.9574v2.3318C5.4382 18.9832 8.4818 21 12 21z\"><\/path><path fill=\"#FBBC05\" d=\"M6.964 13.71c-.18-.54-.2822-1.1168-.2822-1.71s.1023-1.17.2823-1.71V7.9582H3.9573A8.9965 8.9965 0 0 0 3 12c0 1.4523.3477 2.8268.9573 4.0418L6.964 13.71z\"><\/path><path fill=\"#EA4335\" d=\"M12 6.5795c1.3214 0 2.5077.4541 3.4405 1.346l2.5813-2.5814C16.4632 3.8918 14.426 3 12 3 8.4818 3 5.4382 5.0168 3.9573 7.9582L6.964 10.29C7.6718 8.1627 9.6559 6.5795 12 6.5795z\"><\/path><\/svg><\/div><div class=\"nsl-button-label-container\">Login <b>Google<\/b> fi\u00f3kkal<\/div><\/div><\/a><\/div><\/div><\/div>\n\t\t\t\t\t\t<\/div>\n\t\t\t\t<\/div>\n\t\t\t\t<div class=\"elementor-element elementor-element-eca4f9f elementor-widget__width-initial elementor-widget elementor-widget-tp-wp-login-register\" data-id=\"eca4f9f\" data-element_type=\"widget\" data-e-type=\"widget\" data-widget_type=\"tp-wp-login-register.default\">\n\t\t\t\t<div class=\"elementor-widget-container\">\n\t\t\t\t\t<div class=\"tp-wp-lrcf\">\t\t\t\n\t\t\t\t<div id=\"lreca4f9f\" class=\"tp-user-login tp-user-login-skin-default\">\n\t\t\t\t\t<div class=\"elementor-form-fields-wrapper\">\t\t\t\t\t\t\n\t\t\t\t\t\t\t\t\t\t\t\t\t\t\t\t\n\t\t<form id=\"tp-user-loginlreca4f9f\" class=\"tp-form-stacked\" method=\"post\" action=\"\/en\/login\/\" data-trp-original-action=\"login\">\n\t\t\t<div class=\"tp-user-login-status\"><\/div>\n\t\t\t<div class=\"tp-field-group tp-l-lr-user-name\">\n\t\t\t\t<div class=\"tp-form-controls\"><input type=\"text\" name=\"log\" id=\"userlreca4f9f\" placeholder=\"E-mail c\u00edm vagy felhaszn\u00e1l\u00f3n\u00e9v\" class=\"tp-input\" required><\/div>\t\t\t<\/div>\n\n\t\t\t<div class=\"tp-field-group tp-l-lr-password\">\n\t\t\t\t<div class=\"tp-form-controls\"><input type=\"password\" name=\"pwd\" id=\"passwordlreca4f9f\" placeholder=\"Jelsz\u00f3\" class=\"tp-input\" required><\/div>\t\t\t<\/div>\n\n\t\t\t\t\t\t\t<div class=\"tp-field-group tp-remember-me\">\n\t\t\t\t\t<label for=\"remember-me-lreca4f9f\" class=\"tp-form-label\">\n\t\t\t\t\t\t<input type=\"checkbox\" id=\"remember-me-lreca4f9f\" class=\"tp-checkbox\" name=\"rememberme\" value=\"forever\"> \n\t\t\t\t\t\t<label class=\"remember-me-label\" for=\"remember-me-lreca4f9f\">Eml\u00e9kezz r\u00e1m<\/label>\n\t\t\t\t\t<\/label>\n\t\t\t\t<\/div>\n\t\t\t\t\t\t\n\t\t\t<div class=\"elementor-field-type-submit tp-field-group\">\n\t\t\t\t<button type=\"submit\" class=\"tp-button\" name=\"wp-submit\">\n\t\t\t\t\t\t\t\t\t\t\t<span>Login<\/span>\n\t\t\t\t\t\t\t\t\t<\/button>\n\t\t\t<\/div>\n\n\t\t\t\t\t\t\t<div class=\"tp-field-group  tp-user-login-password\">\n\t\t\t\t\t   \n\t\t\t\t\t\t\t\t\t\t\t<a  href=\"#\" class=\"tp-lost-password\">Elfelejtett jelsz\u00f3<\/a>\n\t\t\t\t\t\n\t\t\t\t\t\t\t\t\t\t\n\t\t\t\t<\/div>\n\t\t\t\t\t\t\n\t\t\t<input type=\"hidden\" id=\"tp-user-login-sc\" name=\"tp-user-login-sc\" value=\"ff72834238\" \/><input type=\"hidden\" name=\"_wp_http_referer\" value=\"\/en\/wp-json\/wp\/v2\/pages\/10694\" \/><div class=\"theplus-notification\"><div class=\"tp-lr-response\"><\/div><\/div>\t\t<input type=\"hidden\" name=\"trp-form-language\" value=\"en\"\/><\/form>\n\t\t\t\t\t<form id=\"tp-user-lost-passwordlreca4f9f\" class=\"tp-form-stacked-fp\" method=\"post\" action=\"\/en\/forgot-password\/\" data-trp-original-action=\"forgot-password\" >\n\t\t\t<a class=\"tp-lpu-back\"><svg xmlns=\"http:\/\/www.w3.org\/2000\/svg\" width=\"11\" height=\"20\" viewbox=\"0 0 11 20\" fill=\"none\"><path d=\"M10.1924 19.1924L1 10L10.1924 0.80761\" stroke=\"#BAA793\" stroke-linecap=\"square\"><\/path><\/svg><\/a>\t\t\t<span class=\"tp-forgot-password-label\"><p>\u00daj jelsz\u00f3 k\u00e9r\u00e9se<\/p><\/span>\t\t\t<div class=\"tp-ulp-input-group\">\n\t\t\t\t<input type=\"text\" name=\"user_login\" id=\"user_loginlreca4f9f\" placeholder=\"E-mail c\u00edm vagy felhaszn\u00e1l\u00f3n\u00e9v\" class=\"tp-input\" required>\n\t\t\t<\/div>\n\t\t\t<div class=\"itsec-recaptcha-opt-in\"><p>For security, use of Google's reCAPTCHA service is required which is subject to the Google <a href=\"https:\/\/policies.google.com\/privacy\">Privacy Policy<\/a> and <a href=\"https:\/\/policies.google.com\/terms\">Terms of Use<\/a>.<\/p><p><label class=\"itsec-recaptcha-opt-in__agree\"><input type=\"checkbox\"\/>I agree to these terms (required).<\/label><\/p><script type=\"text-template\" class=\"itsec-recaptcha-opt-in__template\"><input type=\"hidden\" name=\"g-recaptcha-response\" class=\"itsec-g-recaptcha\" data-action=\"reset_pass\"><\/script><\/div>\t\t\t<input type=\"hidden\" name=\"_tp_login_form\" value=\"lostPassword\">\n\t\t\t<button type=\"submit\" class=\"tp-button-fp\">\u00daj jelsz\u00f3 k\u00e9r\u00e9se<\/button>\t\t\t\n\t\t\t<div class=\"theplus-notification\"><div class=\"tp-lr-response\"><\/div><\/div>\n\t\t\t\n\t\t<input type=\"hidden\" name=\"trp-form-language\" value=\"en\"\/><\/form>\n\t\t\n\t\t\t\t<script type=\"text\/javascript\">\n\t\t\tjQuery(document).ready(function($) {\n\t\t\t\t\n\t\t\t\tvar forgot_pass_form = 'form#tp-user-lost-passwordlreca4f9f';\n\t\t\t\tvar fp_loading_text='<span class=\"loading-spinner-fp\"><i class=\"fas fa-spinner fa-pulse fa-3x fa-fw\"><\/i><\/span>K\u00e9r\u00fcnk v\u00e1rj...';\n\t\t\t\tvar fp_loading='<span class=\"loading-spinner-reg\"><i class=\"far fa-times-circle\" aria-hidden=\"true\"><\/i><\/span>';\n\t\t\t\tvar fp_correct_email='<span class=\"loading-spinner-reg\"><i class=\"far fa-envelope\" aria-hidden=\"true\"><\/i><\/span>Siker! K\u00e9r\u00fcnk ellen\u0151rizd az e-mail fi\u00f3kodat.';\n\t\t\t\tvar fp_err_msg='<span class=\"loading-spinner-reg\"><i class=\"far fa-envelope\" aria-hidden=\"true\"><\/i><\/span>Valami hiba t\u00f6rt\u00e9nt.';\n\t\t\t\t\n\t\t\t\t$(forgot_pass_form).on('submit', function(e){\n\t\t\t\t\t$.ajax({\n\t\t\t\t\t\ttype: 'POST',\n\t\t\t\t\t\tdataType: 'json',\n\t\t\t\t\t\turl: theplus_ajax_url,\n\t\t\t\t\t\tdata: { \n\t\t\t\t\t\t\t'action': 'theplus_ajax_forgot_password',\n\t\t\t\t\t\t\t'user_login': $(forgot_pass_form + ' #user_loginlreca4f9f').val(),\n\t\t\t\t\t\t\t'tpforgotdata': 'V1gybXUvV1d4alZZZzB6Z01UeVU0clEwRmtVUk1TUi82R3VVS2FLaEJkcm1qbWNkYkE4SzZiTkQvdXRkOU9xUjFOWFFQd1NQZWp3WkJ2amdGSjlUQVNzckpRYjl1dlFJLzlhdmZtU0xhWFZkSkpYa2l0cmwwM3REUm13ZW1QRG8rMVF6MEtTc2pVRm51L2o4ZjQzLzMyTlJRYXRxVklyWXM4THlvU1R4SW01TVozK1ovelp6c1VpMVBVREllUUEybTRFZmxVeWhhSlc1aElUQnNhQXlzaUIvRk11b0hOWkpSczE2eUJYYkFRODVmUzZSWlBzYk1mMjY2bVhWSkJHeTZyd0lEcWtzZVRVTlNhOHpRd1VMRkRZZDl2cy8vdVM3bmVwSUZ4Z3lyQ2NlYUJJd3diWXV2TXBJdk9lSi9LbUJRSTRIZEpZQkVkUUV3ZmNCcXpjYXNTRnVZNUkwTzhjREQweWd5SDhxbC9UM20zaG0vb3d5MnZzK1JaRHA0TjFsS0w5bU43L1Vlbm5FNmMwVWVNUnRndz09',\n\t\t\t\t\t\t},\n\t\t\t\t\t\tbeforeSend: function(){\t\t\t\t\t\t\t\n\t\t\t\t\t\t\t$(\"#tp-user-lost-passwordlreca4f9f .theplus-notification\").addClass(\"active\");\n\t\t\t\t\t\t\t$(\"#tp-user-lost-passwordlreca4f9f .theplus-notification .tp-lr-response\").html(fp_loading_text);\n\t\t\t\t\t\t},\n\t\t\t\t\t\tsuccess: function(data) {\n\t\t\t\t\t\t\n\t\t\t\t\t\t\t\tif(data.message){\n\t\t\t\t\t\t\t\t\t$(\"#tp-user-lost-passwordlreca4f9f .theplus-notification\").addClass(\"active\");\n\t\t\t\t\t\t\t\t\t$(\"#tp-user-lost-passwordlreca4f9f .theplus-notification .tp-lr-response\").html(fp_loading + data.message);\n\t\t\t\t\t\t\t\t}else{\n\t\t\t\t\t\t\t\t\t$(\"#tp-user-lost-passwordlreca4f9f .theplus-notification\").addClass(\"active\");\n\t\t\t\t\t\t\t\t\t$(\"#tp-user-lost-passwordlreca4f9f .theplus-notification .tp-lr-response\").html(fp_loading + 'Is Not Working Server Issue...');\n\t\t\t\t\t\t\t\t}\n\t\t\t\t\t\t},\n\t\t\t\t\t\tcomplete: function(){\n\t\t\t\t\t\t\tsetTimeout(function(){\n\t\t\t\t\t\t\t\t$(\"#tp-user-lost-passwordlreca4f9f .theplus-notification\").removeClass(\"active\");\t\n\t\t\t\t\t\t\t}, 3200);\n\t\t\t\t\t\t}\n\t\t\t\t\t});\n\t\t\t\t\te.preventDefault();\n\t\t\t\t\t\n\t\t\t\t});\n\t\t\t\n\t\t\t});\n\t\t<\/script>\n\t\t\t\t\t\t\t<\/div>\n\t\t\t\t<\/div>\n\t\t\t\t\t\t\t\n\t\t<script type=\"text\/javascript\">\n\t\t\tjQuery(document).ready(function($) {\t\t\t\t\n\t\t\t\t\/\/login start\n\t\t\t\tvar login_form = 'form#tp-user-loginlreca4f9f';\n\t\t\t\tvar loading_text='<span class=\"loading-spinner-log\"><i class=\"fas fa-spinner fa-pulse fa-3x fa-fw\"><\/i><\/span>K\u00e9r\u00fcnk v\u00e1rj!';\n\t\t\t\tvar notverify='<span class=\"loading-spinner-log\"><i class=\"far fa-times-circle\" aria-hidden=\"true\"><\/i><\/span>Az e-mail c\u00edm vagy a jelsz\u00f3 hib\u00e1s.';\n\t\t\t\tvar incorrect_text='<span class=\"loading-spinner-log\"><i class=\"far fa-times-circle\" aria-hidden=\"true\"><\/i><\/span>Valami hiba t\u00f6rt\u00e9nt';\n\t\t\t\tvar correct_text='<span class=\"loading-spinner-log\"><i class=\"far fa-envelope\" aria-hidden=\"true\"><\/i><\/span>Sikeres bejelentkez\u00e9s.';\n\t\t\t\t\t\t\t\n\t\t\t\t\n\t\t\t\t$(login_form).on('submit', function(e){\t\t\t        \n\t\t\t\t\t$.ajax({\n\t\t\t\t\t\ttype: 'POST',\n\t\t\t\t\t\tdataType: 'json',\n\t\t\t\t\t\turl: theplus_ajax_url,\n\t\t\t\t\t\tdata: { \n\t\t\t\t\t\t\t'action': 'theplus_ajax_login',\n\t\t\t\t\t\t\t'username': $(login_form + ' #userlreca4f9f').val(), \n\t\t\t\t\t\t\t'password': $(login_form + ' #passwordlreca4f9f').val(), \n\t\t\t\t\t\t\t'security': $(login_form + ' #tp-user-login-sc').val() \n\t\t\t\t\t\t},\n\t\t\t\t\t\tbeforeSend: function(){\t\t\t\t\t\t\t\n\t\t\t\t\t\t\t$(\"#tp-user-loginlreca4f9f .theplus-notification\").addClass(\"active\");\n\t\t\t\t\t\t\t$(\"#tp-user-loginlreca4f9f .theplus-notification .tp-lr-response\").html(loading_text);\n\t\t\t\t\t\t},\n\t\t\t\t\t\tsuccess: function(data) {\t\t\t\t\t\t\t\n\t\t\t\t\t\t\tif (data.loggedin == true){\n\t\t\t\t\t\t\t\t$(\"#tp-user-loginlreca4f9f .theplus-notification\").addClass(\"active\");\n\t\t\t\t\t\t\t\t$(\"#tp-user-loginlreca4f9f .theplus-notification .tp-lr-response\").html(correct_text);\n\t\t\t\t\t\t\t\tdocument.location.href = '\/fiokom\/orders\/';\n\t\t\t\t\t\t\t} else {\n\t\t\t\t\t\t\t\t$(\"#tp-user-loginlreca4f9f .theplus-notification\").addClass(\"active\");\n\t\t\t\t\t\t\t\t$(\"#tp-user-loginlreca4f9f .theplus-notification .tp-lr-response\").html(notverify);\n\t\t\t\t\t\t\t}\n\t\t\t\t\t\t},\n\t\t\t\t\t\terror: function(data) {\n\t\t\t\t\t\t\t$(\"#tp-user-loginlreca4f9f .theplus-notification\").addClass(\"active\");\n\t\t\t\t\t\t\t$(\"#tp-user-loginlreca4f9f .theplus-notification .tp-lr-response\").html(incorrect_text);\n\t\t\t\t\t\t},\n\t\t\t\t\t\tcomplete: function(){\n\t\t\t\t\t\t\tsetTimeout(function(){\n\t\t\t\t\t\t\t\t\t\t$(\"#tp-user-loginlreca4f9f .theplus-notification\").removeClass(\"active\");\t\n\t\t\t\t\t\t\t\t\t}, 1500);\n\t\t\t\t\t\t}\n\t\t\t\t\t});\n\t\t\t\t\te.preventDefault();\n\t\t\t\t\n\t\t\t\t});\n\t\t\t\t\n\t\t\t\t\/*hover*\/\t\t\t\t\n\t\t\t\t$(\"#lreca4f9f.tp-user-login.tp-user-login-skin-dropdown,#lreca4f9f.tp-user-login.tp-user-login-skin-dropdown .lr-extra-div\").on( \"mouseenter\",function() {\n\t\t\t\t\t$('#lreca4f9f.tp-user-login.tp-user-login-skin-dropdown .lr-extra-div').show('slow')\n\t\t\t\t}).on( \"mouseleave\",function() {\n\t\t\t\t\tsetTimeout(function() {\n\t\t\t\t\tif(!($('#lreca4f9f.tp-user-login.tp-user-login-skin-dropdown:hover').length > 0))\n\t\t\t\t\t\t$('#lreca4f9f.tp-user-login.tp-user-login-skin-dropdown .lr-extra-div').hide('slow');\n\t\t\t\t\t}, 200);\n\t\t\t\t});\n\t\t\t\t\/*hover*\/\n\t\t\t\t\/*click popup*\/\n\t\t\t\t$(\"#lreca4f9f.tp-user-login .tp-lr-model-btn\").on(\"click\",function(){\n\t\t\t\t\t$(\"#lreca4f9f.tp-user-login.tp-user-login-skin-modal .tp-modal-dialog\").toggle('slow');\n\t\t\t\t});\n\t\t\t\t\/*close icon*\/\n\t\t\t\t$(\"#lreca4f9f.tp-user-login .lr-close-custom_img\").on(\"click\",function(){\t\t\t\t\t\n\t\t\t\t\t$(\"#lreca4f9f.tp-user-login.tp-user-login-skin-modal .tp-modal-dialog\").toggle('slow');\t\t\t\t\t\n\t\t\t\t});\n\t\t\t\t\n\t\t\t\t\/*close icon*\/\n\t\t\t\t\/*click popup*\/\n\t\t\t\t\/*popup*\/\n\t\t\t\t$('#lreca4f9f.tp-user-login.tp-user-login-skin-popup .tp-ulsp-trigger').on(\"click\",function() {\n\t\t\t\t\t$('#lreca4f9f.tp-user-login.tp-user-login-skin-popup .tp-modal-wrapper').toggleClass('open');\n\t\t\t\t\t$('#lreca4f9f.tp-user-login.tp-user-login-skin-popup .tp-ulsp-page-wrapper').toggleClass('blur');\n\t\t\t\t\treturn false;\n\t\t\t\t\t});\n\t\t\t\t\/*popup*\/\n\t\t\t\n\t\t\t\t\/*lost password*\/\n\t\t\t\t\t$(\"#tp-user-loginlreca4f9f .tp-lost-password\").on(\"click\",function(){\t\t\t\t\t\n\t\t\t\t\t\t$(\"#tp-user-lost-passwordlreca4f9f.tp-form-stacked-fp \").toggle();\n\t\t\t\t\t});\n\t\t\t\t\t  \n\t\t\t\t\t\/*back*\/\n\t\t\t\t\t$(\"#tp-user-lost-passwordlreca4f9f.tp-form-stacked-fp .tp-lpu-back\").on(\"click\",function(){\t\t\t\t\t\n\t\t\t\t\t\t$(\"#tp-user-lost-passwordlreca4f9f.tp-form-stacked-fp\").hide();\n\t\t\t\t\t});\n\t\t\t\t\t\/*back*\/\n\t\t\t\t\/*lost password*\/\n\t\t\t});\n\t\t<\/script>\n\t\t\t\t\t\t\n\t\t<\/div>\n\t\t\t\t\t\t<\/div>\n\t\t\t\t<\/div>\n\t\t\t\t\t<\/div>\n\t\t\t\t<\/div>\n\t\t<!-- dce invisible element da92ab0 -->\t\t<\/div>","protected":false},"excerpt":{"rendered":"<p>LOGIN \/ REGISTRATION You are already logged in<\/p>","protected":false},"author":2,"featured_media":0,"parent":0,"menu_order":0,"comment_status":"closed","ping_status":"closed","template":"","meta":{"_acf_changed":false,"_seopress_robots_primary_cat":"","_seopress_titles_title":"","_seopress_titles_desc":"","_seopress_robots_index":"","iawp_total_views":212,"footnotes":""},"class_list":["post-10694","page","type-page","status-publish","hentry"],"acf":[],"_hostinger_reach_plugin_has_subscription_block":false,"_hostinger_reach_plugin_is_elementor":false,"_links":{"self":[{"href":"https:\/\/holdvolgy.com\/en\/wp-json\/wp\/v2\/pages\/10694","targetHints":{"allow":["GET"]}}],"collection":[{"href":"https:\/\/holdvolgy.com\/en\/wp-json\/wp\/v2\/pages"}],"about":[{"href":"https:\/\/holdvolgy.com\/en\/wp-json\/wp\/v2\/types\/page"}],"author":[{"embeddable":true,"href":"https:\/\/holdvolgy.com\/en\/wp-json\/wp\/v2\/users\/2"}],"replies":[{"embeddable":true,"href":"https:\/\/holdvolgy.com\/en\/wp-json\/wp\/v2\/comments?post=10694"}],"version-history":[{"count":0,"href":"https:\/\/holdvolgy.com\/en\/wp-json\/wp\/v2\/pages\/10694\/revisions"}],"wp:attachment":[{"href":"https:\/\/holdvolgy.com\/en\/wp-json\/wp\/v2\/media?parent=10694"}],"curies":[{"name":"wp","href":"https:\/\/api.w.org\/{rel}","templated":true}]}}