{"id":14456,"date":"2024-11-06T09:42:30","date_gmt":"2024-11-06T08:42:30","guid":{"rendered":"https:\/\/holdvolgy.com\/?page_id=14456"},"modified":"2024-11-06T09:47:47","modified_gmt":"2024-11-06T08:47:47","slug":"karacsonyi-uzenokartyak","status":"publish","type":"page","link":"https:\/\/holdvolgy.com\/en\/karacsonyi-uzenokartyak","title":{"rendered":"Kar\u00e1csonyi \u00fczen\u0151k\u00e1rty\u00e1k"},"content":{"rendered":"<div data-elementor-type=\"wp-page\" data-elementor-id=\"14456\" class=\"elementor elementor-14456\" data-elementor-post-type=\"page\">\n\t\t\t\t<div class=\"elementor-element elementor-element-8894d12 e-flex e-con-boxed e-con e-parent\" data-id=\"8894d12\" data-element_type=\"container\" data-e-type=\"container\">\n\t\t\t\t\t<div class=\"e-con-inner\">\n\t\t\t\t<div data-dce-title-color=\"#1D1D1B\" class=\"elementor-element elementor-element-01fedb6 elementor-widget elementor-widget-heading\" data-id=\"01fedb6\" data-element_type=\"widget\" data-e-type=\"widget\" data-widget_type=\"heading.default\">\n\t\t\t\t<div class=\"elementor-widget-container\">\n\t\t\t\t\t<h2 class=\"elementor-heading-title elementor-size-default\">Kar\u00e1csonyi \u00fczen\u0151k\u00e1rty\u00e1k<\/h2>\t\t\t\t<\/div>\n\t\t\t\t<\/div>\n\t\t\t\t\t<\/div>\n\t\t\t\t<\/div>\n\t\t<div class=\"elementor-element elementor-element-acb624c e-grid e-con-boxed e-con e-parent\" data-id=\"acb624c\" data-element_type=\"container\" data-e-type=\"container\">\n\t\t\t\t\t<div class=\"e-con-inner\">\n\t\t\t\t<div class=\"elementor-element elementor-element-7a7d1ec elementor-widget elementor-widget-image\" data-id=\"7a7d1ec\" data-element_type=\"widget\" data-e-type=\"widget\" data-widget_type=\"image.default\">\n\t\t\t\t<div class=\"elementor-widget-container\">\n\t\t\t\t\t\t\t\t\t\t\t\t\t\t\t\t<a href=\"https:\/\/holdvolgy.com\/wp-content\/uploads\/2024\/11\/hh_sweet_card_08.pdf\">\n\t\t\t\t\t\t\t<img fetchpriority=\"high\" decoding=\"async\" width=\"800\" height=\"800\" src=\"https:\/\/holdvolgy.com\/wp-content\/uploads\/2024\/11\/hh_sweet_card_08.png\" class=\"attachment-large size-large wp-image-14477\" alt=\"\" srcset=\"https:\/\/holdvolgy.com\/wp-content\/uploads\/2024\/11\/hh_sweet_card_08.png 800w, https:\/\/holdvolgy.com\/wp-content\/uploads\/2024\/11\/hh_sweet_card_08-300x300.png 300w, https:\/\/holdvolgy.com\/wp-content\/uploads\/2024\/11\/hh_sweet_card_08-150x150.png 150w, https:\/\/holdvolgy.com\/wp-content\/uploads\/2024\/11\/hh_sweet_card_08-768x768.png 768w, https:\/\/holdvolgy.com\/wp-content\/uploads\/2024\/11\/hh_sweet_card_08-12x12.png 12w, https:\/\/holdvolgy.com\/wp-content\/uploads\/2024\/11\/hh_sweet_card_08-700x700.png 700w, https:\/\/holdvolgy.com\/wp-content\/uploads\/2024\/11\/hh_sweet_card_08-100x100.png 100w, https:\/\/holdvolgy.com\/wp-content\/uploads\/2024\/11\/hh_sweet_card_08-50x50.png 50w\" sizes=\"(max-width: 800px) 100vw, 800px\" \/>\t\t\t\t\t\t\t\t<\/a>\n\t\t\t\t\t\t\t\t\t\t\t\t\t\t\t<\/div>\n\t\t\t\t<\/div>\n\t\t\t\t<div class=\"elementor-element elementor-element-d4e5c86 elementor-widget elementor-widget-image\" data-id=\"d4e5c86\" data-element_type=\"widget\" data-e-type=\"widget\" data-widget_type=\"image.default\">\n\t\t\t\t<div class=\"elementor-widget-container\">\n\t\t\t\t\t\t\t\t\t\t\t\t\t\t\t\t<a href=\"https:\/\/holdvolgy.com\/wp-content\/uploads\/2024\/11\/hh_sweet_card_07.pdf\">\n\t\t\t\t\t\t\t<img decoding=\"async\" width=\"800\" height=\"800\" src=\"https:\/\/holdvolgy.com\/wp-content\/uploads\/2024\/11\/hh_sweet_card_07.png\" class=\"attachment-large size-large wp-image-14476\" alt=\"\" srcset=\"https:\/\/holdvolgy.com\/wp-content\/uploads\/2024\/11\/hh_sweet_card_07.png 800w, https:\/\/holdvolgy.com\/wp-content\/uploads\/2024\/11\/hh_sweet_card_07-300x300.png 300w, https:\/\/holdvolgy.com\/wp-content\/uploads\/2024\/11\/hh_sweet_card_07-150x150.png 150w, https:\/\/holdvolgy.com\/wp-content\/uploads\/2024\/11\/hh_sweet_card_07-768x768.png 768w, https:\/\/holdvolgy.com\/wp-content\/uploads\/2024\/11\/hh_sweet_card_07-12x12.png 12w, https:\/\/holdvolgy.com\/wp-content\/uploads\/2024\/11\/hh_sweet_card_07-700x700.png 700w, https:\/\/holdvolgy.com\/wp-content\/uploads\/2024\/11\/hh_sweet_card_07-100x100.png 100w, https:\/\/holdvolgy.com\/wp-content\/uploads\/2024\/11\/hh_sweet_card_07-50x50.png 50w\" sizes=\"(max-width: 800px) 100vw, 800px\" \/>\t\t\t\t\t\t\t\t<\/a>\n\t\t\t\t\t\t\t\t\t\t\t\t\t\t\t<\/div>\n\t\t\t\t<\/div>\n\t\t\t\t<div class=\"elementor-element elementor-element-1698be7 elementor-widget elementor-widget-image\" data-id=\"1698be7\" data-element_type=\"widget\" data-e-type=\"widget\" data-widget_type=\"image.default\">\n\t\t\t\t<div class=\"elementor-widget-container\">\n\t\t\t\t\t\t\t\t\t\t\t\t\t\t\t\t<a href=\"https:\/\/holdvolgy.com\/wp-content\/uploads\/2024\/11\/hh_sweet_card_06.pdf\">\n\t\t\t\t\t\t\t<img decoding=\"async\" width=\"800\" height=\"800\" src=\"https:\/\/holdvolgy.com\/wp-content\/uploads\/2024\/11\/hh_sweet_card_06.png\" class=\"attachment-large size-large wp-image-14475\" alt=\"\" srcset=\"https:\/\/holdvolgy.com\/wp-content\/uploads\/2024\/11\/hh_sweet_card_06.png 800w, https:\/\/holdvolgy.com\/wp-content\/uploads\/2024\/11\/hh_sweet_card_06-300x300.png 300w, https:\/\/holdvolgy.com\/wp-content\/uploads\/2024\/11\/hh_sweet_card_06-150x150.png 150w, https:\/\/holdvolgy.com\/wp-content\/uploads\/2024\/11\/hh_sweet_card_06-768x768.png 768w, https:\/\/holdvolgy.com\/wp-content\/uploads\/2024\/11\/hh_sweet_card_06-12x12.png 12w, https:\/\/holdvolgy.com\/wp-content\/uploads\/2024\/11\/hh_sweet_card_06-700x700.png 700w, https:\/\/holdvolgy.com\/wp-content\/uploads\/2024\/11\/hh_sweet_card_06-100x100.png 100w, https:\/\/holdvolgy.com\/wp-content\/uploads\/2024\/11\/hh_sweet_card_06-50x50.png 50w\" sizes=\"(max-width: 800px) 100vw, 800px\" \/>\t\t\t\t\t\t\t\t<\/a>\n\t\t\t\t\t\t\t\t\t\t\t\t\t\t\t<\/div>\n\t\t\t\t<\/div>\n\t\t\t\t<div class=\"elementor-element elementor-element-5da3271 elementor-widget elementor-widget-image\" data-id=\"5da3271\" data-element_type=\"widget\" data-e-type=\"widget\" data-widget_type=\"image.default\">\n\t\t\t\t<div class=\"elementor-widget-container\">\n\t\t\t\t\t\t\t\t\t\t\t\t\t\t\t\t<a href=\"https:\/\/holdvolgy.com\/wp-content\/uploads\/2024\/11\/hh_sweet_card_05.pdf\">\n\t\t\t\t\t\t\t<img loading=\"lazy\" decoding=\"async\" width=\"800\" height=\"800\" src=\"https:\/\/holdvolgy.com\/wp-content\/uploads\/2024\/11\/hh_sweet_card_05.png\" class=\"attachment-large size-large wp-image-14474\" alt=\"\" srcset=\"https:\/\/holdvolgy.com\/wp-content\/uploads\/2024\/11\/hh_sweet_card_05.png 800w, https:\/\/holdvolgy.com\/wp-content\/uploads\/2024\/11\/hh_sweet_card_05-300x300.png 300w, https:\/\/holdvolgy.com\/wp-content\/uploads\/2024\/11\/hh_sweet_card_05-150x150.png 150w, https:\/\/holdvolgy.com\/wp-content\/uploads\/2024\/11\/hh_sweet_card_05-768x768.png 768w, https:\/\/holdvolgy.com\/wp-content\/uploads\/2024\/11\/hh_sweet_card_05-12x12.png 12w, https:\/\/holdvolgy.com\/wp-content\/uploads\/2024\/11\/hh_sweet_card_05-700x700.png 700w, https:\/\/holdvolgy.com\/wp-content\/uploads\/2024\/11\/hh_sweet_card_05-100x100.png 100w, https:\/\/holdvolgy.com\/wp-content\/uploads\/2024\/11\/hh_sweet_card_05-50x50.png 50w\" sizes=\"(max-width: 800px) 100vw, 800px\" \/>\t\t\t\t\t\t\t\t<\/a>\n\t\t\t\t\t\t\t\t\t\t\t\t\t\t\t<\/div>\n\t\t\t\t<\/div>\n\t\t\t\t<div class=\"elementor-element elementor-element-2f23174 elementor-widget elementor-widget-image\" data-id=\"2f23174\" data-element_type=\"widget\" data-e-type=\"widget\" data-widget_type=\"image.default\">\n\t\t\t\t<div class=\"elementor-widget-container\">\n\t\t\t\t\t\t\t\t\t\t\t\t\t\t\t\t<a href=\"https:\/\/holdvolgy.com\/wp-content\/uploads\/2024\/11\/hh_sweet_card_04.pdf\">\n\t\t\t\t\t\t\t<img loading=\"lazy\" decoding=\"async\" width=\"800\" height=\"800\" src=\"https:\/\/holdvolgy.com\/wp-content\/uploads\/2024\/11\/hh_sweet_card_04.png\" class=\"attachment-large size-large wp-image-14473\" alt=\"\" srcset=\"https:\/\/holdvolgy.com\/wp-content\/uploads\/2024\/11\/hh_sweet_card_04.png 800w, https:\/\/holdvolgy.com\/wp-content\/uploads\/2024\/11\/hh_sweet_card_04-300x300.png 300w, https:\/\/holdvolgy.com\/wp-content\/uploads\/2024\/11\/hh_sweet_card_04-150x150.png 150w, https:\/\/holdvolgy.com\/wp-content\/uploads\/2024\/11\/hh_sweet_card_04-768x768.png 768w, https:\/\/holdvolgy.com\/wp-content\/uploads\/2024\/11\/hh_sweet_card_04-12x12.png 12w, https:\/\/holdvolgy.com\/wp-content\/uploads\/2024\/11\/hh_sweet_card_04-700x700.png 700w, https:\/\/holdvolgy.com\/wp-content\/uploads\/2024\/11\/hh_sweet_card_04-100x100.png 100w, https:\/\/holdvolgy.com\/wp-content\/uploads\/2024\/11\/hh_sweet_card_04-50x50.png 50w\" sizes=\"(max-width: 800px) 100vw, 800px\" \/>\t\t\t\t\t\t\t\t<\/a>\n\t\t\t\t\t\t\t\t\t\t\t\t\t\t\t<\/div>\n\t\t\t\t<\/div>\n\t\t\t\t<div class=\"elementor-element elementor-element-72e6cf4 elementor-widget elementor-widget-image\" data-id=\"72e6cf4\" data-element_type=\"widget\" data-e-type=\"widget\" data-widget_type=\"image.default\">\n\t\t\t\t<div class=\"elementor-widget-container\">\n\t\t\t\t\t\t\t\t\t\t\t\t\t\t\t\t<a href=\"https:\/\/holdvolgy.com\/wp-content\/uploads\/2024\/11\/hh_sweet_card_02.pdf\">\n\t\t\t\t\t\t\t<img loading=\"lazy\" decoding=\"async\" width=\"800\" height=\"800\" src=\"https:\/\/holdvolgy.com\/wp-content\/uploads\/2024\/11\/hh_sweet_card_02.png\" class=\"attachment-large size-large wp-image-14471\" alt=\"\" srcset=\"https:\/\/holdvolgy.com\/wp-content\/uploads\/2024\/11\/hh_sweet_card_02.png 800w, https:\/\/holdvolgy.com\/wp-content\/uploads\/2024\/11\/hh_sweet_card_02-300x300.png 300w, https:\/\/holdvolgy.com\/wp-content\/uploads\/2024\/11\/hh_sweet_card_02-150x150.png 150w, https:\/\/holdvolgy.com\/wp-content\/uploads\/2024\/11\/hh_sweet_card_02-768x768.png 768w, https:\/\/holdvolgy.com\/wp-content\/uploads\/2024\/11\/hh_sweet_card_02-12x12.png 12w, https:\/\/holdvolgy.com\/wp-content\/uploads\/2024\/11\/hh_sweet_card_02-700x700.png 700w, https:\/\/holdvolgy.com\/wp-content\/uploads\/2024\/11\/hh_sweet_card_02-100x100.png 100w, https:\/\/holdvolgy.com\/wp-content\/uploads\/2024\/11\/hh_sweet_card_02-50x50.png 50w\" sizes=\"(max-width: 800px) 100vw, 800px\" \/>\t\t\t\t\t\t\t\t<\/a>\n\t\t\t\t\t\t\t\t\t\t\t\t\t\t\t<\/div>\n\t\t\t\t<\/div>\n\t\t\t\t<div class=\"elementor-element elementor-element-41986a7 elementor-widget elementor-widget-image\" data-id=\"41986a7\" data-element_type=\"widget\" data-e-type=\"widget\" data-widget_type=\"image.default\">\n\t\t\t\t<div class=\"elementor-widget-container\">\n\t\t\t\t\t\t\t\t\t\t\t\t\t\t\t\t<a href=\"https:\/\/holdvolgy.com\/wp-content\/uploads\/2024\/11\/hh_sweet_card_03.pdf\">\n\t\t\t\t\t\t\t<img loading=\"lazy\" decoding=\"async\" width=\"800\" height=\"800\" src=\"https:\/\/holdvolgy.com\/wp-content\/uploads\/2024\/11\/hh_sweet_card_03.png\" class=\"attachment-large size-large wp-image-14472\" alt=\"\" srcset=\"https:\/\/holdvolgy.com\/wp-content\/uploads\/2024\/11\/hh_sweet_card_03.png 800w, https:\/\/holdvolgy.com\/wp-content\/uploads\/2024\/11\/hh_sweet_card_03-300x300.png 300w, https:\/\/holdvolgy.com\/wp-content\/uploads\/2024\/11\/hh_sweet_card_03-150x150.png 150w, https:\/\/holdvolgy.com\/wp-content\/uploads\/2024\/11\/hh_sweet_card_03-768x768.png 768w, https:\/\/holdvolgy.com\/wp-content\/uploads\/2024\/11\/hh_sweet_card_03-12x12.png 12w, https:\/\/holdvolgy.com\/wp-content\/uploads\/2024\/11\/hh_sweet_card_03-700x700.png 700w, https:\/\/holdvolgy.com\/wp-content\/uploads\/2024\/11\/hh_sweet_card_03-100x100.png 100w, https:\/\/holdvolgy.com\/wp-content\/uploads\/2024\/11\/hh_sweet_card_03-50x50.png 50w\" sizes=\"(max-width: 800px) 100vw, 800px\" \/>\t\t\t\t\t\t\t\t<\/a>\n\t\t\t\t\t\t\t\t\t\t\t\t\t\t\t<\/div>\n\t\t\t\t<\/div>\n\t\t\t\t<div class=\"elementor-element elementor-element-9854a04 elementor-widget elementor-widget-image\" data-id=\"9854a04\" data-element_type=\"widget\" data-e-type=\"widget\" data-widget_type=\"image.default\">\n\t\t\t\t<div class=\"elementor-widget-container\">\n\t\t\t\t\t\t\t\t\t\t\t\t\t\t\t\t<a href=\"https:\/\/holdvolgy.com\/wp-content\/uploads\/2024\/11\/hh_sweet_card_01.png\">\n\t\t\t\t\t\t\t<img loading=\"lazy\" decoding=\"async\" width=\"800\" height=\"800\" src=\"https:\/\/holdvolgy.com\/wp-content\/uploads\/2024\/11\/hh_sweet_card_01.png\" class=\"attachment-large size-large wp-image-14470\" alt=\"\" srcset=\"https:\/\/holdvolgy.com\/wp-content\/uploads\/2024\/11\/hh_sweet_card_01.png 800w, https:\/\/holdvolgy.com\/wp-content\/uploads\/2024\/11\/hh_sweet_card_01-300x300.png 300w, https:\/\/holdvolgy.com\/wp-content\/uploads\/2024\/11\/hh_sweet_card_01-150x150.png 150w, https:\/\/holdvolgy.com\/wp-content\/uploads\/2024\/11\/hh_sweet_card_01-768x768.png 768w, https:\/\/holdvolgy.com\/wp-content\/uploads\/2024\/11\/hh_sweet_card_01-12x12.png 12w, https:\/\/holdvolgy.com\/wp-content\/uploads\/2024\/11\/hh_sweet_card_01-700x700.png 700w, https:\/\/holdvolgy.com\/wp-content\/uploads\/2024\/11\/hh_sweet_card_01-100x100.png 100w, https:\/\/holdvolgy.com\/wp-content\/uploads\/2024\/11\/hh_sweet_card_01-50x50.png 50w\" sizes=\"(max-width: 800px) 100vw, 800px\" \/>\t\t\t\t\t\t\t\t<\/a>\n\t\t\t\t\t\t\t\t\t\t\t\t\t\t\t<\/div>\n\t\t\t\t<\/div>\n\t\t\t\t<div class=\"elementor-element elementor-element-efcdc00 elementor-widget elementor-widget-image\" data-id=\"efcdc00\" data-element_type=\"widget\" data-e-type=\"widget\" data-widget_type=\"image.default\">\n\t\t\t\t<div class=\"elementor-widget-container\">\n\t\t\t\t\t\t\t\t\t\t\t\t\t\t\t\t<a href=\"https:\/\/holdvolgy.com\/wp-content\/uploads\/2024\/11\/hh_sweet_card_09.pdf\">\n\t\t\t\t\t\t\t<img loading=\"lazy\" decoding=\"async\" width=\"800\" height=\"800\" src=\"https:\/\/holdvolgy.com\/wp-content\/uploads\/2024\/11\/hh_sweet_card_09.png\" class=\"attachment-large size-large wp-image-14469\" alt=\"\" srcset=\"https:\/\/holdvolgy.com\/wp-content\/uploads\/2024\/11\/hh_sweet_card_09.png 800w, https:\/\/holdvolgy.com\/wp-content\/uploads\/2024\/11\/hh_sweet_card_09-300x300.png 300w, https:\/\/holdvolgy.com\/wp-content\/uploads\/2024\/11\/hh_sweet_card_09-150x150.png 150w, https:\/\/holdvolgy.com\/wp-content\/uploads\/2024\/11\/hh_sweet_card_09-768x768.png 768w, https:\/\/holdvolgy.com\/wp-content\/uploads\/2024\/11\/hh_sweet_card_09-12x12.png 12w, https:\/\/holdvolgy.com\/wp-content\/uploads\/2024\/11\/hh_sweet_card_09-700x700.png 700w, https:\/\/holdvolgy.com\/wp-content\/uploads\/2024\/11\/hh_sweet_card_09-100x100.png 100w, https:\/\/holdvolgy.com\/wp-content\/uploads\/2024\/11\/hh_sweet_card_09-50x50.png 50w\" sizes=\"(max-width: 800px) 100vw, 800px\" \/>\t\t\t\t\t\t\t\t<\/a>\n\t\t\t\t\t\t\t\t\t\t\t\t\t\t\t<\/div>\n\t\t\t\t<\/div>\n\t\t\t\t\t<\/div>\n\t\t\t\t<\/div>\n\t\t\t\t<\/div>","protected":false},"excerpt":{"rendered":"<p>Kar\u00e1csonyi \u00fczen\u0151k\u00e1rty\u00e1k<\/p>","protected":false},"author":3,"featured_media":0,"parent":0,"menu_order":0,"comment_status":"closed","ping_status":"closed","template":"","meta":{"_acf_changed":false,"_seopress_robots_primary_cat":"","_seopress_titles_title":"","_seopress_titles_desc":"","_seopress_robots_index":"","iawp_total_views":13,"footnotes":""},"class_list":["post-14456","page","type-page","status-publish","hentry"],"acf":[],"_hostinger_reach_plugin_has_subscription_block":false,"_hostinger_reach_plugin_is_elementor":false,"_links":{"self":[{"href":"https:\/\/holdvolgy.com\/en\/wp-json\/wp\/v2\/pages\/14456","targetHints":{"allow":["GET"]}}],"collection":[{"href":"https:\/\/holdvolgy.com\/en\/wp-json\/wp\/v2\/pages"}],"about":[{"href":"https:\/\/holdvolgy.com\/en\/wp-json\/wp\/v2\/types\/page"}],"author":[{"embeddable":true,"href":"https:\/\/holdvolgy.com\/en\/wp-json\/wp\/v2\/users\/3"}],"replies":[{"embeddable":true,"href":"https:\/\/holdvolgy.com\/en\/wp-json\/wp\/v2\/comments?post=14456"}],"version-history":[{"count":0,"href":"https:\/\/holdvolgy.com\/en\/wp-json\/wp\/v2\/pages\/14456\/revisions"}],"wp:attachment":[{"href":"https:\/\/holdvolgy.com\/en\/wp-json\/wp\/v2\/media?parent=14456"}],"curies":[{"name":"wp","href":"https:\/\/api.w.org\/{rel}","templated":true}]}}