{"id":21096,"date":"2025-12-12T13:34:52","date_gmt":"2025-12-12T12:34:52","guid":{"rendered":"https:\/\/holdvolgy.com\/?page_id=21096"},"modified":"2025-12-12T13:58:51","modified_gmt":"2025-12-12T12:58:51","slug":"en-news-blog","status":"publish","type":"page","link":"https:\/\/holdvolgy.com\/en\/en-news-blog","title":{"rendered":"NEWS"},"content":{"rendered":"<div id=\"bsf_rt_marker\"><\/div>\t\t<div data-elementor-type=\"wp-page\" data-elementor-id=\"21096\" class=\"elementor elementor-21096\" data-elementor-post-type=\"page\">\n\t\t\t\t<div data-dce-background-color=\"#F7F7F7\" class=\"elementor-element elementor-element-e345525 e-flex e-con-boxed e-con e-parent\" data-id=\"e345525\" data-element_type=\"container\" data-e-type=\"container\" data-settings=\"{&quot;background_background&quot;:&quot;classic&quot;}\">\n\t\t\t\t\t<div class=\"e-con-inner\">\n\t\t\t\t<div class=\"elementor-element elementor-element-1bf0fa1 elementor-widget elementor-widget-heading\" data-id=\"1bf0fa1\" data-element_type=\"widget\" data-e-type=\"widget\" data-no-translation=\"\" data-widget_type=\"heading.default\">\n\t\t\t\t<div class=\"elementor-widget-container\">\n\t\t\t\t\t<h1 class=\"elementor-heading-title elementor-size-default\">NEWS<\/h1>\t\t\t\t<\/div>\n\t\t\t\t<\/div>\n\t\t\t\t\t<\/div>\n\t\t\t\t<\/div>\n\t\t<div data-dce-background-color=\"#F7F7F7\" class=\"elementor-element elementor-element-20aed1f e-flex e-con-boxed e-con e-parent\" data-id=\"20aed1f\" data-element_type=\"container\" data-e-type=\"container\" data-settings=\"{&quot;background_background&quot;:&quot;classic&quot;}\">\n\t\t\t\t\t<div class=\"e-con-inner\">\n\t\t\t\t<div class=\"elementor-element elementor-element-15408d5 elementor-grid-3 elementor-grid-tablet-2 elementor-grid-mobile-1 elementor-widget elementor-widget-loop-grid\" data-id=\"15408d5\" data-element_type=\"widget\" data-e-type=\"widget\" data-settings=\"{&quot;template_id&quot;:&quot;1310&quot;,&quot;pagination_type&quot;:&quot;numbers_and_prev_next&quot;,&quot;row_gap&quot;:{&quot;unit&quot;:&quot;px&quot;,&quot;size&quot;:100,&quot;sizes&quot;:[]},&quot;row_gap_mobile&quot;:{&quot;unit&quot;:&quot;px&quot;,&quot;size&quot;:40,&quot;sizes&quot;:[]},&quot;_skin&quot;:&quot;post&quot;,&quot;columns&quot;:&quot;3&quot;,&quot;columns_tablet&quot;:&quot;2&quot;,&quot;columns_mobile&quot;:&quot;1&quot;,&quot;edit_handle_selector&quot;:&quot;[data-elementor-type=\\&quot;loop-item\\&quot;]&quot;,&quot;pagination_load_type&quot;:&quot;page_reload&quot;,&quot;row_gap_tablet&quot;:{&quot;unit&quot;:&quot;px&quot;,&quot;size&quot;:&quot;&quot;,&quot;sizes&quot;:[]}}\" data-no-translation=\"\" data-widget_type=\"loop-grid.post\">\n\t\t\t\t<div class=\"elementor-widget-container\">\n\t\t\t\t\t\t\t<div class=\"elementor-loop-container elementor-grid\" role=\"list\">\n\t\t<style id=\"loop-1310\">.elementor-1310 .elementor-element.elementor-element-7f2efe3{--display:flex;--min-height:100%;--flex-direction:column;--container-widget-width:100%;--container-widget-height:initial;--container-widget-flex-grow:0;--container-widget-align-self:initial;--flex-wrap-mobile:wrap;--justify-content:space-between;--gap:0px 0px;--row-gap:0px;--column-gap:0px;--padding-top:0px;--padding-bottom:0px;--padding-left:0px;--padding-right:0px;}.elementor-1310 .elementor-element.elementor-element-7f2efe3:not(.elementor-motion-effects-element-type-background), .elementor-1310 .elementor-element.elementor-element-7f2efe3 > .elementor-motion-effects-container > .elementor-motion-effects-layer{background-color:var( --e-global-color-89f2ae6 );}.elementor-1310 .elementor-element.elementor-element-7f2efe3:hover{box-shadow:0px 4px 30px 0px rgba(144, 144, 144, 0.1);}.elementor-1310 .elementor-element.elementor-element-b300464{--display:flex;--flex-direction:column;--container-widget-width:100%;--container-widget-height:initial;--container-widget-flex-grow:0;--container-widget-align-self:initial;--flex-wrap-mobile:wrap;--gap:0px 0px;--row-gap:0px;--column-gap:0px;--padding-top:0px;--padding-bottom:0px;--padding-left:0px;--padding-right:0px;}.elementor-widget-theme-post-featured-image .widget-image-caption{color:var( --e-global-color-text );font-family:var( --e-global-typography-text-font-family ), Sans-serif;font-weight:var( --e-global-typography-text-font-weight );line-height:var( --e-global-typography-text-line-height );letter-spacing:var( --e-global-typography-text-letter-spacing );}.elementor-1310 .elementor-element.elementor-element-27986a3 img{width:100%;height:300px;object-fit:cover;object-position:center center;}.elementor-1310 .elementor-element.elementor-element-a0c157f{--display:flex;--flex-direction:column;--container-widget-width:100%;--container-widget-height:initial;--container-widget-flex-grow:0;--container-widget-align-self:initial;--flex-wrap-mobile:wrap;--justify-content:space-between;--padding-top:20px;--padding-bottom:20px;--padding-left:20px;--padding-right:20px;}.elementor-1310 .elementor-element.elementor-element-8544e75{--display:flex;--padding-top:0px;--padding-bottom:0px;--padding-left:0px;--padding-right:0px;}.elementor-1310 .elementor-element.elementor-element-8ddf2c1{--display:flex;--flex-direction:row;--container-widget-width:calc( ( 1 - var( --container-widget-flex-grow ) ) * 100% );--container-widget-height:100%;--container-widget-flex-grow:1;--container-widget-align-self:stretch;--flex-wrap-mobile:wrap;--justify-content:space-between;--align-items:center;--padding-top:0px;--padding-bottom:0px;--padding-left:0px;--padding-right:0px;}.elementor-widget-heading .elementor-heading-title{font-family:var( --e-global-typography-primary-font-family ), Sans-serif;font-weight:var( --e-global-typography-primary-font-weight );line-height:var( --e-global-typography-primary-line-height );letter-spacing:var( --e-global-typography-primary-letter-spacing );color:var( --e-global-color-primary );}.elementor-1310 .elementor-element.elementor-element-cad7209 .elementor-heading-title{font-family:\"AkzidenzGroteskBQ-Ext\", Sans-serif;font-size:12px;font-weight:400;text-transform:uppercase;line-height:150%;letter-spacing:0.1em;}.elementor-1310 .elementor-element.elementor-element-cad7209 > .elementor-widget-container{padding:6px 10px 6px 10px;background-color:var( --e-global-color-b672dd5 );}.elementor-1310 .elementor-element.elementor-element-8be208e .elementor-heading-title{font-family:\"AkzidenzGroteskBQ-Ext\", Sans-serif;font-size:12px;font-weight:400;text-transform:uppercase;line-height:150%;letter-spacing:0.1em;color:var( --e-global-color-d89ff91 );}.elementor-widget-theme-post-title .elementor-heading-title{font-family:var( --e-global-typography-primary-font-family ), Sans-serif;font-weight:var( --e-global-typography-primary-font-weight );line-height:var( --e-global-typography-primary-line-height );letter-spacing:var( --e-global-typography-primary-letter-spacing );color:var( --e-global-color-primary );}.elementor-1310 .elementor-element.elementor-element-f48c955 .elementor-heading-title{font-family:\"Didot\", Sans-serif;font-size:30px;font-weight:400;text-transform:uppercase;line-height:34px;letter-spacing:-0.04em;color:var( --e-global-color-5877005 );}.elementor-1310 .elementor-element.elementor-element-f48c955 > .elementor-widget-container{margin:0px 0px 0px 0px;}.elementor-1310 .elementor-element.elementor-element-317d94d{--display:flex;--gap:16px 16px;--row-gap:16px;--column-gap:16px;--padding-top:20px;--padding-bottom:20px;--padding-left:20px;--padding-right:20px;}.elementor-widget-theme-post-excerpt .elementor-widget-container{font-family:var( --e-global-typography-text-font-family ), Sans-serif;font-weight:var( --e-global-typography-text-font-weight );line-height:var( --e-global-typography-text-line-height );letter-spacing:var( --e-global-typography-text-letter-spacing );color:var( --e-global-color-text );}.elementor-1310 .elementor-element.elementor-element-3c64297 .elementor-widget-container{font-family:\"AkzidenzGroteskBQ-Ext\", Sans-serif;font-size:14px;font-weight:400;line-height:150%;letter-spacing:0.1em;color:var( --e-global-color-d89ff91 );}.elementor-widget-button .elementor-button{font-family:var( --e-global-typography-accent-font-family ), Sans-serif;font-weight:var( --e-global-typography-accent-font-weight );line-height:var( --e-global-typography-accent-line-height );letter-spacing:var( --e-global-typography-accent-letter-spacing );background-color:var( --e-global-color-accent );}.elementor-1310 .elementor-element.elementor-element-21756f2 .elementor-button-content-wrapper{flex-direction:row-reverse;}.elementor-1310 .elementor-element.elementor-element-21756f2 .elementor-button{font-family:\"AkzidenzGroteskBQ-Ext\", Sans-serif;font-size:14px;font-weight:400;text-transform:uppercase;line-height:150%;letter-spacing:0.1em;fill:#8B705B;color:#8B705B;background-color:#61CE7000;padding:0px 0px 0px 0px;}@media(max-width:1023px){.elementor-widget-theme-post-featured-image .widget-image-caption{line-height:var( --e-global-typography-text-line-height );letter-spacing:var( --e-global-typography-text-letter-spacing );}.elementor-widget-heading .elementor-heading-title{line-height:var( --e-global-typography-primary-line-height );letter-spacing:var( --e-global-typography-primary-letter-spacing );}.elementor-widget-theme-post-title .elementor-heading-title{line-height:var( --e-global-typography-primary-line-height );letter-spacing:var( --e-global-typography-primary-letter-spacing );}.elementor-widget-theme-post-excerpt .elementor-widget-container{line-height:var( --e-global-typography-text-line-height );letter-spacing:var( --e-global-typography-text-letter-spacing );}.elementor-widget-button .elementor-button{line-height:var( --e-global-typography-accent-line-height );letter-spacing:var( --e-global-typography-accent-letter-spacing );}}@media(max-width:767px){.elementor-widget-theme-post-featured-image .widget-image-caption{line-height:var( --e-global-typography-text-line-height );letter-spacing:var( --e-global-typography-text-letter-spacing );}.elementor-widget-heading .elementor-heading-title{line-height:var( --e-global-typography-primary-line-height );letter-spacing:var( --e-global-typography-primary-letter-spacing );}.elementor-widget-theme-post-title .elementor-heading-title{line-height:var( --e-global-typography-primary-line-height );letter-spacing:var( --e-global-typography-primary-letter-spacing );}.elementor-widget-theme-post-excerpt .elementor-widget-container{line-height:var( --e-global-typography-text-line-height );letter-spacing:var( --e-global-typography-text-letter-spacing );}.elementor-widget-button .elementor-button{line-height:var( --e-global-typography-accent-line-height );letter-spacing:var( --e-global-typography-accent-letter-spacing );}}\/* Start custom CSS for button, class: .elementor-element-21756f2 *\/.elementor-1310 .elementor-element.elementor-element-21756f2 svg{\n    height:14px;\n    margin-bottom:-2px;\n}\/* End custom CSS *\/<\/style>\t\t<div data-elementor-type=\"loop-item\" data-elementor-id=\"1310\" class=\"elementor elementor-1310 e-loop-item e-loop-item-20587 post-20587 post type-post status-publish format-standard has-post-thumbnail hentry category-uncategorized tag-en-articles\" data-elementor-post-type=\"elementor_library\" data-custom-edit-handle=\"1\">\n\t\t\t<div class=\"elementor-element elementor-element-7f2efe3 e-con-full e-flex e-con e-parent\" data-id=\"7f2efe3\" data-element_type=\"container\" data-e-type=\"container\" data-settings=\"{&quot;background_background&quot;:&quot;classic&quot;}\">\n\t\t<div class=\"elementor-element elementor-element-b300464 e-con-full e-flex e-con e-child\" data-id=\"b300464\" data-element_type=\"container\" data-e-type=\"container\">\n\t\t\t\t<div class=\"elementor-element elementor-element-27986a3 elementor-widget elementor-widget-theme-post-featured-image elementor-widget-image\" data-id=\"27986a3\" data-element_type=\"widget\" data-e-type=\"widget\" data-widget_type=\"theme-post-featured-image.default\">\n\t\t\t\t<div class=\"elementor-widget-container\">\n\t\t\t\t\t\t\t\t\t\t\t\t\t\t\t\t<a href=\"https:\/\/holdvolgy.com\/en\/the-nyulaszo-vineyard-mad\">\n\t\t\t\t\t\t\t<img fetchpriority=\"high\" decoding=\"async\" width=\"2560\" height=\"1714\" src=\"https:\/\/holdvolgy.com\/wp-content\/uploads\/2024\/06\/dulo-nyulaszo-02-OK-scaled.jpg\" class=\"attachment-full size-full wp-image-6383\" alt=\"M\u00c1DIL\u00c1TK\u00c9P A NYUL\u00c1SZ\u00d3-D\u0170L\u0150B\u0150L\" srcset=\"https:\/\/holdvolgy.com\/wp-content\/uploads\/2024\/06\/dulo-nyulaszo-02-OK-scaled.jpg 2560w, https:\/\/holdvolgy.com\/wp-content\/uploads\/2024\/06\/dulo-nyulaszo-02-OK-300x201.jpg 300w, https:\/\/holdvolgy.com\/wp-content\/uploads\/2024\/06\/dulo-nyulaszo-02-OK-1024x685.jpg 1024w, https:\/\/holdvolgy.com\/wp-content\/uploads\/2024\/06\/dulo-nyulaszo-02-OK-768x514.jpg 768w, https:\/\/holdvolgy.com\/wp-content\/uploads\/2024\/06\/dulo-nyulaszo-02-OK-1536x1028.jpg 1536w, https:\/\/holdvolgy.com\/wp-content\/uploads\/2024\/06\/dulo-nyulaszo-02-OK-2048x1371.jpg 2048w, https:\/\/holdvolgy.com\/wp-content\/uploads\/2024\/06\/dulo-nyulaszo-02-OK-1000x669.jpg 1000w\" sizes=\"(max-width: 2560px) 100vw, 2560px\" \/>\t\t\t\t\t\t\t\t<\/a>\n\t\t\t\t\t\t\t\t\t\t\t\t\t\t\t<\/div>\n\t\t\t\t<\/div>\n\t\t<div class=\"elementor-element elementor-element-a0c157f e-con-full e-flex e-con e-child\" data-id=\"a0c157f\" data-element_type=\"container\" data-e-type=\"container\">\n\t\t<div class=\"elementor-element elementor-element-8544e75 e-con-full e-flex e-con e-child\" data-id=\"8544e75\" data-element_type=\"container\" data-e-type=\"container\">\n\t\t<div class=\"elementor-element elementor-element-8ddf2c1 e-con-full e-flex e-con e-child\" data-id=\"8ddf2c1\" data-element_type=\"container\" data-e-type=\"container\">\n\t\t\t\t<div class=\"elementor-element elementor-element-cad7209 elementor-widget elementor-widget-heading\" data-id=\"cad7209\" data-element_type=\"widget\" data-e-type=\"widget\" data-widget_type=\"heading.default\">\n\t\t\t\t<div class=\"elementor-widget-container\">\n\t\t\t\t\t<p class=\"elementor-heading-title elementor-size-default\"><a href=\"https:\/\/holdvolgy.com\/en\/category\/uncategorized\" rel=\"tag\">Uncategorized<\/a><\/p>\t\t\t\t<\/div>\n\t\t\t\t<\/div>\n\t\t\t\t<div class=\"elementor-element elementor-element-8be208e elementor-widget elementor-widget-heading\" data-id=\"8be208e\" data-element_type=\"widget\" data-e-type=\"widget\" data-widget_type=\"heading.default\">\n\t\t\t\t<div class=\"elementor-widget-container\">\n\t\t\t\t\t<p class=\"elementor-heading-title elementor-size-default\"><a href=\"https:\/\/holdvolgy.com\/en\/the-nyulaszo-vineyard-mad\">2025.11.18.<\/a><\/p>\t\t\t\t<\/div>\n\t\t\t\t<\/div>\n\t\t\t\t<\/div>\n\t\t\t\t<div class=\"elementor-element elementor-element-f48c955 elementor-widget elementor-widget-theme-post-title elementor-page-title elementor-widget-heading\" data-id=\"f48c955\" data-element_type=\"widget\" data-e-type=\"widget\" data-widget_type=\"theme-post-title.default\">\n\t\t\t\t<div class=\"elementor-widget-container\">\n\t\t\t\t\t<h4 class=\"elementor-heading-title elementor-size-default\"><a href=\"https:\/\/holdvolgy.com\/en\/the-nyulaszo-vineyard-mad\">The Nyul\u00e1sz\u00f3 Vineyard, M\u00e1d<\/a><\/h4>\t\t\t\t<\/div>\n\t\t\t\t<\/div>\n\t\t\t\t<\/div>\n\t\t\t\t<\/div>\n\t\t\t\t<\/div>\n\t\t<div class=\"elementor-element elementor-element-317d94d e-con-full e-flex e-con e-child\" data-id=\"317d94d\" data-element_type=\"container\" data-e-type=\"container\">\n\t\t\t\t<div class=\"elementor-element elementor-element-3c64297 elementor-widget elementor-widget-theme-post-excerpt\" data-id=\"3c64297\" data-element_type=\"widget\" data-e-type=\"widget\" data-widget_type=\"theme-post-excerpt.default\">\n\t\t\t\t<div class=\"elementor-widget-container\">\n\t\t\t\t\tThe Nyul\u00e1sz\u00f3 vineyard may be the youngest historically, but it stands among the finest in character.\t\t\t\t<\/div>\n\t\t\t\t<\/div>\n\t\t\t\t<div data-dce-background-color=\"#61CE7000\" class=\"elementor-element elementor-element-21756f2 elementor-widget elementor-widget-button\" data-id=\"21756f2\" data-element_type=\"widget\" data-e-type=\"widget\" data-widget_type=\"button.default\">\n\t\t\t\t<div class=\"elementor-widget-container\">\n\t\t\t\t\t\t\t\t\t<div class=\"elementor-button-wrapper\">\n\t\t\t\t\t<a class=\"elementor-button elementor-button-link elementor-size-sm\" href=\"https:\/\/holdvolgy.com\/en\/the-nyulaszo-vineyard-mad\">\n\t\t\t\t\t\t<span class=\"elementor-button-content-wrapper\">\n\t\t\t\t\t\t<span class=\"elementor-button-icon\">\n\t\t\t\t<svg xmlns=\"http:\/\/www.w3.org\/2000\/svg\" width=\"8\" height=\"14\" viewbox=\"0 0 8 14\" fill=\"none\"><path d=\"M1.64919 1.34315L7.26465 7L1.64919 12.6569\" stroke=\"#8B705B\" stroke-linecap=\"square\"><\/path><\/svg>\t\t\t<\/span>\n\t\t\t\t\t\t\t\t\t<span class=\"elementor-button-text\">Tov\u00e1bb olvasom<\/span>\n\t\t\t\t\t<\/span>\n\t\t\t\t\t<\/a>\n\t\t\t\t<\/div>\n\t\t\t\t\t\t\t\t<\/div>\n\t\t\t\t<\/div>\n\t\t\t\t<\/div>\n\t\t\t\t<\/div>\n\t\t\t\t<\/div>\n\t\t\t\t<\/div>\n\t\t\n\t\t\t\t\t\t<\/div>\n\t\t\t\t<\/div>\n\t\t\t\t\t<\/div>\n\t\t\t\t<\/div>\n\t\t<div data-dce-background-color=\"#F7F7F7\" class=\"elementor-element elementor-element-cd30dab e-flex e-con-boxed e-con e-parent\" data-id=\"cd30dab\" data-element_type=\"container\" data-e-type=\"container\" data-settings=\"{&quot;background_background&quot;:&quot;classic&quot;}\">\n\t\t\t\t\t<div class=\"e-con-inner\">\n\t\t\t\t<div class=\"elementor-element elementor-element-4cbddc0 elementor-grid-3 elementor-grid-tablet-2 elementor-grid-mobile-1 elementor-widget elementor-widget-loop-grid\" data-id=\"4cbddc0\" data-element_type=\"widget\" data-e-type=\"widget\" data-settings=\"{&quot;template_id&quot;:&quot;1310&quot;,&quot;pagination_type&quot;:&quot;numbers_and_prev_next&quot;,&quot;row_gap&quot;:{&quot;unit&quot;:&quot;px&quot;,&quot;size&quot;:100,&quot;sizes&quot;:[]},&quot;row_gap_mobile&quot;:{&quot;unit&quot;:&quot;px&quot;,&quot;size&quot;:40,&quot;sizes&quot;:[]},&quot;_skin&quot;:&quot;post&quot;,&quot;columns&quot;:&quot;3&quot;,&quot;columns_tablet&quot;:&quot;2&quot;,&quot;columns_mobile&quot;:&quot;1&quot;,&quot;edit_handle_selector&quot;:&quot;[data-elementor-type=\\&quot;loop-item\\&quot;]&quot;,&quot;pagination_load_type&quot;:&quot;page_reload&quot;,&quot;row_gap_tablet&quot;:{&quot;unit&quot;:&quot;px&quot;,&quot;size&quot;:&quot;&quot;,&quot;sizes&quot;:[]}}\" data-no-translation=\"\" data-widget_type=\"loop-grid.post\">\n\t\t\t\t<div class=\"elementor-widget-container\">\n\t\t\t\t\t\t\t<div class=\"elementor-loop-container elementor-grid\" role=\"list\">\n\t\t\t\t<div data-elementor-type=\"loop-item\" data-elementor-id=\"1310\" class=\"elementor elementor-1310 e-loop-item e-loop-item-20587 post-20587 post type-post status-publish format-standard has-post-thumbnail hentry category-uncategorized tag-en-articles\" data-elementor-post-type=\"elementor_library\" data-custom-edit-handle=\"1\">\n\t\t\t<div class=\"elementor-element elementor-element-7f2efe3 e-con-full e-flex e-con e-parent\" data-id=\"7f2efe3\" data-element_type=\"container\" data-e-type=\"container\" data-settings=\"{&quot;background_background&quot;:&quot;classic&quot;}\">\n\t\t<div class=\"elementor-element elementor-element-b300464 e-con-full e-flex e-con e-child\" data-id=\"b300464\" data-element_type=\"container\" data-e-type=\"container\">\n\t\t\t\t<div class=\"elementor-element elementor-element-27986a3 elementor-widget elementor-widget-theme-post-featured-image elementor-widget-image\" data-id=\"27986a3\" data-element_type=\"widget\" data-e-type=\"widget\" data-widget_type=\"theme-post-featured-image.default\">\n\t\t\t\t<div class=\"elementor-widget-container\">\n\t\t\t\t\t\t\t\t\t\t\t\t\t\t\t\t<a href=\"https:\/\/holdvolgy.com\/en\/the-nyulaszo-vineyard-mad\">\n\t\t\t\t\t\t\t<img fetchpriority=\"high\" decoding=\"async\" width=\"2560\" height=\"1714\" src=\"https:\/\/holdvolgy.com\/wp-content\/uploads\/2024\/06\/dulo-nyulaszo-02-OK-scaled.jpg\" class=\"attachment-full size-full wp-image-6383\" alt=\"M\u00c1DIL\u00c1TK\u00c9P A NYUL\u00c1SZ\u00d3-D\u0170L\u0150B\u0150L\" srcset=\"https:\/\/holdvolgy.com\/wp-content\/uploads\/2024\/06\/dulo-nyulaszo-02-OK-scaled.jpg 2560w, https:\/\/holdvolgy.com\/wp-content\/uploads\/2024\/06\/dulo-nyulaszo-02-OK-300x201.jpg 300w, https:\/\/holdvolgy.com\/wp-content\/uploads\/2024\/06\/dulo-nyulaszo-02-OK-1024x685.jpg 1024w, https:\/\/holdvolgy.com\/wp-content\/uploads\/2024\/06\/dulo-nyulaszo-02-OK-768x514.jpg 768w, https:\/\/holdvolgy.com\/wp-content\/uploads\/2024\/06\/dulo-nyulaszo-02-OK-1536x1028.jpg 1536w, https:\/\/holdvolgy.com\/wp-content\/uploads\/2024\/06\/dulo-nyulaszo-02-OK-2048x1371.jpg 2048w, https:\/\/holdvolgy.com\/wp-content\/uploads\/2024\/06\/dulo-nyulaszo-02-OK-1000x669.jpg 1000w\" sizes=\"(max-width: 2560px) 100vw, 2560px\" \/>\t\t\t\t\t\t\t\t<\/a>\n\t\t\t\t\t\t\t\t\t\t\t\t\t\t\t<\/div>\n\t\t\t\t<\/div>\n\t\t<div class=\"elementor-element elementor-element-a0c157f e-con-full e-flex e-con e-child\" data-id=\"a0c157f\" data-element_type=\"container\" data-e-type=\"container\">\n\t\t<div class=\"elementor-element elementor-element-8544e75 e-con-full e-flex e-con e-child\" data-id=\"8544e75\" data-element_type=\"container\" data-e-type=\"container\">\n\t\t<div class=\"elementor-element elementor-element-8ddf2c1 e-con-full e-flex e-con e-child\" data-id=\"8ddf2c1\" data-element_type=\"container\" data-e-type=\"container\">\n\t\t\t\t<div class=\"elementor-element elementor-element-cad7209 elementor-widget elementor-widget-heading\" data-id=\"cad7209\" data-element_type=\"widget\" data-e-type=\"widget\" data-widget_type=\"heading.default\">\n\t\t\t\t<div class=\"elementor-widget-container\">\n\t\t\t\t\t<p class=\"elementor-heading-title elementor-size-default\"><a href=\"https:\/\/holdvolgy.com\/en\/category\/uncategorized\" rel=\"tag\">Uncategorized<\/a><\/p>\t\t\t\t<\/div>\n\t\t\t\t<\/div>\n\t\t\t\t<div class=\"elementor-element elementor-element-8be208e elementor-widget elementor-widget-heading\" data-id=\"8be208e\" data-element_type=\"widget\" data-e-type=\"widget\" data-widget_type=\"heading.default\">\n\t\t\t\t<div class=\"elementor-widget-container\">\n\t\t\t\t\t<p class=\"elementor-heading-title elementor-size-default\"><a href=\"https:\/\/holdvolgy.com\/en\/the-nyulaszo-vineyard-mad\">2025.11.18.<\/a><\/p>\t\t\t\t<\/div>\n\t\t\t\t<\/div>\n\t\t\t\t<\/div>\n\t\t\t\t<div class=\"elementor-element elementor-element-f48c955 elementor-widget elementor-widget-theme-post-title elementor-page-title elementor-widget-heading\" data-id=\"f48c955\" data-element_type=\"widget\" data-e-type=\"widget\" data-widget_type=\"theme-post-title.default\">\n\t\t\t\t<div class=\"elementor-widget-container\">\n\t\t\t\t\t<h4 class=\"elementor-heading-title elementor-size-default\"><a href=\"https:\/\/holdvolgy.com\/en\/the-nyulaszo-vineyard-mad\">The Nyul\u00e1sz\u00f3 Vineyard, M\u00e1d<\/a><\/h4>\t\t\t\t<\/div>\n\t\t\t\t<\/div>\n\t\t\t\t<\/div>\n\t\t\t\t<\/div>\n\t\t\t\t<\/div>\n\t\t<div class=\"elementor-element elementor-element-317d94d e-con-full e-flex e-con e-child\" data-id=\"317d94d\" data-element_type=\"container\" data-e-type=\"container\">\n\t\t\t\t<div class=\"elementor-element elementor-element-3c64297 elementor-widget elementor-widget-theme-post-excerpt\" data-id=\"3c64297\" data-element_type=\"widget\" data-e-type=\"widget\" data-widget_type=\"theme-post-excerpt.default\">\n\t\t\t\t<div class=\"elementor-widget-container\">\n\t\t\t\t\tThe Nyul\u00e1sz\u00f3 vineyard may be the youngest historically, but it stands among the finest in character.\t\t\t\t<\/div>\n\t\t\t\t<\/div>\n\t\t\t\t<div data-dce-background-color=\"#61CE7000\" class=\"elementor-element elementor-element-21756f2 elementor-widget elementor-widget-button\" data-id=\"21756f2\" data-element_type=\"widget\" data-e-type=\"widget\" data-widget_type=\"button.default\">\n\t\t\t\t<div class=\"elementor-widget-container\">\n\t\t\t\t\t\t\t\t\t<div class=\"elementor-button-wrapper\">\n\t\t\t\t\t<a class=\"elementor-button elementor-button-link elementor-size-sm\" href=\"https:\/\/holdvolgy.com\/en\/the-nyulaszo-vineyard-mad\">\n\t\t\t\t\t\t<span class=\"elementor-button-content-wrapper\">\n\t\t\t\t\t\t<span class=\"elementor-button-icon\">\n\t\t\t\t<svg xmlns=\"http:\/\/www.w3.org\/2000\/svg\" width=\"8\" height=\"14\" viewbox=\"0 0 8 14\" fill=\"none\"><path d=\"M1.64919 1.34315L7.26465 7L1.64919 12.6569\" stroke=\"#8B705B\" stroke-linecap=\"square\"><\/path><\/svg>\t\t\t<\/span>\n\t\t\t\t\t\t\t\t\t<span class=\"elementor-button-text\">Tov\u00e1bb olvasom<\/span>\n\t\t\t\t\t<\/span>\n\t\t\t\t\t<\/a>\n\t\t\t\t<\/div>\n\t\t\t\t\t\t\t\t<\/div>\n\t\t\t\t<\/div>\n\t\t\t\t<\/div>\n\t\t\t\t<\/div>\n\t\t\t\t<\/div>\n\t\t\t\t<\/div>\n\t\t\n\t\t\t\t\t\t<\/div>\n\t\t\t\t<\/div>\n\t\t\t\t\t<\/div>\n\t\t\t\t<\/div>\n\t\t\t\t<\/div>","protected":false},"excerpt":{"rendered":"<p>Everything about Holdv\u00f6lgy: vintage reports, events, recognitions, wine releases.<\/p>","protected":false},"author":3,"featured_media":4078,"parent":0,"menu_order":0,"comment_status":"closed","ping_status":"closed","template":"","meta":{"_acf_changed":false,"_seopress_robots_primary_cat":"","_seopress_titles_title":"","_seopress_titles_desc":"","_seopress_robots_index":"","iawp_total_views":4,"footnotes":""},"class_list":["post-21096","page","type-page","status-publish","has-post-thumbnail","hentry"],"acf":[],"_hostinger_reach_plugin_has_subscription_block":false,"_hostinger_reach_plugin_is_elementor":false,"_links":{"self":[{"href":"https:\/\/holdvolgy.com\/en\/wp-json\/wp\/v2\/pages\/21096","targetHints":{"allow":["GET"]}}],"collection":[{"href":"https:\/\/holdvolgy.com\/en\/wp-json\/wp\/v2\/pages"}],"about":[{"href":"https:\/\/holdvolgy.com\/en\/wp-json\/wp\/v2\/types\/page"}],"author":[{"embeddable":true,"href":"https:\/\/holdvolgy.com\/en\/wp-json\/wp\/v2\/users\/3"}],"replies":[{"embeddable":true,"href":"https:\/\/holdvolgy.com\/en\/wp-json\/wp\/v2\/comments?post=21096"}],"version-history":[{"count":0,"href":"https:\/\/holdvolgy.com\/en\/wp-json\/wp\/v2\/pages\/21096\/revisions"}],"wp:featuredmedia":[{"embeddable":true,"href":"https:\/\/holdvolgy.com\/en\/wp-json\/wp\/v2\/media\/4078"}],"wp:attachment":[{"href":"https:\/\/holdvolgy.com\/en\/wp-json\/wp\/v2\/media?parent=21096"}],"curies":[{"name":"wp","href":"https:\/\/api.w.org\/{rel}","templated":true}]}}