{"id":11346,"date":"2024-09-03T14:05:23","date_gmt":"2024-09-03T12:05:23","guid":{"rendered":"https:\/\/holdvolgy.com\/?post_type=product&#038;p=11346"},"modified":"2025-04-14T18:33:12","modified_gmt":"2025-04-14T16:33:12","slug":"tokaji-aszu-borkostolo-elmeny-1-szint","status":"publish","type":"product","link":"https:\/\/holdvolgy.com\/en\/wine\/tokaji-aszu-borkostolo-elmeny-1-szint","title":{"rendered":"Tokaji asz\u00fa \u00e9lm\u00e9ny borklub aj\u00e1nd\u00e9k"},"content":{"rendered":"","protected":false},"excerpt":{"rendered":"","protected":false},"featured_media":13466,"comment_status":"open","ping_status":"closed","template":"","meta":{"_acf_changed":false,"_seopress_robots_primary_cat":"none","_seopress_titles_title":"","_seopress_titles_desc":"","_seopress_robots_index":"yes","iawp_total_views":35},"product_brand":[],"product_cat":[132],"product_tag":[139],"class_list":{"0":"post-11346","1":"product","2":"type-product","3":"status-publish","4":"has-post-thumbnail","6":"product_cat-mwb_wgm_giftcard-2","7":"product_tag-aszu-borkostolo-ajandek","8":"tm-no-options","10":"first","11":"instock","12":"shipping-taxable","13":"purchasable","14":"product-type-wgm_gift_card"},"acf":[],"_links":{"self":[{"href":"https:\/\/holdvolgy.com\/en\/wp-json\/wp\/v2\/product\/11346","targetHints":{"allow":["GET"]}}],"collection":[{"href":"https:\/\/holdvolgy.com\/en\/wp-json\/wp\/v2\/product"}],"about":[{"href":"https:\/\/holdvolgy.com\/en\/wp-json\/wp\/v2\/types\/product"}],"replies":[{"embeddable":true,"href":"https:\/\/holdvolgy.com\/en\/wp-json\/wp\/v2\/comments?post=11346"}],"wp:featuredmedia":[{"embeddable":true,"href":"https:\/\/holdvolgy.com\/en\/wp-json\/wp\/v2\/media\/13466"}],"wp:attachment":[{"href":"https:\/\/holdvolgy.com\/en\/wp-json\/wp\/v2\/media?parent=11346"}],"wp:term":[{"taxonomy":"product_brand","embeddable":true,"href":"https:\/\/holdvolgy.com\/en\/wp-json\/wp\/v2\/product_brand?post=11346"},{"taxonomy":"product_cat","embeddable":true,"href":"https:\/\/holdvolgy.com\/en\/wp-json\/wp\/v2\/product_cat?post=11346"},{"taxonomy":"product_tag","embeddable":true,"href":"https:\/\/holdvolgy.com\/en\/wp-json\/wp\/v2\/product_tag?post=11346"}],"curies":[{"name":"wp","href":"https:\/\/api.w.org\/{rel}","templated":true}]}}