{"id":14253,"date":"2024-03-30T14:31:47","date_gmt":"2024-03-30T13:31:47","guid":{"rendered":"https:\/\/holdvolgy.com\/?post_type=product&#038;p=14253"},"modified":"2026-01-22T10:50:37","modified_gmt":"2026-01-22T09:50:37","slug":"signature-2011-sweet-estateselection","status":"publish","type":"product","link":"https:\/\/holdvolgy.com\/en\/wine\/signature-2011-sweet-estateselection","title":{"rendered":"SIGNATURE 2011"},"content":{"rendered":"","protected":false},"excerpt":{"rendered":"","protected":false},"featured_media":21448,"comment_status":"open","ping_status":"closed","template":"","meta":{"_acf_changed":false,"_seopress_robots_primary_cat":"none","_seopress_titles_title":"SIGNATURE 2011 | \u00c9des bor | Birtokszeleci\u00f3 | Holdv\u00f6lgy","_seopress_titles_desc":"Signature 2011 t\u00e9tel\u00fcnk csod\u00e1latosan mutatja meg a Birtok \u00e9des bor v\u00edzi\u00f3j\u00e1t, mely t\u00falmutat a tokaji hagyom\u00e1nyokon. Decanter arany\u00e9rmes bor.","_seopress_robots_index":"","iawp_total_views":1631},"product_brand":[],"product_cat":[105,46],"product_tag":[111,163],"class_list":{"0":"post-14253","1":"product","2":"type-product","3":"status-publish","4":"has-post-thumbnail","6":"product_cat-edes","7":"product_cat-bor","8":"product_tag-edes-bor","9":"product_tag-signature-2011","10":"tm-no-options","12":"first","13":"instock","14":"taxable","15":"shipping-taxable","16":"purchasable","17":"product-type-simple"},"acf":[],"_links":{"self":[{"href":"https:\/\/holdvolgy.com\/en\/wp-json\/wp\/v2\/product\/14253","targetHints":{"allow":["GET"]}}],"collection":[{"href":"https:\/\/holdvolgy.com\/en\/wp-json\/wp\/v2\/product"}],"about":[{"href":"https:\/\/holdvolgy.com\/en\/wp-json\/wp\/v2\/types\/product"}],"replies":[{"embeddable":true,"href":"https:\/\/holdvolgy.com\/en\/wp-json\/wp\/v2\/comments?post=14253"}],"wp:featuredmedia":[{"embeddable":true,"href":"https:\/\/holdvolgy.com\/en\/wp-json\/wp\/v2\/media\/21448"}],"wp:attachment":[{"href":"https:\/\/holdvolgy.com\/en\/wp-json\/wp\/v2\/media?parent=14253"}],"wp:term":[{"taxonomy":"product_brand","embeddable":true,"href":"https:\/\/holdvolgy.com\/en\/wp-json\/wp\/v2\/product_brand?post=14253"},{"taxonomy":"product_cat","embeddable":true,"href":"https:\/\/holdvolgy.com\/en\/wp-json\/wp\/v2\/product_cat?post=14253"},{"taxonomy":"product_tag","embeddable":true,"href":"https:\/\/holdvolgy.com\/en\/wp-json\/wp\/v2\/product_tag?post=14253"}],"curies":[{"name":"wp","href":"https:\/\/api.w.org\/{rel}","templated":true}]}}