{"id":1426,"date":"2022-11-30T14:30:53","date_gmt":"2022-11-30T13:30:53","guid":{"rendered":"https:\/\/holdvolgy.com\/?post_type=product&#038;p=1426"},"modified":"2026-03-31T21:22:00","modified_gmt":"2026-03-31T19:22:00","slug":"wine-tasting-6-wines","status":"publish","type":"product","link":"https:\/\/holdvolgy.com\/en\/wine\/wine-tasting-6-wines","title":{"rendered":"TREASURE HUNT WITH 6 WINES"},"content":{"rendered":"","protected":false},"excerpt":{"rendered":"","protected":false},"featured_media":13465,"comment_status":"open","ping_status":"closed","template":"","meta":{"_acf_changed":false,"_seopress_robots_primary_cat":"none","_seopress_titles_title":"Bork\u00f3stol\u00f3 6 borral | Tokaji pincel\u00e1togat\u00e1s | Holdv\u00f6lgy","_seopress_titles_desc":"Tokaji bork\u00f3stol\u00f3 6 borral M\u00e1don, a Holdv\u00f6lgy Bor\u00e1szatban. \u00c9des \u00e9s sz\u00e1raz feh\u00e9rborokkal. T\u00e9rk\u00e9pes kincskeres\u00e9s a pincelabirintusban.","_seopress_robots_index":"","iawp_total_views":4222},"product_brand":[],"product_cat":[132],"product_tag":[62],"class_list":{"0":"post-1426","1":"product","2":"type-product","3":"status-publish","4":"has-post-thumbnail","6":"product_cat-mwb_wgm_giftcard-2","7":"product_tag-borkostolo-6-bor","8":"tm-has-options","10":"first","11":"instock","12":"shipping-taxable","13":"purchasable","14":"product-type-wgm_gift_card"},"acf":[],"_links":{"self":[{"href":"https:\/\/holdvolgy.com\/en\/wp-json\/wp\/v2\/product\/1426","targetHints":{"allow":["GET"]}}],"collection":[{"href":"https:\/\/holdvolgy.com\/en\/wp-json\/wp\/v2\/product"}],"about":[{"href":"https:\/\/holdvolgy.com\/en\/wp-json\/wp\/v2\/types\/product"}],"replies":[{"embeddable":true,"href":"https:\/\/holdvolgy.com\/en\/wp-json\/wp\/v2\/comments?post=1426"}],"wp:featuredmedia":[{"embeddable":true,"href":"https:\/\/holdvolgy.com\/en\/wp-json\/wp\/v2\/media\/13465"}],"wp:attachment":[{"href":"https:\/\/holdvolgy.com\/en\/wp-json\/wp\/v2\/media?parent=1426"}],"wp:term":[{"taxonomy":"product_brand","embeddable":true,"href":"https:\/\/holdvolgy.com\/en\/wp-json\/wp\/v2\/product_brand?post=1426"},{"taxonomy":"product_cat","embeddable":true,"href":"https:\/\/holdvolgy.com\/en\/wp-json\/wp\/v2\/product_cat?post=1426"},{"taxonomy":"product_tag","embeddable":true,"href":"https:\/\/holdvolgy.com\/en\/wp-json\/wp\/v2\/product_tag?post=1426"}],"curies":[{"name":"wp","href":"https:\/\/api.w.org\/{rel}","templated":true}]}}