{"id":15180,"date":"2024-11-28T15:33:18","date_gmt":"2024-11-28T14:33:18","guid":{"rendered":"https:\/\/holdvolgy.com\/?post_type=product&#038;p=15180"},"modified":"2024-11-28T15:56:15","modified_gmt":"2024-11-28T14:56:15","slug":"holdvolgy-ajandektasak","status":"publish","type":"product","link":"https:\/\/holdvolgy.com\/en\/wine\/holdvolgy-ajandektasak","title":{"rendered":"HOLDV\u00d6LGY GIFT BAG"},"content":{"rendered":"","protected":false},"excerpt":{"rendered":"","protected":false},"featured_media":15184,"comment_status":"open","ping_status":"closed","template":"","meta":{"_acf_changed":false,"_seopress_robots_primary_cat":"none","_seopress_titles_title":"Holdv\u00f6lgy aj\u00e1nd\u00e9ktasak | 1-2 palack bor sz\u00e1m\u00e1ra","_seopress_titles_desc":"V\u00e1laszd rendel\u00e9sedhez a Holdv\u00f6lgy aj\u00e1nd\u00e9ktasak term\u00e9k\u00fcnket, hogy m\u00e9g eleg\u00e1nsabb legyen a z aj\u00e1nd\u00e9kod, vagy a vend\u00e9gs\u00e9gbe vitt bor.","_seopress_robots_index":"","iawp_total_views":19},"product_brand":[],"product_cat":[119],"product_tag":[175],"class_list":{"0":"post-15180","1":"product","2":"type-product","3":"status-publish","4":"has-post-thumbnail","6":"product_cat-dizsdoboz","7":"product_tag-hv-ajandektasak","8":"tm-no-options","10":"first","11":"instock","12":"taxable","13":"shipping-taxable","14":"purchasable","15":"product-type-simple"},"acf":[],"_links":{"self":[{"href":"https:\/\/holdvolgy.com\/en\/wp-json\/wp\/v2\/product\/15180","targetHints":{"allow":["GET"]}}],"collection":[{"href":"https:\/\/holdvolgy.com\/en\/wp-json\/wp\/v2\/product"}],"about":[{"href":"https:\/\/holdvolgy.com\/en\/wp-json\/wp\/v2\/types\/product"}],"replies":[{"embeddable":true,"href":"https:\/\/holdvolgy.com\/en\/wp-json\/wp\/v2\/comments?post=15180"}],"wp:featuredmedia":[{"embeddable":true,"href":"https:\/\/holdvolgy.com\/en\/wp-json\/wp\/v2\/media\/15184"}],"wp:attachment":[{"href":"https:\/\/holdvolgy.com\/en\/wp-json\/wp\/v2\/media?parent=15180"}],"wp:term":[{"taxonomy":"product_brand","embeddable":true,"href":"https:\/\/holdvolgy.com\/en\/wp-json\/wp\/v2\/product_brand?post=15180"},{"taxonomy":"product_cat","embeddable":true,"href":"https:\/\/holdvolgy.com\/en\/wp-json\/wp\/v2\/product_cat?post=15180"},{"taxonomy":"product_tag","embeddable":true,"href":"https:\/\/holdvolgy.com\/en\/wp-json\/wp\/v2\/product_tag?post=15180"}],"curies":[{"name":"wp","href":"https:\/\/api.w.org\/{rel}","templated":true}]}}