{"id":15441,"date":"2024-12-09T14:50:47","date_gmt":"2024-12-09T13:50:47","guid":{"rendered":"https:\/\/holdvolgy.com\/?post_type=product&#038;p=15441"},"modified":"2025-09-05T11:22:16","modified_gmt":"2025-09-05T09:22:16","slug":"preculture-tokaji-aszu-2024-en-primeur","status":"publish","type":"product","link":"https:\/\/holdvolgy.com\/en\/wine\/preculture-tokaji-aszu-2024-en-primeur","title":{"rendered":"PRECULTURE 2024"},"content":{"rendered":"","protected":false},"excerpt":{"rendered":"","protected":false},"featured_media":15477,"comment_status":"open","ping_status":"closed","template":"","meta":{"_acf_changed":false,"_seopress_robots_primary_cat":"none","_seopress_titles_title":"Preculture 2024 | 6 palack | Culture tokaji asz\u00fa el\u0151jegyz\u00e9s","_seopress_titles_desc":"A Holdv\u00f6lgy Culture 6 puttonyos tokaji asz\u00fa leg\u00fajabb \u00e9vj\u00e1rata, mely el\u0151jegyz\u00e9sben m\u00e1r megv\u00e1s\u00e1rolhat\u00f3, 3 \u00e9s 6 palackonk\u00e9nt.","_seopress_robots_index":"","iawp_total_views":494},"product_brand":[],"product_cat":[15,100],"product_tag":[178,204,99],"class_list":{"0":"post-15441","1":"product","2":"type-product","3":"status-publish","4":"has-post-thumbnail","6":"product_cat-uncategorized","7":"product_cat-preculture","8":"product_tag-preculture-2024","9":"product_tag-preculture-2024-hatos","10":"product_tag-preculture-main","11":"tm-no-options","13":"first","14":"instock","15":"taxable","16":"shipping-taxable","17":"purchasable","18":"product-type-simple"},"acf":[],"_links":{"self":[{"href":"https:\/\/holdvolgy.com\/en\/wp-json\/wp\/v2\/product\/15441","targetHints":{"allow":["GET"]}}],"collection":[{"href":"https:\/\/holdvolgy.com\/en\/wp-json\/wp\/v2\/product"}],"about":[{"href":"https:\/\/holdvolgy.com\/en\/wp-json\/wp\/v2\/types\/product"}],"replies":[{"embeddable":true,"href":"https:\/\/holdvolgy.com\/en\/wp-json\/wp\/v2\/comments?post=15441"}],"wp:featuredmedia":[{"embeddable":true,"href":"https:\/\/holdvolgy.com\/en\/wp-json\/wp\/v2\/media\/15477"}],"wp:attachment":[{"href":"https:\/\/holdvolgy.com\/en\/wp-json\/wp\/v2\/media?parent=15441"}],"wp:term":[{"taxonomy":"product_brand","embeddable":true,"href":"https:\/\/holdvolgy.com\/en\/wp-json\/wp\/v2\/product_brand?post=15441"},{"taxonomy":"product_cat","embeddable":true,"href":"https:\/\/holdvolgy.com\/en\/wp-json\/wp\/v2\/product_cat?post=15441"},{"taxonomy":"product_tag","embeddable":true,"href":"https:\/\/holdvolgy.com\/en\/wp-json\/wp\/v2\/product_tag?post=15441"}],"curies":[{"name":"wp","href":"https:\/\/api.w.org\/{rel}","templated":true}]}}