{"id":15965,"date":"2024-02-28T14:30:16","date_gmt":"2024-02-28T13:30:16","guid":{"rendered":"https:\/\/holdvolgy.com\/?post_type=product&#038;p=15965"},"modified":"2025-11-25T09:31:42","modified_gmt":"2025-11-25T08:31:42","slug":"eloquence-2013-tokaji-sweet-szamorodni","status":"publish","type":"product","link":"https:\/\/holdvolgy.com\/en\/wine\/eloquence-2013-tokaji-sweet-szamorodni","title":{"rendered":"ELOQUENCE 2013"},"content":{"rendered":"","protected":false},"excerpt":{"rendered":"","protected":false},"featured_media":20760,"comment_status":"open","ping_status":"closed","template":"","meta":{"_acf_changed":false,"_seopress_robots_primary_cat":"none","_seopress_titles_title":"ELOQUENCE 2013 | Tokaji \u00e9des szamorodni","_seopress_titles_desc":"Eloquence \u00e9des szamorodni borunk a Holdv\u00f6lgy legkifejez\u0151bb t\u00e9tele \u00e9s egyben Tokaj-Hegyalja legterm\u00e9szetesebb \u00e9des bora.","_seopress_robots_index":"","iawp_total_views":2033},"product_brand":[],"product_cat":[105,46],"product_tag":[111,180],"class_list":{"0":"post-15965","1":"product","2":"type-product","3":"status-publish","4":"has-post-thumbnail","6":"product_cat-edes","7":"product_cat-bor","8":"product_tag-edes-bor","9":"product_tag-eloquence-2013","10":"tm-no-options","12":"first","13":"instock","14":"taxable","15":"shipping-taxable","16":"purchasable","17":"product-type-simple"},"acf":[],"_links":{"self":[{"href":"https:\/\/holdvolgy.com\/en\/wp-json\/wp\/v2\/product\/15965","targetHints":{"allow":["GET"]}}],"collection":[{"href":"https:\/\/holdvolgy.com\/en\/wp-json\/wp\/v2\/product"}],"about":[{"href":"https:\/\/holdvolgy.com\/en\/wp-json\/wp\/v2\/types\/product"}],"replies":[{"embeddable":true,"href":"https:\/\/holdvolgy.com\/en\/wp-json\/wp\/v2\/comments?post=15965"}],"wp:featuredmedia":[{"embeddable":true,"href":"https:\/\/holdvolgy.com\/en\/wp-json\/wp\/v2\/media\/20760"}],"wp:attachment":[{"href":"https:\/\/holdvolgy.com\/en\/wp-json\/wp\/v2\/media?parent=15965"}],"wp:term":[{"taxonomy":"product_brand","embeddable":true,"href":"https:\/\/holdvolgy.com\/en\/wp-json\/wp\/v2\/product_brand?post=15965"},{"taxonomy":"product_cat","embeddable":true,"href":"https:\/\/holdvolgy.com\/en\/wp-json\/wp\/v2\/product_cat?post=15965"},{"taxonomy":"product_tag","embeddable":true,"href":"https:\/\/holdvolgy.com\/en\/wp-json\/wp\/v2\/product_tag?post=15965"}],"curies":[{"name":"wp","href":"https:\/\/api.w.org\/{rel}","templated":true}]}}