{"id":17823,"date":"2023-09-30T14:30:54","date_gmt":"2023-09-30T12:30:54","guid":{"rendered":"https:\/\/holdvolgy.com\/?post_type=product&#038;p=17823"},"modified":"2025-11-19T13:52:05","modified_gmt":"2025-11-19T12:52:05","slug":"tokaji-sargamuskotaly-intuition-no2-2023","status":"publish","type":"product","link":"https:\/\/holdvolgy.com\/en\/wine\/tokaji-sargamuskotaly-intuition-no2-2023","title":{"rendered":"INTUITION NO2. 2023"},"content":{"rendered":"","protected":false},"excerpt":{"rendered":"","protected":false},"featured_media":20600,"comment_status":"open","ping_status":"closed","template":"","meta":{"_acf_changed":false,"_seopress_robots_primary_cat":"none","_seopress_titles_title":"Intuition No2. 2023 | Tokaji f\u00e9lsz\u00e1raz s\u00e1rgamuskot\u00e1ly","_seopress_titles_desc":"Intuition d\u0171l\u0151szelekt\u00e1lt feh\u00e9rborunk a Nyul\u00e1sz\u00f3-d\u0171l\u0151b\u0151l. Kifinomult d\u0171l\u0151karakter \u00e9s aromatika jellemzi.Csak kiv\u00e9teles \u00e9vj\u00e1ratokban k\u00e9sz\u00fcl el.","_seopress_robots_index":"","iawp_total_views":748},"product_brand":[],"product_cat":[108,107,58,46,106],"product_tag":[191],"class_list":{"0":"post-17823","1":"product","2":"type-product","3":"status-publish","4":"has-post-thumbnail","6":"product_cat-duloszelektalt","7":"product_cat-felszaraz","8":"product_cat-intuition","9":"product_cat-bor","10":"product_cat-szaraz","11":"product_tag-intuition-no2-2023","12":"tm-has-options","14":"first","15":"instock","16":"taxable","17":"shipping-taxable","18":"purchasable","19":"product-type-simple"},"acf":[],"_links":{"self":[{"href":"https:\/\/holdvolgy.com\/en\/wp-json\/wp\/v2\/product\/17823","targetHints":{"allow":["GET"]}}],"collection":[{"href":"https:\/\/holdvolgy.com\/en\/wp-json\/wp\/v2\/product"}],"about":[{"href":"https:\/\/holdvolgy.com\/en\/wp-json\/wp\/v2\/types\/product"}],"replies":[{"embeddable":true,"href":"https:\/\/holdvolgy.com\/en\/wp-json\/wp\/v2\/comments?post=17823"}],"wp:featuredmedia":[{"embeddable":true,"href":"https:\/\/holdvolgy.com\/en\/wp-json\/wp\/v2\/media\/20600"}],"wp:attachment":[{"href":"https:\/\/holdvolgy.com\/en\/wp-json\/wp\/v2\/media?parent=17823"}],"wp:term":[{"taxonomy":"product_brand","embeddable":true,"href":"https:\/\/holdvolgy.com\/en\/wp-json\/wp\/v2\/product_brand?post=17823"},{"taxonomy":"product_cat","embeddable":true,"href":"https:\/\/holdvolgy.com\/en\/wp-json\/wp\/v2\/product_cat?post=17823"},{"taxonomy":"product_tag","embeddable":true,"href":"https:\/\/holdvolgy.com\/en\/wp-json\/wp\/v2\/product_tag?post=17823"}],"curies":[{"name":"wp","href":"https:\/\/api.w.org\/{rel}","templated":true}]}}