{"id":17914,"date":"2023-10-30T14:30:42","date_gmt":"2023-10-30T13:30:42","guid":{"rendered":"https:\/\/holdvolgy.com\/?post_type=product&#038;p=17914"},"modified":"2026-04-16T11:26:43","modified_gmt":"2026-04-16T09:26:43","slug":"tokaji-harslevelu-expression-2021","status":"publish","type":"product","link":"https:\/\/holdvolgy.com\/en\/wine\/tokaji-harslevelu-expression-2021","title":{"rendered":"EXPRESSION 2021 RESERVE"},"content":{"rendered":"","protected":false},"excerpt":{"rendered":"","protected":false},"featured_media":21965,"comment_status":"open","ping_status":"closed","template":"","meta":{"_acf_changed":false,"_seopress_robots_primary_cat":"none","_seopress_titles_title":"Expression 2021 | D\u00edjnyertes tokaji sz\u00e1raz h\u00e1rslevel\u0171","_seopress_titles_desc":"Expression borunk a t\u00f6rt\u00e9nelmi Becsek-d\u0171l\u0151 \u00e9s a h\u00e1rslevel\u0171 mag\u00e1val ragad\u00f3 tal\u00e1lkoz\u00e1sa.  Egy igazi \u00e9l\u00e9nk, magabiztos d\u0171l\u0151lenyomat. D\u00edjnyertes t\u00e9tel.","_seopress_robots_index":"","iawp_total_views":1304},"product_brand":[],"product_cat":[108,46,106],"product_tag":[193],"class_list":{"0":"post-17914","1":"product","2":"type-product","3":"status-publish","4":"has-post-thumbnail","6":"product_cat-duloszelektalt","7":"product_cat-bor","8":"product_cat-szaraz","9":"product_tag-expression-2021","10":"tm-no-options","12":"first","13":"instock","14":"taxable","15":"shipping-taxable","16":"purchasable","17":"product-type-simple"},"acf":[],"_links":{"self":[{"href":"https:\/\/holdvolgy.com\/en\/wp-json\/wp\/v2\/product\/17914","targetHints":{"allow":["GET"]}}],"collection":[{"href":"https:\/\/holdvolgy.com\/en\/wp-json\/wp\/v2\/product"}],"about":[{"href":"https:\/\/holdvolgy.com\/en\/wp-json\/wp\/v2\/types\/product"}],"replies":[{"embeddable":true,"href":"https:\/\/holdvolgy.com\/en\/wp-json\/wp\/v2\/comments?post=17914"}],"wp:featuredmedia":[{"embeddable":true,"href":"https:\/\/holdvolgy.com\/en\/wp-json\/wp\/v2\/media\/21965"}],"wp:attachment":[{"href":"https:\/\/holdvolgy.com\/en\/wp-json\/wp\/v2\/media?parent=17914"}],"wp:term":[{"taxonomy":"product_brand","embeddable":true,"href":"https:\/\/holdvolgy.com\/en\/wp-json\/wp\/v2\/product_brand?post=17914"},{"taxonomy":"product_cat","embeddable":true,"href":"https:\/\/holdvolgy.com\/en\/wp-json\/wp\/v2\/product_cat?post=17914"},{"taxonomy":"product_tag","embeddable":true,"href":"https:\/\/holdvolgy.com\/en\/wp-json\/wp\/v2\/product_tag?post=17914"}],"curies":[{"name":"wp","href":"https:\/\/api.w.org\/{rel}","templated":true}]}}