{"id":18241,"date":"2025-06-02T16:10:03","date_gmt":"2025-06-02T14:10:03","guid":{"rendered":"https:\/\/holdvolgy.com\/?post_type=product&#038;p=18241"},"modified":"2025-09-04T15:35:10","modified_gmt":"2025-09-04T13:35:10","slug":"aszu-en-primeur-2022-3-bottles","status":"publish","type":"product","link":"https:\/\/holdvolgy.com\/en\/wine\/aszu-en-primeur-2022-3-bottles","title":{"rendered":"PRECULTURE 2022"},"content":{"rendered":"","protected":false},"excerpt":{"rendered":"","protected":false},"featured_media":15479,"comment_status":"open","ping_status":"closed","template":"","meta":{"_acf_changed":false,"_seopress_robots_primary_cat":"none","_seopress_titles_title":"Preculture 2022 | 3 palack | Culture tokaji asz\u00fa el\u0151jegyz\u00e9s","_seopress_titles_desc":"A Holdv\u00f6lgy Culture 6 puttonyos tokaji asz\u00fa 17. \u00e9vj\u00e1rata, mely el\u0151jegyz\u00e9sben m\u00e1r megv\u00e1s\u00e1rolhat\u00f3, 3 \u00e9s 6 palackonk\u00e9nt.","_seopress_robots_index":"","iawp_total_views":14},"product_brand":[],"product_cat":[100],"product_tag":[197,99],"class_list":{"0":"post-18241","1":"product","2":"type-product","3":"status-publish","4":"has-post-thumbnail","6":"product_cat-preculture","7":"product_tag-preculture-2022-harmas","8":"product_tag-preculture-main","9":"tm-no-options","11":"first","12":"instock","13":"taxable","14":"shipping-taxable","15":"purchasable","16":"product-type-simple"},"acf":[],"_links":{"self":[{"href":"https:\/\/holdvolgy.com\/en\/wp-json\/wp\/v2\/product\/18241","targetHints":{"allow":["GET"]}}],"collection":[{"href":"https:\/\/holdvolgy.com\/en\/wp-json\/wp\/v2\/product"}],"about":[{"href":"https:\/\/holdvolgy.com\/en\/wp-json\/wp\/v2\/types\/product"}],"replies":[{"embeddable":true,"href":"https:\/\/holdvolgy.com\/en\/wp-json\/wp\/v2\/comments?post=18241"}],"wp:featuredmedia":[{"embeddable":true,"href":"https:\/\/holdvolgy.com\/en\/wp-json\/wp\/v2\/media\/15479"}],"wp:attachment":[{"href":"https:\/\/holdvolgy.com\/en\/wp-json\/wp\/v2\/media?parent=18241"}],"wp:term":[{"taxonomy":"product_brand","embeddable":true,"href":"https:\/\/holdvolgy.com\/en\/wp-json\/wp\/v2\/product_brand?post=18241"},{"taxonomy":"product_cat","embeddable":true,"href":"https:\/\/holdvolgy.com\/en\/wp-json\/wp\/v2\/product_cat?post=18241"},{"taxonomy":"product_tag","embeddable":true,"href":"https:\/\/holdvolgy.com\/en\/wp-json\/wp\/v2\/product_tag?post=18241"}],"curies":[{"name":"wp","href":"https:\/\/api.w.org\/{rel}","templated":true}]}}