{"id":18243,"date":"2025-06-02T16:15:46","date_gmt":"2025-06-02T14:15:46","guid":{"rendered":"https:\/\/holdvolgy.com\/?post_type=product&#038;p=18243"},"modified":"2025-09-04T15:13:59","modified_gmt":"2025-09-04T13:13:59","slug":"aszu-en-primeur-2021-3-bottles","status":"publish","type":"product","link":"https:\/\/holdvolgy.com\/en\/wine\/aszu-en-primeur-2021-3-bottles","title":{"rendered":"PRECULTURE 2021"},"content":{"rendered":"","protected":false},"excerpt":{"rendered":"","protected":false},"featured_media":4089,"comment_status":"open","ping_status":"closed","template":"","meta":{"_acf_changed":false,"_seopress_robots_primary_cat":"none","_seopress_titles_title":"Preculture 2021 | 3 palack | Culture tokaji asz\u00fa el\u0151jegyz\u00e9s","_seopress_titles_desc":"A Holdv\u00f6lgy Culture 6 puttonyos tokaji asz\u00fa 16. \u00e9vj\u00e1rata, mely el\u0151jegyz\u00e9sben m\u00e1r megv\u00e1s\u00e1rolhat\u00f3, 3 \u00e9s 6 palackonk\u00e9nt.","_seopress_robots_index":"","iawp_total_views":21},"product_brand":[],"product_cat":[100],"product_tag":[198],"class_list":{"0":"post-18243","1":"product","2":"type-product","3":"status-publish","4":"has-post-thumbnail","6":"product_cat-preculture","7":"product_tag-preculture-2021-harmas","8":"tm-no-options","10":"first","11":"instock","12":"taxable","13":"shipping-taxable","14":"purchasable","15":"product-type-simple"},"acf":[],"_links":{"self":[{"href":"https:\/\/holdvolgy.com\/en\/wp-json\/wp\/v2\/product\/18243","targetHints":{"allow":["GET"]}}],"collection":[{"href":"https:\/\/holdvolgy.com\/en\/wp-json\/wp\/v2\/product"}],"about":[{"href":"https:\/\/holdvolgy.com\/en\/wp-json\/wp\/v2\/types\/product"}],"replies":[{"embeddable":true,"href":"https:\/\/holdvolgy.com\/en\/wp-json\/wp\/v2\/comments?post=18243"}],"wp:featuredmedia":[{"embeddable":true,"href":"https:\/\/holdvolgy.com\/en\/wp-json\/wp\/v2\/media\/4089"}],"wp:attachment":[{"href":"https:\/\/holdvolgy.com\/en\/wp-json\/wp\/v2\/media?parent=18243"}],"wp:term":[{"taxonomy":"product_brand","embeddable":true,"href":"https:\/\/holdvolgy.com\/en\/wp-json\/wp\/v2\/product_brand?post=18243"},{"taxonomy":"product_cat","embeddable":true,"href":"https:\/\/holdvolgy.com\/en\/wp-json\/wp\/v2\/product_cat?post=18243"},{"taxonomy":"product_tag","embeddable":true,"href":"https:\/\/holdvolgy.com\/en\/wp-json\/wp\/v2\/product_tag?post=18243"}],"curies":[{"name":"wp","href":"https:\/\/api.w.org\/{rel}","templated":true}]}}