{"id":18259,"date":"2023-11-30T15:00:28","date_gmt":"2023-11-30T14:00:28","guid":{"rendered":"https:\/\/holdvolgy.com\/?post_type=product&#038;p=18259"},"modified":"2026-01-22T10:47:45","modified_gmt":"2026-01-22T09:47:45","slug":"dry-estate-selection-vision-2021","status":"publish","type":"product","link":"https:\/\/holdvolgy.com\/en\/wine\/dry-estate-selection-vision-2021","title":{"rendered":"VISION 2021"},"content":{"rendered":"","protected":false},"excerpt":{"rendered":"","protected":false},"featured_media":21446,"comment_status":"open","ping_status":"closed","template":"","meta":{"_acf_changed":false,"_seopress_robots_primary_cat":"none","_seopress_titles_title":"Vision 2021 | Tokaji sz\u00e1raz h\u00e1zas\u00edt\u00e1s | Holdv\u00f6lgy","_seopress_titles_desc":"Egy feszes \u00e9s soksz\u00edn\u0171 tokaji sz\u00e1raz feh\u00e9rbor h\u00e1zas\u00edt\u00e1s, a furmint izgalm\u00e1val, a h\u00e1rslevel\u0171 kedvess\u00e9g\u00e9vel \u00e9s a kabar f\u0171szeres\u00e9g\u00e9vel.","_seopress_robots_index":"","iawp_total_views":1485},"product_brand":[],"product_cat":[46,106,212],"product_tag":[203],"class_list":{"0":"post-18259","1":"product","2":"type-product","3":"status-publish","4":"has-post-thumbnail","6":"product_cat-bor","7":"product_cat-szaraz","8":"product_cat-vision-gyujtooldal","9":"product_tag-vision-2021","10":"tm-no-options","12":"first","13":"instock","14":"taxable","15":"shipping-taxable","16":"purchasable","17":"product-type-simple"},"acf":[],"_links":{"self":[{"href":"https:\/\/holdvolgy.com\/en\/wp-json\/wp\/v2\/product\/18259","targetHints":{"allow":["GET"]}}],"collection":[{"href":"https:\/\/holdvolgy.com\/en\/wp-json\/wp\/v2\/product"}],"about":[{"href":"https:\/\/holdvolgy.com\/en\/wp-json\/wp\/v2\/types\/product"}],"replies":[{"embeddable":true,"href":"https:\/\/holdvolgy.com\/en\/wp-json\/wp\/v2\/comments?post=18259"}],"wp:featuredmedia":[{"embeddable":true,"href":"https:\/\/holdvolgy.com\/en\/wp-json\/wp\/v2\/media\/21446"}],"wp:attachment":[{"href":"https:\/\/holdvolgy.com\/en\/wp-json\/wp\/v2\/media?parent=18259"}],"wp:term":[{"taxonomy":"product_brand","embeddable":true,"href":"https:\/\/holdvolgy.com\/en\/wp-json\/wp\/v2\/product_brand?post=18259"},{"taxonomy":"product_cat","embeddable":true,"href":"https:\/\/holdvolgy.com\/en\/wp-json\/wp\/v2\/product_cat?post=18259"},{"taxonomy":"product_tag","embeddable":true,"href":"https:\/\/holdvolgy.com\/en\/wp-json\/wp\/v2\/product_tag?post=18259"}],"curies":[{"name":"wp","href":"https:\/\/api.w.org\/{rel}","templated":true}]}}