{"id":18975,"date":"2023-05-30T14:30:50","date_gmt":"2023-05-30T12:30:50","guid":{"rendered":"https:\/\/holdvolgy.com\/?post_type=product&#038;p=18975"},"modified":"2025-11-19T14:00:39","modified_gmt":"2025-11-19T13:00:39","slug":"dry-blend-hold-and-hollo-dry-2024","status":"publish","type":"product","link":"https:\/\/holdvolgy.com\/en\/wine\/dry-blend-hold-and-hollo-dry-2024","title":{"rendered":"HOLD AND HOLLO DRY 2024"},"content":{"rendered":"","protected":false},"excerpt":{"rendered":"","protected":false},"featured_media":20121,"comment_status":"open","ping_status":"closed","template":"","meta":{"_acf_changed":false,"_seopress_robots_primary_cat":"none","_seopress_titles_title":"Hold and Hollo Dry 2024 | D\u00edjnyertes tokaji sz\u00e1raz h\u00e1zas\u00edt\u00e1s","_seopress_titles_desc":"Hold and Hollo Dry 2024 t\u00e9tel\u00fcnk fiatalos \u00e9s mer\u00e9sz, egy igazi gy\u00fcm\u00f6lcskokt\u00e9l. Nem a rejt\u00e9lyekr\u0151l sz\u00f3l, hanem az egy\u00e9rtelm\u0171 \u00e9lvezetekr\u0151l.","_seopress_robots_index":"","iawp_total_views":1352},"product_brand":[],"product_cat":[112,46,106],"product_tag":[213],"class_list":{"0":"post-18975","1":"product","2":"type-product","3":"status-publish","4":"has-post-thumbnail","6":"product_cat-hold-and-hollo","7":"product_cat-bor","8":"product_cat-szaraz","9":"product_tag-hold-and-hollo-dry-2024","10":"tm-has-options","12":"first","13":"instock","14":"taxable","15":"shipping-taxable","16":"purchasable","17":"product-type-simple"},"acf":[],"_links":{"self":[{"href":"https:\/\/holdvolgy.com\/en\/wp-json\/wp\/v2\/product\/18975","targetHints":{"allow":["GET"]}}],"collection":[{"href":"https:\/\/holdvolgy.com\/en\/wp-json\/wp\/v2\/product"}],"about":[{"href":"https:\/\/holdvolgy.com\/en\/wp-json\/wp\/v2\/types\/product"}],"replies":[{"embeddable":true,"href":"https:\/\/holdvolgy.com\/en\/wp-json\/wp\/v2\/comments?post=18975"}],"wp:featuredmedia":[{"embeddable":true,"href":"https:\/\/holdvolgy.com\/en\/wp-json\/wp\/v2\/media\/20121"}],"wp:attachment":[{"href":"https:\/\/holdvolgy.com\/en\/wp-json\/wp\/v2\/media?parent=18975"}],"wp:term":[{"taxonomy":"product_brand","embeddable":true,"href":"https:\/\/holdvolgy.com\/en\/wp-json\/wp\/v2\/product_brand?post=18975"},{"taxonomy":"product_cat","embeddable":true,"href":"https:\/\/holdvolgy.com\/en\/wp-json\/wp\/v2\/product_cat?post=18975"},{"taxonomy":"product_tag","embeddable":true,"href":"https:\/\/holdvolgy.com\/en\/wp-json\/wp\/v2\/product_tag?post=18975"}],"curies":[{"name":"wp","href":"https:\/\/api.w.org\/{rel}","templated":true}]}}