{"id":19856,"date":"2023-12-30T14:30:37","date_gmt":"2023-12-30T13:30:37","guid":{"rendered":"https:\/\/holdvolgy.com\/?post_type=product&#038;p=19856"},"modified":"2025-11-19T13:28:13","modified_gmt":"2025-11-19T12:28:13","slug":"tokaji-muscat-blanc-a-petits-grains-2018","status":"publish","type":"product","link":"https:\/\/holdvolgy.com\/en\/wine\/tokaji-muscat-blanc-a-petits-grains-2018","title":{"rendered":"EXALTATION 2018"},"content":{"rendered":"","protected":false},"excerpt":{"rendered":"","protected":false},"featured_media":20082,"comment_status":"open","ping_status":"closed","template":"","meta":{"_acf_changed":false,"_seopress_robots_primary_cat":"none","_seopress_titles_title":"Exaltation 2018 | Tokaji \u00e9des s\u00e1rgamuskot\u00e1ly","_seopress_titles_desc":"Exaltation borunk minden \u00e9vj\u00e1ratban tele van \u00e9lettel, frissess\u00e9ggel, lelkesed\u00e9ssel, gy\u00fcm\u00f6lcs\u00f6ss\u00e9ggel. Ez a bor egy\u00e9rtelm\u0171en a s\u00e1rgamuskot\u00e1lyr\u00f3l sz\u00f3l.","_seopress_robots_index":"","iawp_total_views":638},"product_brand":[],"product_cat":[108,105,46],"product_tag":[111,215],"class_list":{"0":"post-19856","1":"product","2":"type-product","3":"status-publish","4":"has-post-thumbnail","6":"product_cat-duloszelektalt","7":"product_cat-edes","8":"product_cat-bor","9":"product_tag-edes-bor","10":"product_tag-exaltation-2018","11":"tm-no-options","13":"first","14":"instock","15":"taxable","16":"shipping-taxable","17":"purchasable","18":"product-type-simple"},"acf":[],"_links":{"self":[{"href":"https:\/\/holdvolgy.com\/en\/wp-json\/wp\/v2\/product\/19856","targetHints":{"allow":["GET"]}}],"collection":[{"href":"https:\/\/holdvolgy.com\/en\/wp-json\/wp\/v2\/product"}],"about":[{"href":"https:\/\/holdvolgy.com\/en\/wp-json\/wp\/v2\/types\/product"}],"replies":[{"embeddable":true,"href":"https:\/\/holdvolgy.com\/en\/wp-json\/wp\/v2\/comments?post=19856"}],"wp:featuredmedia":[{"embeddable":true,"href":"https:\/\/holdvolgy.com\/en\/wp-json\/wp\/v2\/media\/20082"}],"wp:attachment":[{"href":"https:\/\/holdvolgy.com\/en\/wp-json\/wp\/v2\/media?parent=19856"}],"wp:term":[{"taxonomy":"product_brand","embeddable":true,"href":"https:\/\/holdvolgy.com\/en\/wp-json\/wp\/v2\/product_brand?post=19856"},{"taxonomy":"product_cat","embeddable":true,"href":"https:\/\/holdvolgy.com\/en\/wp-json\/wp\/v2\/product_cat?post=19856"},{"taxonomy":"product_tag","embeddable":true,"href":"https:\/\/holdvolgy.com\/en\/wp-json\/wp\/v2\/product_tag?post=19856"}],"curies":[{"name":"wp","href":"https:\/\/api.w.org\/{rel}","templated":true}]}}