{"id":19985,"date":"2025-10-15T14:19:51","date_gmt":"2025-10-15T12:19:51","guid":{"rendered":"https:\/\/holdvolgy.com\/?post_type=product&#038;p=19985"},"modified":"2025-10-31T15:46:28","modified_gmt":"2025-10-31T14:46:28","slug":"exaltation-2017-reserve","status":"publish","type":"product","link":"https:\/\/holdvolgy.com\/en\/wine\/exaltation-2017-reserve","title":{"rendered":"EXALTATION 2017 RESERVE"},"content":{"rendered":"","protected":false},"excerpt":{"rendered":"","protected":false},"featured_media":19986,"comment_status":"open","ping_status":"closed","template":"","meta":{"_acf_changed":false,"_seopress_robots_primary_cat":"none","_seopress_titles_title":"Exaltation 2017 | Tokaji \u00e9des s\u00e1rgamuskot\u00e1ly","_seopress_titles_desc":"Exaltation borunk minden \u00e9vj\u00e1ratban tele van \u00e9lettel, frissess\u00e9ggel, lelkesed\u00e9ssel, gy\u00fcm\u00f6lcs\u00f6ss\u00e9ggel. Ez a bor egy\u00e9rtelm\u0171en a s\u00e1rgamuskot\u00e1lyr\u00f3l sz\u00f3l.","_seopress_robots_index":"","iawp_total_views":70},"product_brand":[],"product_cat":[105],"product_tag":[219],"class_list":{"0":"post-19985","1":"product","2":"type-product","3":"status-publish","4":"has-post-thumbnail","6":"product_cat-edes","7":"product_tag-exaltation-2017-reserve","8":"tm-no-options","10":"first","11":"instock","12":"taxable","13":"shipping-taxable","14":"purchasable","15":"product-type-simple"},"acf":[],"_links":{"self":[{"href":"https:\/\/holdvolgy.com\/en\/wp-json\/wp\/v2\/product\/19985","targetHints":{"allow":["GET"]}}],"collection":[{"href":"https:\/\/holdvolgy.com\/en\/wp-json\/wp\/v2\/product"}],"about":[{"href":"https:\/\/holdvolgy.com\/en\/wp-json\/wp\/v2\/types\/product"}],"replies":[{"embeddable":true,"href":"https:\/\/holdvolgy.com\/en\/wp-json\/wp\/v2\/comments?post=19985"}],"wp:featuredmedia":[{"embeddable":true,"href":"https:\/\/holdvolgy.com\/en\/wp-json\/wp\/v2\/media\/19986"}],"wp:attachment":[{"href":"https:\/\/holdvolgy.com\/en\/wp-json\/wp\/v2\/media?parent=19985"}],"wp:term":[{"taxonomy":"product_brand","embeddable":true,"href":"https:\/\/holdvolgy.com\/en\/wp-json\/wp\/v2\/product_brand?post=19985"},{"taxonomy":"product_cat","embeddable":true,"href":"https:\/\/holdvolgy.com\/en\/wp-json\/wp\/v2\/product_cat?post=19985"},{"taxonomy":"product_tag","embeddable":true,"href":"https:\/\/holdvolgy.com\/en\/wp-json\/wp\/v2\/product_tag?post=19985"}],"curies":[{"name":"wp","href":"https:\/\/api.w.org\/{rel}","templated":true}]}}