{"id":19996,"date":"2025-10-15T15:02:18","date_gmt":"2025-10-15T13:02:18","guid":{"rendered":"https:\/\/holdvolgy.com\/?post_type=product&#038;p=19996"},"modified":"2025-10-31T15:44:53","modified_gmt":"2025-10-31T14:44:53","slug":"harslevelu-expression-2020-reserve","status":"publish","type":"product","link":"https:\/\/holdvolgy.com\/en\/wine\/harslevelu-expression-2020-reserve","title":{"rendered":"EXPRESSION 2020 RESERVE"},"content":{"rendered":"","protected":false},"excerpt":{"rendered":"","protected":false},"featured_media":19998,"comment_status":"open","ping_status":"closed","template":"","meta":{"_acf_changed":false,"_seopress_robots_primary_cat":"none","_seopress_titles_title":"Expression 2020 reserve | Tokjai sz\u00e1raz h\u00e1rslevel\u0171","_seopress_titles_desc":"Expression borunk a t\u00f6rt\u00e9nelmi Becsek-d\u0171l\u0151 \u00e9s a h\u00e1rslevel\u0171 mag\u00e1val ragad\u00f3 tal\u00e1lkoz\u00e1sa.  Egy igazi \u00e9l\u00e9nk, magabiztos d\u0171l\u0151lenyomat.","_seopress_robots_index":"","iawp_total_views":24},"product_brand":[],"product_cat":[15],"product_tag":[221],"class_list":{"0":"post-19996","1":"product","2":"type-product","3":"status-publish","4":"has-post-thumbnail","6":"product_cat-uncategorized","7":"product_tag-expression-2020-reserve","8":"tm-no-options","10":"first","11":"instock","12":"taxable","13":"shipping-taxable","14":"purchasable","15":"product-type-simple"},"acf":[],"_links":{"self":[{"href":"https:\/\/holdvolgy.com\/en\/wp-json\/wp\/v2\/product\/19996","targetHints":{"allow":["GET"]}}],"collection":[{"href":"https:\/\/holdvolgy.com\/en\/wp-json\/wp\/v2\/product"}],"about":[{"href":"https:\/\/holdvolgy.com\/en\/wp-json\/wp\/v2\/types\/product"}],"replies":[{"embeddable":true,"href":"https:\/\/holdvolgy.com\/en\/wp-json\/wp\/v2\/comments?post=19996"}],"wp:featuredmedia":[{"embeddable":true,"href":"https:\/\/holdvolgy.com\/en\/wp-json\/wp\/v2\/media\/19998"}],"wp:attachment":[{"href":"https:\/\/holdvolgy.com\/en\/wp-json\/wp\/v2\/media?parent=19996"}],"wp:term":[{"taxonomy":"product_brand","embeddable":true,"href":"https:\/\/holdvolgy.com\/en\/wp-json\/wp\/v2\/product_brand?post=19996"},{"taxonomy":"product_cat","embeddable":true,"href":"https:\/\/holdvolgy.com\/en\/wp-json\/wp\/v2\/product_cat?post=19996"},{"taxonomy":"product_tag","embeddable":true,"href":"https:\/\/holdvolgy.com\/en\/wp-json\/wp\/v2\/product_tag?post=19996"}],"curies":[{"name":"wp","href":"https:\/\/api.w.org\/{rel}","templated":true}]}}