{"id":20844,"date":"2025-12-03T10:29:26","date_gmt":"2025-12-03T09:29:26","guid":{"rendered":"https:\/\/holdvolgy.com\/?post_type=product&#038;p=20844"},"modified":"2025-12-10T13:16:46","modified_gmt":"2025-12-10T12:16:46","slug":"tokaji-aszu-en-primeur-preculture-2025-6-bottles","status":"publish","type":"product","link":"https:\/\/holdvolgy.com\/en\/wine\/tokaji-aszu-en-primeur-preculture-2025-6-bottles","title":{"rendered":"PRECULTURE 2025"},"content":{"rendered":"","protected":false},"excerpt":{"rendered":"","protected":false},"featured_media":21036,"comment_status":"open","ping_status":"closed","template":"","meta":{"_acf_changed":false,"_seopress_robots_primary_cat":"none","_seopress_titles_title":"Preculture 2025 | 6 palack | Culture tokaji asz\u00fa el\u0151jegyz\u00e9s","_seopress_titles_desc":"A Holdv\u00f6lgy Culture 6 puttonyos tokaji asz\u00fa leg\u00fajabb \u00e9vj\u00e1rata, mely el\u0151jegyz\u00e9sben m\u00e1r megv\u00e1s\u00e1rolhat\u00f3, 3 \u00e9s 6 palackonk\u00e9nt.","_seopress_robots_index":"","iawp_total_views":87},"product_brand":[],"product_cat":[15,100],"product_tag":[233,234,99],"class_list":{"0":"post-20844","1":"product","2":"type-product","3":"status-publish","4":"has-post-thumbnail","6":"product_cat-uncategorized","7":"product_cat-preculture","8":"product_tag-preculture-2025","9":"product_tag-preculture-2025-hatos","10":"product_tag-preculture-main","11":"tm-no-options","13":"first","14":"instock","15":"taxable","16":"shipping-taxable","17":"purchasable","18":"product-type-simple"},"acf":[],"_links":{"self":[{"href":"https:\/\/holdvolgy.com\/en\/wp-json\/wp\/v2\/product\/20844","targetHints":{"allow":["GET"]}}],"collection":[{"href":"https:\/\/holdvolgy.com\/en\/wp-json\/wp\/v2\/product"}],"about":[{"href":"https:\/\/holdvolgy.com\/en\/wp-json\/wp\/v2\/types\/product"}],"replies":[{"embeddable":true,"href":"https:\/\/holdvolgy.com\/en\/wp-json\/wp\/v2\/comments?post=20844"}],"wp:featuredmedia":[{"embeddable":true,"href":"https:\/\/holdvolgy.com\/en\/wp-json\/wp\/v2\/media\/21036"}],"wp:attachment":[{"href":"https:\/\/holdvolgy.com\/en\/wp-json\/wp\/v2\/media?parent=20844"}],"wp:term":[{"taxonomy":"product_brand","embeddable":true,"href":"https:\/\/holdvolgy.com\/en\/wp-json\/wp\/v2\/product_brand?post=20844"},{"taxonomy":"product_cat","embeddable":true,"href":"https:\/\/holdvolgy.com\/en\/wp-json\/wp\/v2\/product_cat?post=20844"},{"taxonomy":"product_tag","embeddable":true,"href":"https:\/\/holdvolgy.com\/en\/wp-json\/wp\/v2\/product_tag?post=20844"}],"curies":[{"name":"wp","href":"https:\/\/api.w.org\/{rel}","templated":true}]}}