{"id":21372,"date":"2023-08-30T14:29:03","date_gmt":"2023-08-30T12:29:03","guid":{"rendered":"https:\/\/holdvolgy.com\/?post_type=product&#038;p=21372"},"modified":"2026-01-14T10:31:43","modified_gmt":"2026-01-14T09:31:43","slug":"tokaji-kabar-intuition-no4-2023","status":"publish","type":"product","link":"https:\/\/holdvolgy.com\/en\/wine\/tokaji-kabar-intuition-no4-2023","title":{"rendered":"INTUITION NO4. 2023"},"content":{"rendered":"","protected":false},"excerpt":{"rendered":"","protected":false},"featured_media":21402,"comment_status":"open","ping_status":"closed","template":"","meta":{"_acf_changed":false,"_seopress_robots_primary_cat":"none","_seopress_titles_title":"Intuition No4. 2023 | Tokaji sz\u00e1raz kabar | Holdv\u00f6lgy-d\u0171l\u0151","_seopress_titles_desc":"Intuition d\u0171l\u0151szelekt\u00e1lt feh\u00e9rborunk a Holdv\u00f6lgy-d\u0171l\u0151b\u0151l. Kifinomult d\u0171l\u0151karakter \u00e9s aromatika jellemzi. Csak kiv\u00e9teles \u00e9vj\u00e1ratokban k\u00e9sz\u00fcl el.","_seopress_robots_index":"","iawp_total_views":245},"product_brand":[],"product_cat":[108,58,46,106],"product_tag":[238],"class_list":{"0":"post-21372","1":"product","2":"type-product","3":"status-publish","4":"has-post-thumbnail","6":"product_cat-duloszelektalt","7":"product_cat-intuition","8":"product_cat-bor","9":"product_cat-szaraz","10":"product_tag-intuition-no4-2023","11":"tm-has-options","13":"first","14":"instock","15":"taxable","16":"shipping-taxable","17":"purchasable","18":"product-type-simple"},"acf":[],"_links":{"self":[{"href":"https:\/\/holdvolgy.com\/en\/wp-json\/wp\/v2\/product\/21372","targetHints":{"allow":["GET"]}}],"collection":[{"href":"https:\/\/holdvolgy.com\/en\/wp-json\/wp\/v2\/product"}],"about":[{"href":"https:\/\/holdvolgy.com\/en\/wp-json\/wp\/v2\/types\/product"}],"replies":[{"embeddable":true,"href":"https:\/\/holdvolgy.com\/en\/wp-json\/wp\/v2\/comments?post=21372"}],"wp:featuredmedia":[{"embeddable":true,"href":"https:\/\/holdvolgy.com\/en\/wp-json\/wp\/v2\/media\/21402"}],"wp:attachment":[{"href":"https:\/\/holdvolgy.com\/en\/wp-json\/wp\/v2\/media?parent=21372"}],"wp:term":[{"taxonomy":"product_brand","embeddable":true,"href":"https:\/\/holdvolgy.com\/en\/wp-json\/wp\/v2\/product_brand?post=21372"},{"taxonomy":"product_cat","embeddable":true,"href":"https:\/\/holdvolgy.com\/en\/wp-json\/wp\/v2\/product_cat?post=21372"},{"taxonomy":"product_tag","embeddable":true,"href":"https:\/\/holdvolgy.com\/en\/wp-json\/wp\/v2\/product_tag?post=21372"}],"curies":[{"name":"wp","href":"https:\/\/api.w.org\/{rel}","templated":true}]}}