{"id":21552,"date":"2023-08-30T14:30:02","date_gmt":"2023-08-30T12:30:02","guid":{"rendered":"https:\/\/holdvolgy.com\/?post_type=product&#038;p=21552"},"modified":"2026-02-13T15:16:50","modified_gmt":"2026-02-13T14:16:50","slug":"tokaji-furmint-intuition-no3-2020","status":"publish","type":"product","link":"https:\/\/holdvolgy.com\/en\/wine\/tokaji-furmint-intuition-no3-2020","title":{"rendered":"INTUITION NO3. 2020"},"content":{"rendered":"","protected":false},"excerpt":{"rendered":"","protected":false},"featured_media":21553,"comment_status":"open","ping_status":"closed","template":"","meta":{"_acf_changed":false,"_seopress_robots_primary_cat":"none","_seopress_titles_title":"Intuition No3. 2020 | sz\u00e1raz furmint | Becsek-d\u0171l\u0151","_seopress_titles_desc":"A Becsek-d\u0171l\u0151 Furmintja 2006 \u00f3ta asz\u00faink \u00e1lland\u00f3 alapbora, \u00e1m a 2020-as \u00e9vj\u00e1ratb\u00f3l ez a d\u0171l\u0151szelekt\u00e1lt t\u00e9tel kiv\u00e9telesen \u00f6n\u00e1ll\u00f3 bork\u00e9nt mutatkozik be","_seopress_robots_index":"","iawp_total_views":172},"product_brand":[],"product_cat":[108,58,46,106],"product_tag":[239],"class_list":{"0":"post-21552","1":"product","2":"type-product","3":"status-publish","4":"has-post-thumbnail","6":"product_cat-duloszelektalt","7":"product_cat-intuition","8":"product_cat-bor","9":"product_cat-szaraz","10":"product_tag-intuition-no3-2020","11":"tm-no-options","13":"first","14":"instock","15":"taxable","16":"shipping-taxable","17":"purchasable","18":"product-type-simple"},"acf":[],"_links":{"self":[{"href":"https:\/\/holdvolgy.com\/en\/wp-json\/wp\/v2\/product\/21552","targetHints":{"allow":["GET"]}}],"collection":[{"href":"https:\/\/holdvolgy.com\/en\/wp-json\/wp\/v2\/product"}],"about":[{"href":"https:\/\/holdvolgy.com\/en\/wp-json\/wp\/v2\/types\/product"}],"replies":[{"embeddable":true,"href":"https:\/\/holdvolgy.com\/en\/wp-json\/wp\/v2\/comments?post=21552"}],"wp:featuredmedia":[{"embeddable":true,"href":"https:\/\/holdvolgy.com\/en\/wp-json\/wp\/v2\/media\/21553"}],"wp:attachment":[{"href":"https:\/\/holdvolgy.com\/en\/wp-json\/wp\/v2\/media?parent=21552"}],"wp:term":[{"taxonomy":"product_brand","embeddable":true,"href":"https:\/\/holdvolgy.com\/en\/wp-json\/wp\/v2\/product_brand?post=21552"},{"taxonomy":"product_cat","embeddable":true,"href":"https:\/\/holdvolgy.com\/en\/wp-json\/wp\/v2\/product_cat?post=21552"},{"taxonomy":"product_tag","embeddable":true,"href":"https:\/\/holdvolgy.com\/en\/wp-json\/wp\/v2\/product_tag?post=21552"}],"curies":[{"name":"wp","href":"https:\/\/api.w.org\/{rel}","templated":true}]}}