{"id":21608,"date":"2026-02-12T12:45:27","date_gmt":"2026-02-12T11:45:27","guid":{"rendered":"https:\/\/holdvolgy.com\/?post_type=product&#038;p=21608"},"modified":"2026-02-12T13:19:30","modified_gmt":"2026-02-12T12:19:30","slug":"meditation-2017-reserve","status":"publish","type":"product","link":"https:\/\/holdvolgy.com\/en\/wine\/meditation-2017-reserve","title":{"rendered":"MEDITATION 2017 RESERVE"},"content":{"rendered":"","protected":false},"excerpt":{"rendered":"","protected":false},"featured_media":21620,"comment_status":"open","ping_status":"closed","template":"","meta":{"_acf_changed":false,"_seopress_robots_primary_cat":"none","_seopress_titles_title":"Meditation 2017 RESERVE | Sz\u00e1raz furmint | Holdv\u00f6lgy","_seopress_titles_desc":"Meditation tokaji sz\u00e1raz furmint a Kir\u00e1ly-d\u0171l\u0151b\u0151l.","_seopress_robots_index":"","iawp_total_views":1},"product_brand":[],"product_cat":[15],"product_tag":[243],"class_list":{"0":"post-21608","1":"product","2":"type-product","3":"status-publish","4":"has-post-thumbnail","6":"product_cat-uncategorized","7":"product_tag-meditation-2017-reserve","8":"tm-no-options","10":"first","11":"instock","12":"taxable","13":"shipping-taxable","14":"purchasable","15":"product-type-simple"},"acf":[],"_links":{"self":[{"href":"https:\/\/holdvolgy.com\/en\/wp-json\/wp\/v2\/product\/21608","targetHints":{"allow":["GET"]}}],"collection":[{"href":"https:\/\/holdvolgy.com\/en\/wp-json\/wp\/v2\/product"}],"about":[{"href":"https:\/\/holdvolgy.com\/en\/wp-json\/wp\/v2\/types\/product"}],"replies":[{"embeddable":true,"href":"https:\/\/holdvolgy.com\/en\/wp-json\/wp\/v2\/comments?post=21608"}],"wp:featuredmedia":[{"embeddable":true,"href":"https:\/\/holdvolgy.com\/en\/wp-json\/wp\/v2\/media\/21620"}],"wp:attachment":[{"href":"https:\/\/holdvolgy.com\/en\/wp-json\/wp\/v2\/media?parent=21608"}],"wp:term":[{"taxonomy":"product_brand","embeddable":true,"href":"https:\/\/holdvolgy.com\/en\/wp-json\/wp\/v2\/product_brand?post=21608"},{"taxonomy":"product_cat","embeddable":true,"href":"https:\/\/holdvolgy.com\/en\/wp-json\/wp\/v2\/product_cat?post=21608"},{"taxonomy":"product_tag","embeddable":true,"href":"https:\/\/holdvolgy.com\/en\/wp-json\/wp\/v2\/product_tag?post=21608"}],"curies":[{"name":"wp","href":"https:\/\/api.w.org\/{rel}","templated":true}]}}