{"id":21782,"date":"2023-06-30T14:30:46","date_gmt":"2023-06-30T12:30:46","guid":{"rendered":"https:\/\/holdvolgy.com\/?post_type=product&#038;p=21782"},"modified":"2026-03-23T12:29:20","modified_gmt":"2026-03-23T11:29:20","slug":"hold-and-hollo-uppp-2025","status":"publish","type":"product","link":"https:\/\/holdvolgy.com\/en\/wine\/hold-and-hollo-uppp-2025","title":{"rendered":"HOLD AND HOLLO UPPP 2025"},"content":{"rendered":"","protected":false},"excerpt":{"rendered":"","protected":false},"featured_media":21783,"comment_status":"open","ping_status":"closed","template":"","meta":{"_acf_changed":false,"_seopress_robots_primary_cat":"none","_seopress_titles_title":"Hold and Hollo Uppp 2025 | F\u00e9lsz\u00e1raz gy\u00f6ngy\u00f6z\u0151bor","_seopress_titles_desc":"Az Uppp f\u00e9lsz\u00e1raz gy\u00f6ngy\u00f6z\u0151bor minden korty\u00e1val felpezsd\u00edt! Maradand\u00f3 \u00e9lm\u00e9ny a h\u00e9tk\u00f6znapokra \u00e9s \u00fcnnepekre. Fedezd fel: 1 \u00fcveg sosem el\u00e9g!","_seopress_robots_index":"","iawp_total_views":289},"product_brand":[],"product_cat":[107,112,46],"product_tag":[246],"class_list":{"0":"post-21782","1":"product","2":"type-product","3":"status-publish","4":"has-post-thumbnail","6":"product_cat-felszaraz","7":"product_cat-hold-and-hollo","8":"product_cat-bor","9":"product_tag-hold-and-hollo-uppp-202525","10":"tm-no-options","12":"first","13":"instock","14":"taxable","15":"shipping-taxable","16":"purchasable","17":"product-type-simple"},"acf":[],"_links":{"self":[{"href":"https:\/\/holdvolgy.com\/en\/wp-json\/wp\/v2\/product\/21782","targetHints":{"allow":["GET"]}}],"collection":[{"href":"https:\/\/holdvolgy.com\/en\/wp-json\/wp\/v2\/product"}],"about":[{"href":"https:\/\/holdvolgy.com\/en\/wp-json\/wp\/v2\/types\/product"}],"replies":[{"embeddable":true,"href":"https:\/\/holdvolgy.com\/en\/wp-json\/wp\/v2\/comments?post=21782"}],"wp:featuredmedia":[{"embeddable":true,"href":"https:\/\/holdvolgy.com\/en\/wp-json\/wp\/v2\/media\/21783"}],"wp:attachment":[{"href":"https:\/\/holdvolgy.com\/en\/wp-json\/wp\/v2\/media?parent=21782"}],"wp:term":[{"taxonomy":"product_brand","embeddable":true,"href":"https:\/\/holdvolgy.com\/en\/wp-json\/wp\/v2\/product_brand?post=21782"},{"taxonomy":"product_cat","embeddable":true,"href":"https:\/\/holdvolgy.com\/en\/wp-json\/wp\/v2\/product_cat?post=21782"},{"taxonomy":"product_tag","embeddable":true,"href":"https:\/\/holdvolgy.com\/en\/wp-json\/wp\/v2\/product_tag?post=21782"}],"curies":[{"name":"wp","href":"https:\/\/api.w.org\/{rel}","templated":true}]}}