{"id":21963,"date":"2023-10-30T14:29:29","date_gmt":"2023-10-30T13:29:29","guid":{"rendered":"https:\/\/holdvolgy.com\/?post_type=product&#038;p=21963"},"modified":"2026-04-17T11:10:00","modified_gmt":"2026-04-17T09:10:00","slug":"expression-2022","status":"publish","type":"product","link":"https:\/\/holdvolgy.com\/en\/wine\/expression-2022","title":{"rendered":"EXPRESSION 2022"},"content":{"rendered":"","protected":false},"excerpt":{"rendered":"","protected":false},"featured_media":21964,"comment_status":"open","ping_status":"closed","template":"","meta":{"_acf_changed":false,"_seopress_robots_primary_cat":"none","_seopress_titles_title":"Expression 2022 | TOKAJI SZ\u00c1RAZ H\u00c1RSLEVEL\u0170","_seopress_titles_desc":"Expression borunk a t\u00f6rt\u00e9nelmi Becsek-d\u0171l\u0151 \u00e9s a h\u00e1rslevel\u0171 mag\u00e1val ragad\u00f3 tal\u00e1lkoz\u00e1sa.  Egy igazi \u00e9l\u00e9nk, magabiztos d\u0171l\u0151lenyomat.","_seopress_robots_index":"","iawp_total_views":124},"product_brand":[],"product_cat":[108,46,106],"product_tag":[247],"class_list":{"0":"post-21963","1":"product","2":"type-product","3":"status-publish","4":"has-post-thumbnail","6":"product_cat-duloszelektalt","7":"product_cat-bor","8":"product_cat-szaraz","9":"product_tag-expression-2022","10":"tm-no-options","12":"first","13":"instock","14":"taxable","15":"shipping-taxable","16":"purchasable","17":"product-type-simple"},"acf":[],"_links":{"self":[{"href":"https:\/\/holdvolgy.com\/en\/wp-json\/wp\/v2\/product\/21963","targetHints":{"allow":["GET"]}}],"collection":[{"href":"https:\/\/holdvolgy.com\/en\/wp-json\/wp\/v2\/product"}],"about":[{"href":"https:\/\/holdvolgy.com\/en\/wp-json\/wp\/v2\/types\/product"}],"replies":[{"embeddable":true,"href":"https:\/\/holdvolgy.com\/en\/wp-json\/wp\/v2\/comments?post=21963"}],"wp:featuredmedia":[{"embeddable":true,"href":"https:\/\/holdvolgy.com\/en\/wp-json\/wp\/v2\/media\/21964"}],"wp:attachment":[{"href":"https:\/\/holdvolgy.com\/en\/wp-json\/wp\/v2\/media?parent=21963"}],"wp:term":[{"taxonomy":"product_brand","embeddable":true,"href":"https:\/\/holdvolgy.com\/en\/wp-json\/wp\/v2\/product_brand?post=21963"},{"taxonomy":"product_cat","embeddable":true,"href":"https:\/\/holdvolgy.com\/en\/wp-json\/wp\/v2\/product_cat?post=21963"},{"taxonomy":"product_tag","embeddable":true,"href":"https:\/\/holdvolgy.com\/en\/wp-json\/wp\/v2\/product_tag?post=21963"}],"curies":[{"name":"wp","href":"https:\/\/api.w.org\/{rel}","templated":true}]}}