{"id":22227,"date":"2024-02-28T14:31:54","date_gmt":"2024-02-28T13:31:54","guid":{"rendered":"https:\/\/holdvolgy.com\/?post_type=product&#038;p=22227"},"modified":"2026-05-12T09:54:08","modified_gmt":"2026-05-12T07:54:08","slug":"eloquence-2014","status":"publish","type":"product","link":"https:\/\/holdvolgy.com\/en\/wine\/eloquence-2014","title":{"rendered":"ELOQUENCE 2014"},"content":{"rendered":"","protected":false},"excerpt":{"rendered":"","protected":false},"featured_media":22228,"comment_status":"open","ping_status":"closed","template":"","meta":{"_acf_changed":false,"_seopress_robots_primary_cat":"none","_seopress_titles_title":"ELOQUENCE 2014 | Tokaji \u00e9des szamorodni","_seopress_titles_desc":"Eloquence \u00e9des szamorodni borunk a Holdv\u00f6lgy legkifejez\u0151bb t\u00e9tele \u00e9s egyben Tokaj-Hegyalja legterm\u00e9szetesebb \u00e9des bora.","_seopress_robots_index":"","iawp_total_views":46},"product_brand":[],"product_cat":[105,46],"product_tag":[111,248],"class_list":{"0":"post-22227","1":"product","2":"type-product","3":"status-publish","4":"has-post-thumbnail","6":"product_cat-edes","7":"product_cat-bor","8":"product_tag-edes-bor","9":"product_tag-eloquence-2014","10":"tm-no-options","12":"first","13":"instock","14":"taxable","15":"shipping-taxable","16":"purchasable","17":"product-type-simple"},"acf":[],"_links":{"self":[{"href":"https:\/\/holdvolgy.com\/en\/wp-json\/wp\/v2\/product\/22227","targetHints":{"allow":["GET"]}}],"collection":[{"href":"https:\/\/holdvolgy.com\/en\/wp-json\/wp\/v2\/product"}],"about":[{"href":"https:\/\/holdvolgy.com\/en\/wp-json\/wp\/v2\/types\/product"}],"replies":[{"embeddable":true,"href":"https:\/\/holdvolgy.com\/en\/wp-json\/wp\/v2\/comments?post=22227"}],"wp:featuredmedia":[{"embeddable":true,"href":"https:\/\/holdvolgy.com\/en\/wp-json\/wp\/v2\/media\/22228"}],"wp:attachment":[{"href":"https:\/\/holdvolgy.com\/en\/wp-json\/wp\/v2\/media?parent=22227"}],"wp:term":[{"taxonomy":"product_brand","embeddable":true,"href":"https:\/\/holdvolgy.com\/en\/wp-json\/wp\/v2\/product_brand?post=22227"},{"taxonomy":"product_cat","embeddable":true,"href":"https:\/\/holdvolgy.com\/en\/wp-json\/wp\/v2\/product_cat?post=22227"},{"taxonomy":"product_tag","embeddable":true,"href":"https:\/\/holdvolgy.com\/en\/wp-json\/wp\/v2\/product_tag?post=22227"}],"curies":[{"name":"wp","href":"https:\/\/api.w.org\/{rel}","templated":true}]}}