{"id":3411,"date":"2022-10-30T14:30:36","date_gmt":"2022-10-30T13:30:36","guid":{"rendered":"https:\/\/holdvolgy.com\/?post_type=product&#038;p=3411"},"modified":"2025-10-28T11:14:56","modified_gmt":"2025-10-28T10:14:56","slug":"wine-tasting-6-sweet-wines","status":"publish","type":"product","link":"https:\/\/holdvolgy.com\/en\/wine\/wine-tasting-6-sweet-wines","title":{"rendered":"TREASURE HUNT WITH  6 SWEET WINES"},"content":{"rendered":"","protected":false},"excerpt":{"rendered":"","protected":false},"featured_media":13468,"comment_status":"open","ping_status":"closed","template":"","meta":{"_acf_changed":false,"_seopress_robots_primary_cat":"none","_seopress_titles_title":"Bork\u00f3stol\u00f3 6 \u00e9des borral | T\u00e9rk\u00e9pes kincskeres\u00e9s | Tokaj","_seopress_titles_desc":"Bork\u00f3stol\u00f3nk sor\u00e1n egy t\u00e9rk\u00e9p seg\u00edts\u00e9g\u00e9vel kell megtal\u00e1lnod a pinc\u00e9ben elrejtett \u00e9des feh\u00e9rborokat. Kalandos f\u00f6ld alatti program, ak\u00e1r gyerekkel is.","_seopress_robots_index":"","iawp_total_views":2449},"product_brand":[],"product_cat":[132],"product_tag":[60],"class_list":{"0":"post-3411","1":"product","2":"type-product","3":"status-publish","4":"has-post-thumbnail","6":"product_cat-mwb_wgm_giftcard-2","7":"product_tag-borkostolo-6-edes-bor","8":"tm-no-options","10":"first","11":"instock","12":"shipping-taxable","13":"purchasable","14":"product-type-wgm_gift_card"},"acf":[],"_links":{"self":[{"href":"https:\/\/holdvolgy.com\/en\/wp-json\/wp\/v2\/product\/3411","targetHints":{"allow":["GET"]}}],"collection":[{"href":"https:\/\/holdvolgy.com\/en\/wp-json\/wp\/v2\/product"}],"about":[{"href":"https:\/\/holdvolgy.com\/en\/wp-json\/wp\/v2\/types\/product"}],"replies":[{"embeddable":true,"href":"https:\/\/holdvolgy.com\/en\/wp-json\/wp\/v2\/comments?post=3411"}],"wp:featuredmedia":[{"embeddable":true,"href":"https:\/\/holdvolgy.com\/en\/wp-json\/wp\/v2\/media\/13468"}],"wp:attachment":[{"href":"https:\/\/holdvolgy.com\/en\/wp-json\/wp\/v2\/media?parent=3411"}],"wp:term":[{"taxonomy":"product_brand","embeddable":true,"href":"https:\/\/holdvolgy.com\/en\/wp-json\/wp\/v2\/product_brand?post=3411"},{"taxonomy":"product_cat","embeddable":true,"href":"https:\/\/holdvolgy.com\/en\/wp-json\/wp\/v2\/product_cat?post=3411"},{"taxonomy":"product_tag","embeddable":true,"href":"https:\/\/holdvolgy.com\/en\/wp-json\/wp\/v2\/product_tag?post=3411"}],"curies":[{"name":"wp","href":"https:\/\/api.w.org\/{rel}","templated":true}]}}