{"id":3690,"date":"2024-03-30T14:25:17","date_gmt":"2024-03-30T13:25:17","guid":{"rendered":"https:\/\/holdvolgy.com\/?post_type=product&#038;p=3690"},"modified":"2025-11-25T09:11:38","modified_gmt":"2025-11-25T08:11:38","slug":"edes-birtokvalogatas-signature-2007","status":"publish","type":"product","link":"https:\/\/holdvolgy.com\/en\/wine\/edes-birtokvalogatas-signature-2007","title":{"rendered":"SIGNATURE 2007"},"content":{"rendered":"","protected":false},"excerpt":{"rendered":"","protected":false},"featured_media":20740,"comment_status":"open","ping_status":"closed","template":"","meta":{"_acf_changed":false,"_seopress_robots_primary_cat":"none","_seopress_titles_title":"Signature 2007 | \u00c9des birtokv\u00e1logat\u00e1s | Holdv\u00f6lgy","_seopress_titles_desc":"Signature 2007 d\u00edjnyertes t\u00e9tel\u00fcnk csod\u00e1latosan mutatja meg a Holdv\u00f6lgy Birtok \u00e9des bor v\u00edzi\u00f3j\u00e1t, mely t\u00falmutat a tokaji hagyom\u00e1nyokon.","_seopress_robots_index":"","iawp_total_views":1142},"product_brand":[],"product_cat":[105,46],"product_tag":[111,55],"class_list":{"0":"post-3690","1":"product","2":"type-product","3":"status-publish","4":"has-post-thumbnail","6":"product_cat-edes","7":"product_cat-bor","8":"product_tag-edes-bor","9":"product_tag-signature-2007","10":"tm-no-options","12":"first","13":"instock","14":"taxable","15":"shipping-taxable","16":"purchasable","17":"product-type-simple"},"acf":[],"_links":{"self":[{"href":"https:\/\/holdvolgy.com\/en\/wp-json\/wp\/v2\/product\/3690","targetHints":{"allow":["GET"]}}],"collection":[{"href":"https:\/\/holdvolgy.com\/en\/wp-json\/wp\/v2\/product"}],"about":[{"href":"https:\/\/holdvolgy.com\/en\/wp-json\/wp\/v2\/types\/product"}],"replies":[{"embeddable":true,"href":"https:\/\/holdvolgy.com\/en\/wp-json\/wp\/v2\/comments?post=3690"}],"wp:featuredmedia":[{"embeddable":true,"href":"https:\/\/holdvolgy.com\/en\/wp-json\/wp\/v2\/media\/20740"}],"wp:attachment":[{"href":"https:\/\/holdvolgy.com\/en\/wp-json\/wp\/v2\/media?parent=3690"}],"wp:term":[{"taxonomy":"product_brand","embeddable":true,"href":"https:\/\/holdvolgy.com\/en\/wp-json\/wp\/v2\/product_brand?post=3690"},{"taxonomy":"product_cat","embeddable":true,"href":"https:\/\/holdvolgy.com\/en\/wp-json\/wp\/v2\/product_cat?post=3690"},{"taxonomy":"product_tag","embeddable":true,"href":"https:\/\/holdvolgy.com\/en\/wp-json\/wp\/v2\/product_tag?post=3690"}],"curies":[{"name":"wp","href":"https:\/\/api.w.org\/{rel}","templated":true}]}}