{"id":3711,"date":"2023-04-30T14:30:07","date_gmt":"2023-04-30T12:30:07","guid":{"rendered":"https:\/\/holdvolgy.com\/?post_type=product&#038;p=3711"},"modified":"2025-11-19T14:02:44","modified_gmt":"2025-11-19T13:02:44","slug":"edes-valogatas-hold-and-hollo-sweet-2019","status":"publish","type":"product","link":"https:\/\/holdvolgy.com\/en\/wine\/edes-valogatas-hold-and-hollo-sweet-2019","title":{"rendered":"HOLD AND HOLLO SWEET 2019"},"content":{"rendered":"","protected":false},"excerpt":{"rendered":"","protected":false},"featured_media":20119,"comment_status":"open","ping_status":"closed","template":"","meta":{"_acf_changed":false,"_seopress_robots_primary_cat":"none","_seopress_titles_title":"Hold and Hollo Sweet 2019 | Tokaji \u00e9des h\u00e1zas\u00edt\u00e1s","_seopress_titles_desc":"Hold and Hollo Sweet \u00e9des h\u00e1zas\u00edt\u00e1s feh\u00e9rborunk a legjobb t\u00e9tel a szeretet \u00e9s kifejez\u00e9s\u00e9re. Telt, gy\u00fcm\u00f6lcs\u00f6s jegyek, feszes savszerkezet friss \u00e9lm\u00e9ny.","_seopress_robots_index":"","iawp_total_views":1529},"product_brand":[],"product_cat":[105,112,46],"product_tag":[111,135],"class_list":{"0":"post-3711","1":"product","2":"type-product","3":"status-publish","4":"has-post-thumbnail","6":"product_cat-edes","7":"product_cat-hold-and-hollo","8":"product_cat-bor","9":"product_tag-edes-bor","10":"product_tag-hold-and-hollo-sweet-2019","11":"tm-no-options","13":"first","14":"instock","15":"taxable","16":"shipping-taxable","17":"purchasable","18":"product-type-simple"},"acf":[],"_links":{"self":[{"href":"https:\/\/holdvolgy.com\/en\/wp-json\/wp\/v2\/product\/3711","targetHints":{"allow":["GET"]}}],"collection":[{"href":"https:\/\/holdvolgy.com\/en\/wp-json\/wp\/v2\/product"}],"about":[{"href":"https:\/\/holdvolgy.com\/en\/wp-json\/wp\/v2\/types\/product"}],"replies":[{"embeddable":true,"href":"https:\/\/holdvolgy.com\/en\/wp-json\/wp\/v2\/comments?post=3711"}],"wp:featuredmedia":[{"embeddable":true,"href":"https:\/\/holdvolgy.com\/en\/wp-json\/wp\/v2\/media\/20119"}],"wp:attachment":[{"href":"https:\/\/holdvolgy.com\/en\/wp-json\/wp\/v2\/media?parent=3711"}],"wp:term":[{"taxonomy":"product_brand","embeddable":true,"href":"https:\/\/holdvolgy.com\/en\/wp-json\/wp\/v2\/product_brand?post=3711"},{"taxonomy":"product_cat","embeddable":true,"href":"https:\/\/holdvolgy.com\/en\/wp-json\/wp\/v2\/product_cat?post=3711"},{"taxonomy":"product_tag","embeddable":true,"href":"https:\/\/holdvolgy.com\/en\/wp-json\/wp\/v2\/product_tag?post=3711"}],"curies":[{"name":"wp","href":"https:\/\/api.w.org\/{rel}","templated":true}]}}