{"id":3726,"date":"2023-07-30T14:30:00","date_gmt":"2023-07-30T12:30:00","guid":{"rendered":"https:\/\/holdvolgy.com\/?post_type=product&#038;p=3726"},"modified":"2025-11-19T13:56:46","modified_gmt":"2025-11-19T12:56:46","slug":"tokaji-aszu-utkereses-2007","status":"publish","type":"product","link":"https:\/\/holdvolgy.com\/en\/wine\/tokaji-aszu-utkereses-2007","title":{"rendered":"ASZ\u00da ENDEAVOUR 2007"},"content":{"rendered":"","protected":false},"excerpt":{"rendered":"","protected":false},"featured_media":3729,"comment_status":"open","ping_status":"closed","template":"","meta":{"_acf_changed":false,"_seopress_robots_primary_cat":"none","_seopress_titles_title":"Asz\u00fa \u00fatkeres\u00e9s 2007 | Holdv\u00f6lgy","_seopress_titles_desc":"Asz\u00fa \u00fatkeres\u00e9s 2007 \u00e9des borunk 36 h\u00f3napig volt kiz\u00e1r\u00f3lag magyar hord\u00f3ban \u00e9s 156 h\u00f3napot palackban. Ebben t\u00e9r el megszokott asz\u00fa t\u00e9teleinkt\u0151l.","_seopress_robots_index":"","iawp_total_views":629},"product_brand":[],"product_cat":[15,30,46],"product_tag":[69],"class_list":{"0":"post-3726","1":"product","2":"type-product","3":"status-publish","4":"has-post-thumbnail","6":"product_cat-uncategorized","7":"product_cat-aszu-evjaratok","8":"product_cat-bor","9":"product_tag-aszu-utkereses-2007","10":"tm-no-options","12":"first","13":"instock","14":"taxable","15":"shipping-taxable","16":"purchasable","17":"product-type-simple"},"acf":[],"_links":{"self":[{"href":"https:\/\/holdvolgy.com\/en\/wp-json\/wp\/v2\/product\/3726","targetHints":{"allow":["GET"]}}],"collection":[{"href":"https:\/\/holdvolgy.com\/en\/wp-json\/wp\/v2\/product"}],"about":[{"href":"https:\/\/holdvolgy.com\/en\/wp-json\/wp\/v2\/types\/product"}],"replies":[{"embeddable":true,"href":"https:\/\/holdvolgy.com\/en\/wp-json\/wp\/v2\/comments?post=3726"}],"wp:featuredmedia":[{"embeddable":true,"href":"https:\/\/holdvolgy.com\/en\/wp-json\/wp\/v2\/media\/3729"}],"wp:attachment":[{"href":"https:\/\/holdvolgy.com\/en\/wp-json\/wp\/v2\/media?parent=3726"}],"wp:term":[{"taxonomy":"product_brand","embeddable":true,"href":"https:\/\/holdvolgy.com\/en\/wp-json\/wp\/v2\/product_brand?post=3726"},{"taxonomy":"product_cat","embeddable":true,"href":"https:\/\/holdvolgy.com\/en\/wp-json\/wp\/v2\/product_cat?post=3726"},{"taxonomy":"product_tag","embeddable":true,"href":"https:\/\/holdvolgy.com\/en\/wp-json\/wp\/v2\/product_tag?post=3726"}],"curies":[{"name":"wp","href":"https:\/\/api.w.org\/{rel}","templated":true}]}}