{"id":3730,"date":"2024-03-21T14:30:30","date_gmt":"2024-03-21T13:30:30","guid":{"rendered":"https:\/\/holdvolgy.com\/?post_type=product&#038;p=3730"},"modified":"2025-11-06T16:34:29","modified_gmt":"2025-11-06T15:34:29","slug":"tokaji-aszu-2006","status":"publish","type":"product","link":"https:\/\/holdvolgy.com\/en\/wine\/tokaji-aszu-2006","title":{"rendered":"CULTURE 2006"},"content":{"rendered":"","protected":false},"excerpt":{"rendered":"","protected":false},"featured_media":20500,"comment_status":"open","ping_status":"closed","template":"","meta":{"_acf_changed":false,"_seopress_robots_primary_cat":"none","_seopress_titles_title":"Culture 2006 | 6 puttonyos tokaji asz\u00fa | Holdv\u00f6lgy","_seopress_titles_desc":"Culture tokaji asz\u00fank els\u0151, nagy becsben \u00f6rz\u0151tt \u00e9vj\u00e1rata. Els\u0151 kimagasl\u00f3 sz\u00fcret\u00fcnk \u00e9kk\u00f6ve. Puha \u00e9s kr\u00e9mes strukt\u00fara, lend\u00fcletes savak, feszes korty.","_seopress_robots_index":"","iawp_total_views":273},"product_brand":[],"product_cat":[30,115],"product_tag":[70],"class_list":{"0":"post-3730","1":"product","2":"type-product","3":"status-publish","4":"has-post-thumbnail","6":"product_cat-aszu-evjaratok","7":"product_cat-culture-elerheto-evjaratok","8":"product_tag-culture-2006","9":"tm-no-options","11":"first","12":"instock","13":"taxable","14":"shipping-taxable","15":"purchasable","16":"product-type-simple"},"acf":[],"_links":{"self":[{"href":"https:\/\/holdvolgy.com\/en\/wp-json\/wp\/v2\/product\/3730","targetHints":{"allow":["GET"]}}],"collection":[{"href":"https:\/\/holdvolgy.com\/en\/wp-json\/wp\/v2\/product"}],"about":[{"href":"https:\/\/holdvolgy.com\/en\/wp-json\/wp\/v2\/types\/product"}],"replies":[{"embeddable":true,"href":"https:\/\/holdvolgy.com\/en\/wp-json\/wp\/v2\/comments?post=3730"}],"wp:featuredmedia":[{"embeddable":true,"href":"https:\/\/holdvolgy.com\/en\/wp-json\/wp\/v2\/media\/20500"}],"wp:attachment":[{"href":"https:\/\/holdvolgy.com\/en\/wp-json\/wp\/v2\/media?parent=3730"}],"wp:term":[{"taxonomy":"product_brand","embeddable":true,"href":"https:\/\/holdvolgy.com\/en\/wp-json\/wp\/v2\/product_brand?post=3730"},{"taxonomy":"product_cat","embeddable":true,"href":"https:\/\/holdvolgy.com\/en\/wp-json\/wp\/v2\/product_cat?post=3730"},{"taxonomy":"product_tag","embeddable":true,"href":"https:\/\/holdvolgy.com\/en\/wp-json\/wp\/v2\/product_tag?post=3730"}],"curies":[{"name":"wp","href":"https:\/\/api.w.org\/{rel}","templated":true}]}}