{"id":3735,"date":"2024-03-22T14:30:52","date_gmt":"2024-03-22T13:30:52","guid":{"rendered":"https:\/\/holdvolgy.com\/?post_type=product&#038;p=3735"},"modified":"2025-11-24T15:25:45","modified_gmt":"2025-11-24T14:25:45","slug":"tokaji-aszu-2008","status":"publish","type":"product","link":"https:\/\/holdvolgy.com\/en\/wine\/tokaji-aszu-2008","title":{"rendered":"CULTURE 2008"},"content":{"rendered":"","protected":false},"excerpt":{"rendered":"","protected":false},"featured_media":20659,"comment_status":"open","ping_status":"closed","template":"","meta":{"_acf_changed":false,"_seopress_robots_primary_cat":"none","_seopress_titles_title":"Culture 2008 | 6 puttonyos tokaji asz\u00fa | Holdv\u00f6lgy","_seopress_titles_desc":"Culture 6 puttonyos tokaji asz\u00fa borunk harmadik \u00e9vj\u00e1rata. 2008-as \u00e9vj\u00e1ratunk nagy \u00edg\u00e9ret, egy kimondottan asz\u00fas \u00e9vj\u00e1ratb\u00f3l.","_seopress_robots_index":"","iawp_total_views":355},"product_brand":[],"product_cat":[30,115],"product_tag":[72,114],"class_list":{"0":"post-3735","1":"product","2":"type-product","3":"status-publish","4":"has-post-thumbnail","6":"product_cat-aszu-evjaratok","7":"product_cat-culture-elerheto-evjaratok","8":"product_tag-culture-2008","9":"product_tag-culture-osszes","10":"tm-no-options","12":"first","13":"instock","14":"taxable","15":"shipping-taxable","16":"purchasable","17":"product-type-simple"},"acf":[],"_links":{"self":[{"href":"https:\/\/holdvolgy.com\/en\/wp-json\/wp\/v2\/product\/3735","targetHints":{"allow":["GET"]}}],"collection":[{"href":"https:\/\/holdvolgy.com\/en\/wp-json\/wp\/v2\/product"}],"about":[{"href":"https:\/\/holdvolgy.com\/en\/wp-json\/wp\/v2\/types\/product"}],"replies":[{"embeddable":true,"href":"https:\/\/holdvolgy.com\/en\/wp-json\/wp\/v2\/comments?post=3735"}],"wp:featuredmedia":[{"embeddable":true,"href":"https:\/\/holdvolgy.com\/en\/wp-json\/wp\/v2\/media\/20659"}],"wp:attachment":[{"href":"https:\/\/holdvolgy.com\/en\/wp-json\/wp\/v2\/media?parent=3735"}],"wp:term":[{"taxonomy":"product_brand","embeddable":true,"href":"https:\/\/holdvolgy.com\/en\/wp-json\/wp\/v2\/product_brand?post=3735"},{"taxonomy":"product_cat","embeddable":true,"href":"https:\/\/holdvolgy.com\/en\/wp-json\/wp\/v2\/product_cat?post=3735"},{"taxonomy":"product_tag","embeddable":true,"href":"https:\/\/holdvolgy.com\/en\/wp-json\/wp\/v2\/product_tag?post=3735"}],"curies":[{"name":"wp","href":"https:\/\/api.w.org\/{rel}","templated":true}]}}