{"id":3738,"date":"2024-03-23T14:30:22","date_gmt":"2024-03-23T13:30:22","guid":{"rendered":"https:\/\/holdvolgy.com\/?post_type=product&#038;p=3738"},"modified":"2025-11-06T11:27:25","modified_gmt":"2025-11-06T10:27:25","slug":"tokaji-aszu-2009","status":"publish","type":"product","link":"https:\/\/holdvolgy.com\/en\/wine\/tokaji-aszu-2009","title":{"rendered":"CULTURE 2009"},"content":{"rendered":"","protected":false},"excerpt":{"rendered":"","protected":false},"featured_media":20502,"comment_status":"open","ping_status":"closed","template":"","meta":{"_acf_changed":false,"_seopress_robots_primary_cat":"none","_seopress_titles_title":"Culture 2009 | 6 puttonyos tokaji asz\u00fa | Holdv\u00f6lgy","_seopress_titles_desc":"Culture 2009 tokaji asz\u00fa. L\u00e9giesen k\u00f6nnyed, kiv\u00e1l\u00f3 ar\u00e1nyokkal finom savakkal. Sz\u00e9p egyens\u00falyt mutat\u00f3, eleg\u00e1ns, d\u00edjnyertes asz\u00fa.","_seopress_robots_index":"","iawp_total_views":202},"product_brand":[],"product_cat":[30,115],"product_tag":[73,114],"class_list":{"0":"post-3738","1":"product","2":"type-product","3":"status-publish","4":"has-post-thumbnail","6":"product_cat-aszu-evjaratok","7":"product_cat-culture-elerheto-evjaratok","8":"product_tag-culture-2009","9":"product_tag-culture-osszes","10":"tm-no-options","12":"first","13":"instock","14":"taxable","15":"shipping-taxable","16":"purchasable","17":"product-type-simple"},"acf":[],"_links":{"self":[{"href":"https:\/\/holdvolgy.com\/en\/wp-json\/wp\/v2\/product\/3738","targetHints":{"allow":["GET"]}}],"collection":[{"href":"https:\/\/holdvolgy.com\/en\/wp-json\/wp\/v2\/product"}],"about":[{"href":"https:\/\/holdvolgy.com\/en\/wp-json\/wp\/v2\/types\/product"}],"replies":[{"embeddable":true,"href":"https:\/\/holdvolgy.com\/en\/wp-json\/wp\/v2\/comments?post=3738"}],"wp:featuredmedia":[{"embeddable":true,"href":"https:\/\/holdvolgy.com\/en\/wp-json\/wp\/v2\/media\/20502"}],"wp:attachment":[{"href":"https:\/\/holdvolgy.com\/en\/wp-json\/wp\/v2\/media?parent=3738"}],"wp:term":[{"taxonomy":"product_brand","embeddable":true,"href":"https:\/\/holdvolgy.com\/en\/wp-json\/wp\/v2\/product_brand?post=3738"},{"taxonomy":"product_cat","embeddable":true,"href":"https:\/\/holdvolgy.com\/en\/wp-json\/wp\/v2\/product_cat?post=3738"},{"taxonomy":"product_tag","embeddable":true,"href":"https:\/\/holdvolgy.com\/en\/wp-json\/wp\/v2\/product_tag?post=3738"}],"curies":[{"name":"wp","href":"https:\/\/api.w.org\/{rel}","templated":true}]}}