{"id":3740,"date":"2024-03-24T14:30:17","date_gmt":"2024-03-24T13:30:17","guid":{"rendered":"https:\/\/holdvolgy.com\/?post_type=product&#038;p=3740"},"modified":"2025-11-24T15:35:45","modified_gmt":"2025-11-24T14:35:45","slug":"tokaji-aszu-2010","status":"publish","type":"product","link":"https:\/\/holdvolgy.com\/en\/wine\/tokaji-aszu-2010","title":{"rendered":"CULTURE 2010"},"content":{"rendered":"","protected":false},"excerpt":{"rendered":"","protected":false},"featured_media":20671,"comment_status":"open","ping_status":"closed","template":"","meta":{"_acf_changed":false,"_seopress_robots_primary_cat":"none","_seopress_titles_title":"Culture 2010 | 6 puttonyos tokaji asz\u00fa | Holdv\u00f6lgy","_seopress_titles_desc":"Culture 2010 tokaji asz\u00fa bor. Filigr\u00e1n, eleg\u00e1ns \u00e9s prec\u00edz: egy igazi d\u00edjnyertes egy\u00e9nis\u00e9g M\u00e1dr\u00f3l, a Tokaji borvid\u00e9k sz\u00edv\u00e9b\u0151l.","_seopress_robots_index":"","iawp_total_views":340},"product_brand":[],"product_cat":[15,30,115],"product_tag":[50,114],"class_list":{"0":"post-3740","1":"product","2":"type-product","3":"status-publish","4":"has-post-thumbnail","6":"product_cat-uncategorized","7":"product_cat-aszu-evjaratok","8":"product_cat-culture-elerheto-evjaratok","9":"product_tag-culture-2010","10":"product_tag-culture-osszes","11":"tm-no-options","13":"first","14":"instock","15":"taxable","16":"shipping-taxable","17":"purchasable","18":"product-type-simple"},"acf":[],"_links":{"self":[{"href":"https:\/\/holdvolgy.com\/en\/wp-json\/wp\/v2\/product\/3740","targetHints":{"allow":["GET"]}}],"collection":[{"href":"https:\/\/holdvolgy.com\/en\/wp-json\/wp\/v2\/product"}],"about":[{"href":"https:\/\/holdvolgy.com\/en\/wp-json\/wp\/v2\/types\/product"}],"replies":[{"embeddable":true,"href":"https:\/\/holdvolgy.com\/en\/wp-json\/wp\/v2\/comments?post=3740"}],"wp:featuredmedia":[{"embeddable":true,"href":"https:\/\/holdvolgy.com\/en\/wp-json\/wp\/v2\/media\/20671"}],"wp:attachment":[{"href":"https:\/\/holdvolgy.com\/en\/wp-json\/wp\/v2\/media?parent=3740"}],"wp:term":[{"taxonomy":"product_brand","embeddable":true,"href":"https:\/\/holdvolgy.com\/en\/wp-json\/wp\/v2\/product_brand?post=3740"},{"taxonomy":"product_cat","embeddable":true,"href":"https:\/\/holdvolgy.com\/en\/wp-json\/wp\/v2\/product_cat?post=3740"},{"taxonomy":"product_tag","embeddable":true,"href":"https:\/\/holdvolgy.com\/en\/wp-json\/wp\/v2\/product_tag?post=3740"}],"curies":[{"name":"wp","href":"https:\/\/api.w.org\/{rel}","templated":true}]}}