{"id":3746,"date":"2024-03-27T14:30:49","date_gmt":"2024-03-27T13:30:49","guid":{"rendered":"https:\/\/holdvolgy.com\/?post_type=product&#038;p=3746"},"modified":"2025-11-24T16:48:07","modified_gmt":"2025-11-24T15:48:07","slug":"tokaji-aszu-2013","status":"publish","type":"product","link":"https:\/\/holdvolgy.com\/en\/wine\/tokaji-aszu-2013","title":{"rendered":"CULTURE 2013"},"content":{"rendered":"","protected":false},"excerpt":{"rendered":"","protected":false},"featured_media":20699,"comment_status":"open","ping_status":"closed","template":"","meta":{"_acf_changed":false,"_seopress_robots_primary_cat":"none","_seopress_titles_title":"Culture 2013 | D\u00edjnyertes 6 puttonyos tokaji asz\u00fa | Holdv\u00f6lgy","_seopress_titles_desc":"Culture 2013 tokaji asz\u00fa. Illata olajosan l\u00e1gy \u0151szibarackkal, l\u00e9d\u00fas anan\u00e1sszal \u00e9s selymes ak\u00e1cm\u00e9zzel. \u00cdz\u00e9ben \u00e9rett ban\u00e1n, k\u00f3kusz, \u00fcde anan\u00e1sz fogad.","_seopress_robots_index":"","iawp_total_views":283},"product_brand":[],"product_cat":[15,30,115],"product_tag":[76,114],"class_list":{"0":"post-3746","1":"product","2":"type-product","3":"status-publish","4":"has-post-thumbnail","6":"product_cat-uncategorized","7":"product_cat-aszu-evjaratok","8":"product_cat-culture-elerheto-evjaratok","9":"product_tag-culture-2013","10":"product_tag-culture-osszes","11":"tm-no-options","13":"first","14":"instock","15":"taxable","16":"shipping-taxable","17":"purchasable","18":"product-type-simple"},"acf":[],"_links":{"self":[{"href":"https:\/\/holdvolgy.com\/en\/wp-json\/wp\/v2\/product\/3746","targetHints":{"allow":["GET"]}}],"collection":[{"href":"https:\/\/holdvolgy.com\/en\/wp-json\/wp\/v2\/product"}],"about":[{"href":"https:\/\/holdvolgy.com\/en\/wp-json\/wp\/v2\/types\/product"}],"replies":[{"embeddable":true,"href":"https:\/\/holdvolgy.com\/en\/wp-json\/wp\/v2\/comments?post=3746"}],"wp:featuredmedia":[{"embeddable":true,"href":"https:\/\/holdvolgy.com\/en\/wp-json\/wp\/v2\/media\/20699"}],"wp:attachment":[{"href":"https:\/\/holdvolgy.com\/en\/wp-json\/wp\/v2\/media?parent=3746"}],"wp:term":[{"taxonomy":"product_brand","embeddable":true,"href":"https:\/\/holdvolgy.com\/en\/wp-json\/wp\/v2\/product_brand?post=3746"},{"taxonomy":"product_cat","embeddable":true,"href":"https:\/\/holdvolgy.com\/en\/wp-json\/wp\/v2\/product_cat?post=3746"},{"taxonomy":"product_tag","embeddable":true,"href":"https:\/\/holdvolgy.com\/en\/wp-json\/wp\/v2\/product_tag?post=3746"}],"curies":[{"name":"wp","href":"https:\/\/api.w.org\/{rel}","templated":true}]}}