{"id":3751,"date":"2024-03-29T14:30:18","date_gmt":"2024-03-29T13:30:18","guid":{"rendered":"https:\/\/holdvolgy.com\/?post_type=product&#038;p=3751"},"modified":"2025-09-15T06:57:13","modified_gmt":"2025-09-15T04:57:13","slug":"tokaji-aszu-2015","status":"publish","type":"product","link":"https:\/\/holdvolgy.com\/en\/wine\/tokaji-aszu-2015","title":{"rendered":"CULTURE 2015"},"content":{"rendered":"","protected":false},"excerpt":{"rendered":"","protected":false},"featured_media":11382,"comment_status":"open","ping_status":"closed","template":"","meta":{"_acf_changed":false,"_seopress_robots_primary_cat":"none","_seopress_titles_title":"Culture 2015 | 6 puttonyos tokaji asz\u00fa | Holdv\u00f6lgy","_seopress_titles_desc":"Culture 2015 6 puttonyos tokaji asz\u00fa. Intenz\u00edv \u00e9s vibr\u00e1l\u00f3, hossz\u00fa lecseng\u00e9s\u0171, egyedi st\u00edlussal \u00e9s t\u00f3nusokkal jelentkez\u0151, p\u00e1ratlan asz\u00fabor.","_seopress_robots_index":"","iawp_total_views":199},"product_brand":[],"product_cat":[30,115],"product_tag":[78,114],"class_list":{"0":"post-3751","1":"product","2":"type-product","3":"status-publish","4":"has-post-thumbnail","6":"product_cat-aszu-evjaratok","7":"product_cat-culture-elerheto-evjaratok","8":"product_tag-culture-2015","9":"product_tag-culture-osszes","10":"tm-no-options","12":"first","13":"instock","14":"taxable","15":"shipping-taxable","16":"purchasable","17":"product-type-simple"},"acf":[],"_links":{"self":[{"href":"https:\/\/holdvolgy.com\/en\/wp-json\/wp\/v2\/product\/3751","targetHints":{"allow":["GET"]}}],"collection":[{"href":"https:\/\/holdvolgy.com\/en\/wp-json\/wp\/v2\/product"}],"about":[{"href":"https:\/\/holdvolgy.com\/en\/wp-json\/wp\/v2\/types\/product"}],"replies":[{"embeddable":true,"href":"https:\/\/holdvolgy.com\/en\/wp-json\/wp\/v2\/comments?post=3751"}],"wp:featuredmedia":[{"embeddable":true,"href":"https:\/\/holdvolgy.com\/en\/wp-json\/wp\/v2\/media\/11382"}],"wp:attachment":[{"href":"https:\/\/holdvolgy.com\/en\/wp-json\/wp\/v2\/media?parent=3751"}],"wp:term":[{"taxonomy":"product_brand","embeddable":true,"href":"https:\/\/holdvolgy.com\/en\/wp-json\/wp\/v2\/product_brand?post=3751"},{"taxonomy":"product_cat","embeddable":true,"href":"https:\/\/holdvolgy.com\/en\/wp-json\/wp\/v2\/product_cat?post=3751"},{"taxonomy":"product_tag","embeddable":true,"href":"https:\/\/holdvolgy.com\/en\/wp-json\/wp\/v2\/product_tag?post=3751"}],"curies":[{"name":"wp","href":"https:\/\/api.w.org\/{rel}","templated":true}]}}