{"id":3753,"date":"2023-02-28T14:30:15","date_gmt":"2023-02-28T13:30:15","guid":{"rendered":"https:\/\/holdvolgy.com\/?post_type=product&#038;p=3753"},"modified":"2025-09-12T15:31:38","modified_gmt":"2025-09-12T13:31:38","slug":"diszdoboz-culture-aszu","status":"publish","type":"product","link":"https:\/\/holdvolgy.com\/en\/wine\/diszdoboz-culture-aszu","title":{"rendered":"CULTURE ASZ\u00da GIFT BOX"},"content":{"rendered":"","protected":false},"excerpt":{"rendered":"","protected":false},"featured_media":15381,"comment_status":"open","ping_status":"closed","template":"","meta":{"_acf_changed":false,"_seopress_robots_primary_cat":"none","_seopress_titles_title":"Tokaji asz\u00fa d\u00edszdoboz | Culture | Holdv\u00f6lgy","_seopress_titles_desc":"D\u00edszdoboz 1 palack Culture 6 puttonyos tokaji asz\u00fahoz. \u00d6n\u00e1ll\u00f3an \u00e9s borhoz is megv\u00e1s\u00e1rolhat\u00f3. Eleg\u00e1ns design. T\u00f6k\u00e9letes kieg\u00e9sz\u00edt\u0151.","_seopress_robots_index":"","iawp_total_views":91},"product_brand":[],"product_cat":[30,119],"product_tag":[79],"class_list":{"0":"post-3753","1":"product","2":"type-product","3":"status-publish","4":"has-post-thumbnail","6":"product_cat-aszu-evjaratok","7":"product_cat-dizsdoboz","8":"product_tag-diszdoboz-culture-aszu","9":"tm-no-options","11":"first","12":"instock","13":"taxable","14":"shipping-taxable","15":"purchasable","16":"product-type-simple"},"acf":[],"_links":{"self":[{"href":"https:\/\/holdvolgy.com\/en\/wp-json\/wp\/v2\/product\/3753","targetHints":{"allow":["GET"]}}],"collection":[{"href":"https:\/\/holdvolgy.com\/en\/wp-json\/wp\/v2\/product"}],"about":[{"href":"https:\/\/holdvolgy.com\/en\/wp-json\/wp\/v2\/types\/product"}],"replies":[{"embeddable":true,"href":"https:\/\/holdvolgy.com\/en\/wp-json\/wp\/v2\/comments?post=3753"}],"wp:featuredmedia":[{"embeddable":true,"href":"https:\/\/holdvolgy.com\/en\/wp-json\/wp\/v2\/media\/15381"}],"wp:attachment":[{"href":"https:\/\/holdvolgy.com\/en\/wp-json\/wp\/v2\/media?parent=3753"}],"wp:term":[{"taxonomy":"product_brand","embeddable":true,"href":"https:\/\/holdvolgy.com\/en\/wp-json\/wp\/v2\/product_brand?post=3753"},{"taxonomy":"product_cat","embeddable":true,"href":"https:\/\/holdvolgy.com\/en\/wp-json\/wp\/v2\/product_cat?post=3753"},{"taxonomy":"product_tag","embeddable":true,"href":"https:\/\/holdvolgy.com\/en\/wp-json\/wp\/v2\/product_tag?post=3753"}],"curies":[{"name":"wp","href":"https:\/\/api.w.org\/{rel}","templated":true}]}}