{"id":4041,"date":"2024-04-30T14:30:34","date_gmt":"2024-04-30T12:30:34","guid":{"rendered":"https:\/\/holdvolgy.com\/?post_type=product&#038;p=4041"},"modified":"2024-11-06T15:01:16","modified_gmt":"2024-11-06T14:01:16","slug":"tokaji-aszu-en-primeur","status":"publish","type":"product","link":"https:\/\/holdvolgy.com\/en\/wine\/tokaji-aszu-en-primeur","title":{"rendered":"PRECULTURE"},"content":{"rendered":"","protected":false},"excerpt":{"rendered":"","protected":false},"featured_media":14332,"comment_status":"open","ping_status":"closed","template":"","meta":{"_acf_changed":false,"_seopress_robots_primary_cat":"none","_seopress_titles_title":"Tokaji asz\u00fa el\u0151jegyz\u00e9s | Preculture | Id\u0151kapszula | Holdv\u00f6lgy","_seopress_titles_desc":"A Culture tokaji asz\u00fak \u00e1ltal\u00e1nosan 8 \u00e9vig \u00e9rlel\u0151dnek, de m\u00e1r a sz\u00fcret \u00e9v\u00e9ben lefoglalhat\u00f3k garancia mellett. Id\u0151kapszula az \u00e9let \u00fcnnepl\u00e9s\u00e9hez.","_seopress_robots_index":"","iawp_total_views":750},"product_brand":[],"product_cat":[46],"product_tag":[99],"class_list":{"0":"post-4041","1":"product","2":"type-product","3":"status-publish","4":"has-post-thumbnail","6":"product_cat-bor","7":"product_tag-preculture-main","8":"tm-no-options","10":"first","11":"instock","12":"taxable","13":"shipping-taxable","14":"purchasable","15":"product-type-simple"},"acf":[],"_links":{"self":[{"href":"https:\/\/holdvolgy.com\/en\/wp-json\/wp\/v2\/product\/4041","targetHints":{"allow":["GET"]}}],"collection":[{"href":"https:\/\/holdvolgy.com\/en\/wp-json\/wp\/v2\/product"}],"about":[{"href":"https:\/\/holdvolgy.com\/en\/wp-json\/wp\/v2\/types\/product"}],"replies":[{"embeddable":true,"href":"https:\/\/holdvolgy.com\/en\/wp-json\/wp\/v2\/comments?post=4041"}],"wp:featuredmedia":[{"embeddable":true,"href":"https:\/\/holdvolgy.com\/en\/wp-json\/wp\/v2\/media\/14332"}],"wp:attachment":[{"href":"https:\/\/holdvolgy.com\/en\/wp-json\/wp\/v2\/media?parent=4041"}],"wp:term":[{"taxonomy":"product_brand","embeddable":true,"href":"https:\/\/holdvolgy.com\/en\/wp-json\/wp\/v2\/product_brand?post=4041"},{"taxonomy":"product_cat","embeddable":true,"href":"https:\/\/holdvolgy.com\/en\/wp-json\/wp\/v2\/product_cat?post=4041"},{"taxonomy":"product_tag","embeddable":true,"href":"https:\/\/holdvolgy.com\/en\/wp-json\/wp\/v2\/product_tag?post=4041"}],"curies":[{"name":"wp","href":"https:\/\/api.w.org\/{rel}","templated":true}]}}