{"id":4090,"date":"2024-05-14T14:30:35","date_gmt":"2024-05-14T12:30:35","guid":{"rendered":"https:\/\/holdvolgy.com\/?post_type=product&#038;p=4090"},"modified":"2025-09-05T11:38:14","modified_gmt":"2025-09-05T09:38:14","slug":"tokaji-aszu-2022","status":"publish","type":"product","link":"https:\/\/holdvolgy.com\/en\/wine\/tokaji-aszu-2022","title":{"rendered":"PRECULTURE 2022"},"content":{"rendered":"","protected":false},"excerpt":{"rendered":"","protected":false},"featured_media":15479,"comment_status":"open","ping_status":"closed","template":"","meta":{"_acf_changed":false,"_seopress_robots_primary_cat":"none","_seopress_titles_title":"Preculture 2022 | 6 palack | Culture tokaji asz\u00fa el\u0151jegyz\u00e9s","_seopress_titles_desc":"Holdv\u00f6lgy Culture 6 puttonyos tokaji asz\u00fa el\u0151rendel\u00e9si lehet\u0151s\u00e9g 3 \u00e9s 6 palackos form\u00e1ban. K\u00e9zi sz\u00fcret, 8 \u00e9ves \u00e9rlel\u00e9s, limit\u00e1lt palacksz\u00e1m.","_seopress_robots_index":"","iawp_total_views":102},"product_brand":[],"product_cat":[100],"product_tag":[95,206],"class_list":{"0":"post-4090","1":"product","2":"type-product","3":"status-publish","4":"has-post-thumbnail","6":"product_cat-preculture","7":"product_tag-preculture-2022","8":"product_tag-preculture-2022-hatos","9":"tm-no-options","11":"first","12":"instock","13":"taxable","14":"shipping-taxable","15":"purchasable","16":"product-type-simple"},"acf":[],"_links":{"self":[{"href":"https:\/\/holdvolgy.com\/en\/wp-json\/wp\/v2\/product\/4090","targetHints":{"allow":["GET"]}}],"collection":[{"href":"https:\/\/holdvolgy.com\/en\/wp-json\/wp\/v2\/product"}],"about":[{"href":"https:\/\/holdvolgy.com\/en\/wp-json\/wp\/v2\/types\/product"}],"replies":[{"embeddable":true,"href":"https:\/\/holdvolgy.com\/en\/wp-json\/wp\/v2\/comments?post=4090"}],"wp:featuredmedia":[{"embeddable":true,"href":"https:\/\/holdvolgy.com\/en\/wp-json\/wp\/v2\/media\/15479"}],"wp:attachment":[{"href":"https:\/\/holdvolgy.com\/en\/wp-json\/wp\/v2\/media?parent=4090"}],"wp:term":[{"taxonomy":"product_brand","embeddable":true,"href":"https:\/\/holdvolgy.com\/en\/wp-json\/wp\/v2\/product_brand?post=4090"},{"taxonomy":"product_cat","embeddable":true,"href":"https:\/\/holdvolgy.com\/en\/wp-json\/wp\/v2\/product_cat?post=4090"},{"taxonomy":"product_tag","embeddable":true,"href":"https:\/\/holdvolgy.com\/en\/wp-json\/wp\/v2\/product_tag?post=4090"}],"curies":[{"name":"wp","href":"https:\/\/api.w.org\/{rel}","templated":true}]}}