{"id":4612,"date":"2024-05-30T14:30:11","date_gmt":"2024-05-30T12:30:11","guid":{"rendered":"https:\/\/holdvolgy.com\/?post_type=product&#038;p=4612"},"modified":"2025-11-03T17:27:25","modified_gmt":"2025-11-03T16:27:25","slug":"culture-aszu","status":"publish","type":"product","link":"https:\/\/holdvolgy.com\/en\/wine\/culture-aszu","title":{"rendered":"CULTURE"},"content":{"rendered":"","protected":false},"excerpt":{"rendered":"","protected":false},"featured_media":20497,"comment_status":"open","ping_status":"closed","template":"","meta":{"_acf_changed":false,"_seopress_robots_primary_cat":"none","_seopress_titles_title":"Culture tokaji asz\u00fa | 6 puttonyos | Holdv\u00f6lgy","_seopress_titles_desc":"Holdv\u00f6lgy Culture 6 puttonyos tokaji asz\u00fa. K\u00e9z sz\u00fcret. Limit\u00e1lt palacksz\u00e1m. \u00c1tlagosan 8 \u00e9v \u00e9rlel\u00e9s. Ak\u00e1r 50 \u00e9v \u00e9rlel\u00e9si potenci\u00e1l. Befektet\u00e9s.","_seopress_robots_index":"","iawp_total_views":2408},"product_brand":[],"product_cat":[46],"product_tag":[103],"class_list":{"0":"post-4612","1":"product","2":"type-product","3":"status-publish","4":"has-post-thumbnail","6":"product_cat-bor","7":"product_tag-culture-main","8":"tm-no-options","10":"first","11":"instock","12":"taxable","13":"shipping-taxable","14":"purchasable","15":"product-type-simple"},"acf":[],"_links":{"self":[{"href":"https:\/\/holdvolgy.com\/en\/wp-json\/wp\/v2\/product\/4612","targetHints":{"allow":["GET"]}}],"collection":[{"href":"https:\/\/holdvolgy.com\/en\/wp-json\/wp\/v2\/product"}],"about":[{"href":"https:\/\/holdvolgy.com\/en\/wp-json\/wp\/v2\/types\/product"}],"replies":[{"embeddable":true,"href":"https:\/\/holdvolgy.com\/en\/wp-json\/wp\/v2\/comments?post=4612"}],"wp:featuredmedia":[{"embeddable":true,"href":"https:\/\/holdvolgy.com\/en\/wp-json\/wp\/v2\/media\/20497"}],"wp:attachment":[{"href":"https:\/\/holdvolgy.com\/en\/wp-json\/wp\/v2\/media?parent=4612"}],"wp:term":[{"taxonomy":"product_brand","embeddable":true,"href":"https:\/\/holdvolgy.com\/en\/wp-json\/wp\/v2\/product_brand?post=4612"},{"taxonomy":"product_cat","embeddable":true,"href":"https:\/\/holdvolgy.com\/en\/wp-json\/wp\/v2\/product_cat?post=4612"},{"taxonomy":"product_tag","embeddable":true,"href":"https:\/\/holdvolgy.com\/en\/wp-json\/wp\/v2\/product_tag?post=4612"}],"curies":[{"name":"wp","href":"https:\/\/api.w.org\/{rel}","templated":true}]}}