{"id":5590,"date":"2023-11-30T14:25:13","date_gmt":"2023-11-30T13:25:13","guid":{"rendered":"https:\/\/holdvolgy.com\/?post_type=product&#038;p=5590"},"modified":"2025-11-19T13:34:28","modified_gmt":"2025-11-19T12:34:28","slug":"szaraz-valogatas-vision-2018-reserve","status":"publish","type":"product","link":"https:\/\/holdvolgy.com\/en\/wine\/szaraz-valogatas-vision-2018-reserve","title":{"rendered":"VISION 2018"},"content":{"rendered":"","protected":false},"excerpt":{"rendered":"","protected":false},"featured_media":20058,"comment_status":"open","ping_status":"closed","template":"","meta":{"_acf_changed":false,"_seopress_robots_primary_cat":"none","_seopress_titles_title":"Vision 2018 | Tokaji sz\u00e1raz britokbor | Reserve \u00e9vj\u00e1rat","_seopress_titles_desc":"Vision 2018. Birtokszelekci\u00f3nk hatodik, vibr\u00e1l\u00f3 reserve \u00e9vj\u00e1rata. Zamatos \u00e9s finoman \u00e1sv\u00e1nyos sz\u00e1raz bor, v\u00e9gtelen lecseng\u00e9ssel.","_seopress_robots_index":"","iawp_total_views":466},"product_brand":[],"product_cat":[46,106,212],"product_tag":[116],"class_list":{"0":"post-5590","1":"product","2":"type-product","3":"status-publish","4":"has-post-thumbnail","6":"product_cat-bor","7":"product_cat-szaraz","8":"product_cat-vision-gyujtooldal","9":"product_tag-vision-2018","10":"tm-no-options","12":"first","13":"instock","14":"taxable","15":"shipping-taxable","16":"purchasable","17":"product-type-simple"},"acf":[],"_links":{"self":[{"href":"https:\/\/holdvolgy.com\/en\/wp-json\/wp\/v2\/product\/5590","targetHints":{"allow":["GET"]}}],"collection":[{"href":"https:\/\/holdvolgy.com\/en\/wp-json\/wp\/v2\/product"}],"about":[{"href":"https:\/\/holdvolgy.com\/en\/wp-json\/wp\/v2\/types\/product"}],"replies":[{"embeddable":true,"href":"https:\/\/holdvolgy.com\/en\/wp-json\/wp\/v2\/comments?post=5590"}],"wp:featuredmedia":[{"embeddable":true,"href":"https:\/\/holdvolgy.com\/en\/wp-json\/wp\/v2\/media\/20058"}],"wp:attachment":[{"href":"https:\/\/holdvolgy.com\/en\/wp-json\/wp\/v2\/media?parent=5590"}],"wp:term":[{"taxonomy":"product_brand","embeddable":true,"href":"https:\/\/holdvolgy.com\/en\/wp-json\/wp\/v2\/product_brand?post=5590"},{"taxonomy":"product_cat","embeddable":true,"href":"https:\/\/holdvolgy.com\/en\/wp-json\/wp\/v2\/product_cat?post=5590"},{"taxonomy":"product_tag","embeddable":true,"href":"https:\/\/holdvolgy.com\/en\/wp-json\/wp\/v2\/product_tag?post=5590"}],"curies":[{"name":"wp","href":"https:\/\/api.w.org\/{rel}","templated":true}]}}