{"id":6284,"date":"2023-11-30T14:35:52","date_gmt":"2023-11-30T13:35:52","guid":{"rendered":"https:\/\/holdvolgy.com\/?post_type=product&#038;p=6284"},"modified":"2025-11-19T13:32:30","modified_gmt":"2025-11-19T12:32:30","slug":"szaraz-valogatas-vision-2018-magnum","status":"publish","type":"product","link":"https:\/\/holdvolgy.com\/en\/wine\/szaraz-valogatas-vision-2018-magnum","title":{"rendered":"VISION 2018 MAGNUM"},"content":{"rendered":"","protected":false},"excerpt":{"rendered":"","protected":false},"featured_media":20058,"comment_status":"open","ping_status":"closed","template":"","meta":{"_acf_changed":false,"_seopress_robots_primary_cat":"none","_seopress_titles_title":"Vision 2018 Magnum | Holdv\u00f6lgy tokaji sz\u00e1raz britokszelekci\u00f3","_seopress_titles_desc":"Vision tokaji birtokszelekci\u00f3, furmint hangs\u00fallyal. Sz\u00e1raz tokaji reserve bor. A Vision magnum palackok sz\u00e1mmal ell\u00e1tott, limit\u00e1lt t\u00e9telek.","_seopress_robots_index":"","iawp_total_views":356},"product_brand":[],"product_cat":[46,106,212],"product_tag":[120],"class_list":{"0":"post-6284","1":"product","2":"type-product","3":"status-publish","4":"has-post-thumbnail","6":"product_cat-bor","7":"product_cat-szaraz","8":"product_cat-vision-gyujtooldal","9":"product_tag-vision-2018-magnum","10":"tm-no-options","12":"first","13":"instock","14":"taxable","15":"shipping-taxable","16":"purchasable","17":"product-type-simple"},"acf":[],"_links":{"self":[{"href":"https:\/\/holdvolgy.com\/en\/wp-json\/wp\/v2\/product\/6284","targetHints":{"allow":["GET"]}}],"collection":[{"href":"https:\/\/holdvolgy.com\/en\/wp-json\/wp\/v2\/product"}],"about":[{"href":"https:\/\/holdvolgy.com\/en\/wp-json\/wp\/v2\/types\/product"}],"replies":[{"embeddable":true,"href":"https:\/\/holdvolgy.com\/en\/wp-json\/wp\/v2\/comments?post=6284"}],"wp:featuredmedia":[{"embeddable":true,"href":"https:\/\/holdvolgy.com\/en\/wp-json\/wp\/v2\/media\/20058"}],"wp:attachment":[{"href":"https:\/\/holdvolgy.com\/en\/wp-json\/wp\/v2\/media?parent=6284"}],"wp:term":[{"taxonomy":"product_brand","embeddable":true,"href":"https:\/\/holdvolgy.com\/en\/wp-json\/wp\/v2\/product_brand?post=6284"},{"taxonomy":"product_cat","embeddable":true,"href":"https:\/\/holdvolgy.com\/en\/wp-json\/wp\/v2\/product_cat?post=6284"},{"taxonomy":"product_tag","embeddable":true,"href":"https:\/\/holdvolgy.com\/en\/wp-json\/wp\/v2\/product_tag?post=6284"}],"curies":[{"name":"wp","href":"https:\/\/api.w.org\/{rel}","templated":true}]}}