{"id":7438,"date":"2024-03-29T15:00:23","date_gmt":"2024-03-29T14:00:23","guid":{"rendered":"https:\/\/holdvolgy.com\/?post_type=product&#038;p=7438"},"modified":"2025-11-06T16:35:45","modified_gmt":"2025-11-06T15:35:45","slug":"tokaji-aszu-2016","status":"publish","type":"product","link":"https:\/\/holdvolgy.com\/en\/wine\/tokaji-aszu-2016","title":{"rendered":"CULTURE 2016"},"content":{"rendered":"","protected":false},"excerpt":{"rendered":"","protected":false},"featured_media":20109,"comment_status":"open","ping_status":"closed","template":"","meta":{"_acf_changed":false,"_seopress_robots_primary_cat":"none","_seopress_titles_title":"Culture 2016 | 6 puttonyos tokaji asz\u00fa | Holdv\u00f6lgy","_seopress_titles_desc":"A CULTURE 6 puttonyos tokaji asz\u00fa mag\u00e1ban hordozza Tokaj gazdag t\u00f6rt\u00e9nelmi \u00e9s kultur\u00e1lis \u00f6r\u00f6ks\u00e9g\u00e9t, \u00e9s a sz\u00fcret \u00e9v\u00e9nek eml\u00e9keit.","_seopress_robots_index":"","iawp_total_views":676},"product_brand":[],"product_cat":[30,115],"product_tag":[123,114],"class_list":{"0":"post-7438","1":"product","2":"type-product","3":"status-publish","4":"has-post-thumbnail","6":"product_cat-aszu-evjaratok","7":"product_cat-culture-elerheto-evjaratok","8":"product_tag-culture-2016","9":"product_tag-culture-osszes","10":"tm-no-options","12":"first","13":"instock","14":"taxable","15":"shipping-taxable","16":"purchasable","17":"product-type-simple"},"acf":[],"_links":{"self":[{"href":"https:\/\/holdvolgy.com\/en\/wp-json\/wp\/v2\/product\/7438","targetHints":{"allow":["GET"]}}],"collection":[{"href":"https:\/\/holdvolgy.com\/en\/wp-json\/wp\/v2\/product"}],"about":[{"href":"https:\/\/holdvolgy.com\/en\/wp-json\/wp\/v2\/types\/product"}],"replies":[{"embeddable":true,"href":"https:\/\/holdvolgy.com\/en\/wp-json\/wp\/v2\/comments?post=7438"}],"wp:featuredmedia":[{"embeddable":true,"href":"https:\/\/holdvolgy.com\/en\/wp-json\/wp\/v2\/media\/20109"}],"wp:attachment":[{"href":"https:\/\/holdvolgy.com\/en\/wp-json\/wp\/v2\/media?parent=7438"}],"wp:term":[{"taxonomy":"product_brand","embeddable":true,"href":"https:\/\/holdvolgy.com\/en\/wp-json\/wp\/v2\/product_brand?post=7438"},{"taxonomy":"product_cat","embeddable":true,"href":"https:\/\/holdvolgy.com\/en\/wp-json\/wp\/v2\/product_cat?post=7438"},{"taxonomy":"product_tag","embeddable":true,"href":"https:\/\/holdvolgy.com\/en\/wp-json\/wp\/v2\/product_tag?post=7438"}],"curies":[{"name":"wp","href":"https:\/\/api.w.org\/{rel}","templated":true}]}}