{"id":7664,"date":"2024-03-29T15:30:10","date_gmt":"2024-03-29T14:30:10","guid":{"rendered":"https:\/\/holdvolgy.com\/?post_type=product&#038;p=7664"},"modified":"2025-11-07T10:46:52","modified_gmt":"2025-11-07T09:46:52","slug":"tokaji-aszu-2017-culture","status":"publish","type":"product","link":"https:\/\/holdvolgy.com\/en\/wine\/tokaji-aszu-2017-culture","title":{"rendered":"CULTURE 2017"},"content":{"rendered":"","protected":false},"excerpt":{"rendered":"","protected":false},"featured_media":20140,"comment_status":"open","ping_status":"closed","template":"","meta":{"_acf_changed":false,"_seopress_robots_primary_cat":"none","_seopress_titles_title":"Culture 2017 | 6 puttonyos tokaji asz\u00fa | Holdv\u00f6lgy","_seopress_titles_desc":"A Culture 6 puttonyos tokaji k\u00fcl\u00f6nleges \u00e9lm\u00e9nyeket hordoz mag\u00e1ban. Ak\u00e1r t\u00f6bb mint 50 \u00e9vig is hordozza mag\u00e1ban a sz\u00fcret \u00e9v\u00e9nek nagy pillanatait.","_seopress_robots_index":"","iawp_total_views":428},"product_brand":[],"product_cat":[30,115,15],"product_tag":[124,114],"class_list":{"0":"post-7664","1":"product","2":"type-product","3":"status-publish","4":"has-post-thumbnail","6":"product_cat-aszu-evjaratok","7":"product_cat-culture-elerheto-evjaratok","8":"product_cat-uncategorized","9":"product_tag-culture-2017","10":"product_tag-culture-osszes","11":"tm-no-options","13":"first","14":"instock","15":"taxable","16":"shipping-taxable","17":"purchasable","18":"product-type-simple"},"acf":[],"_links":{"self":[{"href":"https:\/\/holdvolgy.com\/en\/wp-json\/wp\/v2\/product\/7664","targetHints":{"allow":["GET"]}}],"collection":[{"href":"https:\/\/holdvolgy.com\/en\/wp-json\/wp\/v2\/product"}],"about":[{"href":"https:\/\/holdvolgy.com\/en\/wp-json\/wp\/v2\/types\/product"}],"replies":[{"embeddable":true,"href":"https:\/\/holdvolgy.com\/en\/wp-json\/wp\/v2\/comments?post=7664"}],"wp:featuredmedia":[{"embeddable":true,"href":"https:\/\/holdvolgy.com\/en\/wp-json\/wp\/v2\/media\/20140"}],"wp:attachment":[{"href":"https:\/\/holdvolgy.com\/en\/wp-json\/wp\/v2\/media?parent=7664"}],"wp:term":[{"taxonomy":"product_brand","embeddable":true,"href":"https:\/\/holdvolgy.com\/en\/wp-json\/wp\/v2\/product_brand?post=7664"},{"taxonomy":"product_cat","embeddable":true,"href":"https:\/\/holdvolgy.com\/en\/wp-json\/wp\/v2\/product_cat?post=7664"},{"taxonomy":"product_tag","embeddable":true,"href":"https:\/\/holdvolgy.com\/en\/wp-json\/wp\/v2\/product_tag?post=7664"}],"curies":[{"name":"wp","href":"https:\/\/api.w.org\/{rel}","templated":true}]}}